{"id":33805,"date":"2026-04-17T13:37:29","date_gmt":"2026-04-17T13:37:29","guid":{"rendered":"https:\/\/singuli.wpress.me\/index.php\/proizvod\/disney-plisana-igracka-timon-25-cm\/"},"modified":"2026-04-20T12:33:10","modified_gmt":"2026-04-20T12:33:10","slug":"disney-plisana-igracka-timon-25-cm","status":"publish","type":"product","link":"https:\/\/singuli.wpress.me\/index.php\/proizvod\/disney-plisana-igracka-timon-25-cm\/","title":{"rendered":"DISNEY, pli\u0161ana igra\u010dka, Timon, 25\u00a0cm"},"content":{"rendered":"<p>Timon, neodoljivi pustolov i duhoviti prijatelj iz Disneyjevog klasika Kralj lavova, sada je dostupan kao predivna pli\u0161ana igra\u010dka!<\/p>\n<p>Visok 25 cm, Timon je izra\u0111en od mekanih, visokokvalitetnih materijala, savr\u0161enih za igru, ma\u017eenje ili ukras u dje\u010djoj sobi. Njegov autenti\u010dan izgled i razigrani osmijeh donose radost i podsje\u0107aju na veselu filozofiju Hakuna Matata.<\/p>\n","protected":false},"excerpt":{"rendered":"<p>Super mekana igra\u010dka, s vjernim prikazom lika koji odu\u0161evljava detaljima<br \/>\nVeli\u010dina igra\u010dke 25cm<br \/>\nDob: 1+god<\/p>\n","protected":false},"featured_media":33806,"template":"","meta":{"_seopress_robots_primary_cat":"","_seopress_titles_title":"","_seopress_titles_desc":"","_seopress_robots_index":"","iawp_total_views":0},"product_brand":[522],"product_cat":[221,291],"product_tag":[],"class_list":{"0":"post-33805","1":"product","2":"type-product","3":"status-publish","4":"has-post-thumbnail","6":"product_brand-disney","7":"product_cat-igracke","8":"product_cat-igracke-za-djecu-221","10":"first","11":"instock","12":"shipping-taxable","13":"purchasable","14":"product-type-simple"},"_links":{"self":[{"href":"https:\/\/singuli.wpress.me\/index.php\/wp-json\/wp\/v2\/product\/33805","targetHints":{"allow":["GET"]}}],"collection":[{"href":"https:\/\/singuli.wpress.me\/index.php\/wp-json\/wp\/v2\/product"}],"about":[{"href":"https:\/\/singuli.wpress.me\/index.php\/wp-json\/wp\/v2\/types\/product"}],"version-history":[{"count":0,"href":"https:\/\/singuli.wpress.me\/index.php\/wp-json\/wp\/v2\/product\/33805\/revisions"}],"wp:featuredmedia":[{"embeddable":true,"href":"https:\/\/singuli.wpress.me\/index.php\/wp-json\/wp\/v2\/media\/33806"}],"wp:attachment":[{"href":"https:\/\/singuli.wpress.me\/index.php\/wp-json\/wp\/v2\/media?parent=33805"}],"wp:term":[{"taxonomy":"product_brand","embeddable":true,"href":"https:\/\/singuli.wpress.me\/index.php\/wp-json\/wp\/v2\/product_brand?post=33805"},{"taxonomy":"product_cat","embeddable":true,"href":"https:\/\/singuli.wpress.me\/index.php\/wp-json\/wp\/v2\/product_cat?post=33805"},{"taxonomy":"product_tag","embeddable":true,"href":"https:\/\/singuli.wpress.me\/index.php\/wp-json\/wp\/v2\/product_tag?post=33805"}],"curies":[{"name":"wp","href":"https:\/\/api.w.org\/{rel}","templated":true}]}}