{"id":33813,"date":"2026-04-17T13:37:31","date_gmt":"2026-04-17T13:37:31","guid":{"rendered":"https:\/\/singuli.wpress.me\/index.php\/proizvod\/ambi-pur-osvjezivac-zraka-u-spreju-vanilla-cookie-185-ml\/"},"modified":"2026-04-20T12:33:10","modified_gmt":"2026-04-20T12:33:10","slug":"ambi-pur-osvjezivac-zraka-u-spreju-vanilla-cookie-185-ml","status":"publish","type":"product","link":"https:\/\/singuli.wpress.me\/index.php\/proizvod\/ambi-pur-osvjezivac-zraka-u-spreju-vanilla-cookie-185-ml\/","title":{"rendered":"AMBI PUR, osvje\u017eiva\u010d zraka u spreju, Vanilla Cookie, 185\u00a0ml"},"content":{"rendered":"<p>Osvje\u017eiva\u010d zraka Ambi Pur s tehnologijom OdourClear uklanja neugodne mirise, ostavljaju\u0107i za sobom lagan, svje\u017e miris. Ugodan miris vanilije i drvenastih kremastih mirisa s notama bijelog cvije\u0107a i pudera. Ambi Pur Osvje\u017eiva\u010di prostora Ambi Pur u spreju nisu zapaljivi i sadr\u017ee prirodni potisni plin. To ih \u010dini savr\u0161eno prikladnima za svaku prostoriju u va\u0161em domu. Isprobajte cijelu liniju proizvoda Ambi Pur s jedinstvenom tehnologijom OdourClear, kao \u0161to su osvje\u017eiva\u010di tkanina i automobila Ambi Pur. Isprobajte i elektri\u010dni osvje\u017eiva\u010d 3Volution za neprekidno uklanjanje neugodnih mirisa i osvje\u017eavanje do 90 dana<\/p>\n","protected":false},"excerpt":{"rendered":"<p>Tehnologija Ambi Pur OdourClear ne samo da maskira neugodne mirise, ve\u0107 ih uistinu uklanja, ostavljaju\u0107i svje\u017e miris<br \/>\nOsvje\u017eiva\u010d zraka u spreju Ambi Pur, nezapaljiv, s prirodnim potisnim plinom, savr\u0161en za svaku prostoriju u ku\u0107i<br \/>\nAmbi Pur osvje\u017eiva\u010di zraka u spreju dostupni u \u0161irokoj paleti visokokvalitetnih mirisa<\/p>\n","protected":false},"featured_media":33814,"template":"","meta":{"_seopress_robots_primary_cat":"","_seopress_titles_title":"","_seopress_titles_desc":"","_seopress_robots_index":"","iawp_total_views":0},"product_brand":[447],"product_cat":[268,300],"product_tag":[],"class_list":{"0":"post-33813","1":"product","2":"type-product","3":"status-publish","4":"has-post-thumbnail","6":"product_brand-ambi-pur","7":"product_cat-kozmetika-2","8":"product_cat-njega-kose-268","10":"first","11":"outofstock","12":"shipping-taxable","13":"purchasable","14":"product-type-simple"},"_links":{"self":[{"href":"https:\/\/singuli.wpress.me\/index.php\/wp-json\/wp\/v2\/product\/33813","targetHints":{"allow":["GET"]}}],"collection":[{"href":"https:\/\/singuli.wpress.me\/index.php\/wp-json\/wp\/v2\/product"}],"about":[{"href":"https:\/\/singuli.wpress.me\/index.php\/wp-json\/wp\/v2\/types\/product"}],"version-history":[{"count":0,"href":"https:\/\/singuli.wpress.me\/index.php\/wp-json\/wp\/v2\/product\/33813\/revisions"}],"wp:featuredmedia":[{"embeddable":true,"href":"https:\/\/singuli.wpress.me\/index.php\/wp-json\/wp\/v2\/media\/33814"}],"wp:attachment":[{"href":"https:\/\/singuli.wpress.me\/index.php\/wp-json\/wp\/v2\/media?parent=33813"}],"wp:term":[{"taxonomy":"product_brand","embeddable":true,"href":"https:\/\/singuli.wpress.me\/index.php\/wp-json\/wp\/v2\/product_brand?post=33813"},{"taxonomy":"product_cat","embeddable":true,"href":"https:\/\/singuli.wpress.me\/index.php\/wp-json\/wp\/v2\/product_cat?post=33813"},{"taxonomy":"product_tag","embeddable":true,"href":"https:\/\/singuli.wpress.me\/index.php\/wp-json\/wp\/v2\/product_tag?post=33813"}],"curies":[{"name":"wp","href":"https:\/\/api.w.org\/{rel}","templated":true}]}}