{"id":33815,"date":"2026-04-17T13:37:32","date_gmt":"2026-04-17T13:37:32","guid":{"rendered":"https:\/\/singuli.wpress.me\/index.php\/proizvod\/ambi-pur-3volution-elektricni-osvjezivac-zraka-pocetni-komplet-sugarplum-20-ml\/"},"modified":"2026-04-20T12:33:10","modified_gmt":"2026-04-20T12:33:10","slug":"ambi-pur-3volution-elektricni-osvjezivac-zraka-pocetni-komplet-sugarplum-20-ml","status":"publish","type":"product","link":"https:\/\/singuli.wpress.me\/index.php\/proizvod\/ambi-pur-3volution-elektricni-osvjezivac-zraka-pocetni-komplet-sugarplum-20-ml\/","title":{"rendered":"AMBI PUR 3VOLUTION, elektri\u010dni osvje\u017eiva\u010d zraka, po\u010detni komplet, Sugarplum, 20\u00a0ml"},"content":{"rendered":"<p>Ambi Pur 3Volution elektri\u010dni osvje\u017eiva\u010d s pametnim programiranjem Sugarplum neprekidno se bori protiv neugodnih mirisa i izmjenjuje 3 komplementarna mirisa za svje\u017einu koju \u0107ete stalno primje\u0107ivati. Traje do 90 dana (ako se upotrebljava 12 sati dnevno na minimalnoj postavci). Otkrijte ljepotu varijante Spiced Apple, sada s digitalnom kontrolom izmjene mirisa. Svje\u017e miris koji dopire jo\u0161 dalje kako bi cijelu prostoriju ispunio mirisom. Ugodan miris vanilije i drvenastih kremastih mirisa s notama bijelog cvije\u0107a i pudera. Opustite se i smirite dok ovaj \u010dist i nje\u017ean miris ispunjava zrak. Uz uobi\u010dajene elektri\u010dne osvje\u017eiva\u010de zraka jako se brzo naviknemo na mirise, \u0161to zna\u010di da ih s vremenom prestajemo primje\u0107ivati. Ambi Pur 3Volution rje\u0161avaju taj problem neprekidnim izmjenjivanjem 3 izuzetno kvalitetna i komplementarna mirisa svakih 45 minuta. Zamjenjive ulo\u0161ke Ambi Pur 3Volution upotrebljavajte s elektri\u010dnim difuzorom 3Volution i ispunite svoj dom svje\u017einom i mirisom koje \u0107ete primje\u0107ivati dan za danom, tjedan za tjednom. 3Volution tako\u0111er omogu\u0107uje pode\u0161avanje razine osloba\u0111anja mirisa i tako vam poma\u017ee da stvorite atmosferu kakvu \u017eelite, kad \u017eelite.<\/p>\n","protected":false},"excerpt":{"rendered":"<p>Neprekidno se bori protiv neugodnih mirisa i izmjenjuje 3 komplementarna mirisa za svje\u017einu koju \u0107ete primje\u0107ivati<br \/>\nTraje do 90 dana (ako se upotrebljava 12 sati dnevno na minimalnoj postavci)<br \/>\nPametno programiranje, digitalna kontrola izmjene mirisa sa svje\u017einom koja dopire jo\u0161 dalje<\/p>\n","protected":false},"featured_media":33816,"template":"","meta":{"_seopress_robots_primary_cat":"","_seopress_titles_title":"","_seopress_titles_desc":"","_seopress_robots_index":"","iawp_total_views":0},"product_brand":[743],"product_cat":[243,272],"product_tag":[],"class_list":{"0":"post-33815","1":"product","2":"type-product","3":"status-publish","4":"has-post-thumbnail","6":"product_brand-ambi-pur-3volution","7":"product_cat-automobili-i-motori","8":"product_cat-motorna-ulja-243","10":"first","11":"outofstock","12":"shipping-taxable","13":"purchasable","14":"product-type-simple"},"_links":{"self":[{"href":"https:\/\/singuli.wpress.me\/index.php\/wp-json\/wp\/v2\/product\/33815","targetHints":{"allow":["GET"]}}],"collection":[{"href":"https:\/\/singuli.wpress.me\/index.php\/wp-json\/wp\/v2\/product"}],"about":[{"href":"https:\/\/singuli.wpress.me\/index.php\/wp-json\/wp\/v2\/types\/product"}],"version-history":[{"count":0,"href":"https:\/\/singuli.wpress.me\/index.php\/wp-json\/wp\/v2\/product\/33815\/revisions"}],"wp:featuredmedia":[{"embeddable":true,"href":"https:\/\/singuli.wpress.me\/index.php\/wp-json\/wp\/v2\/media\/33816"}],"wp:attachment":[{"href":"https:\/\/singuli.wpress.me\/index.php\/wp-json\/wp\/v2\/media?parent=33815"}],"wp:term":[{"taxonomy":"product_brand","embeddable":true,"href":"https:\/\/singuli.wpress.me\/index.php\/wp-json\/wp\/v2\/product_brand?post=33815"},{"taxonomy":"product_cat","embeddable":true,"href":"https:\/\/singuli.wpress.me\/index.php\/wp-json\/wp\/v2\/product_cat?post=33815"},{"taxonomy":"product_tag","embeddable":true,"href":"https:\/\/singuli.wpress.me\/index.php\/wp-json\/wp\/v2\/product_tag?post=33815"}],"curies":[{"name":"wp","href":"https:\/\/api.w.org\/{rel}","templated":true}]}}