{"id":33817,"date":"2026-04-17T13:37:32","date_gmt":"2026-04-17T13:37:32","guid":{"rendered":"https:\/\/singuli.wpress.me\/index.php\/proizvod\/mlb-lutka-hero-switch-lady-bug\/"},"modified":"2026-04-21T00:26:39","modified_gmt":"2026-04-21T00:26:39","slug":"mlb-lutka-hero-switch-lady-bug","status":"publish","type":"product","link":"https:\/\/singuli.wpress.me\/index.php\/proizvod\/mlb-lutka-hero-switch-lady-bug\/","title":{"rendered":"MLB, lutka, Hero Switch Lady Bug"},"content":{"rendered":"<p>Dvije \u010dudesne junakinje u jednoj lutki &#8211;  pritiskom na gumb! U samo jednom potezu ova magi\u010dna lutka 2 u 1 krije dvije Lady Bug lutke &#8211; stilove mo\u017ee\u0161 mijenjati iznova i iznova. <\/p>\n","protected":false},"excerpt":{"rendered":"<p>Mogu\u0107nost promjene izgleda u nekoliko sekundi<br \/>\nStilove mo\u017ee\u0161 mijenjati iznova i iznova<br \/>\nDob: 5+god<\/p>\n","protected":false},"featured_media":33818,"template":"","meta":{"_seopress_robots_primary_cat":"","_seopress_titles_title":"","_seopress_titles_desc":"","_seopress_robots_index":"","iawp_total_views":0},"product_brand":[746],"product_cat":[221,291],"product_tag":[],"class_list":{"0":"post-33817","1":"product","2":"type-product","3":"status-publish","4":"has-post-thumbnail","6":"product_brand-mlb","7":"product_cat-igracke","8":"product_cat-igracke-za-djecu-221","10":"first","11":"outofstock","12":"shipping-taxable","13":"purchasable","14":"product-type-simple"},"_links":{"self":[{"href":"https:\/\/singuli.wpress.me\/index.php\/wp-json\/wp\/v2\/product\/33817","targetHints":{"allow":["GET"]}}],"collection":[{"href":"https:\/\/singuli.wpress.me\/index.php\/wp-json\/wp\/v2\/product"}],"about":[{"href":"https:\/\/singuli.wpress.me\/index.php\/wp-json\/wp\/v2\/types\/product"}],"version-history":[{"count":0,"href":"https:\/\/singuli.wpress.me\/index.php\/wp-json\/wp\/v2\/product\/33817\/revisions"}],"wp:featuredmedia":[{"embeddable":true,"href":"https:\/\/singuli.wpress.me\/index.php\/wp-json\/wp\/v2\/media\/33818"}],"wp:attachment":[{"href":"https:\/\/singuli.wpress.me\/index.php\/wp-json\/wp\/v2\/media?parent=33817"}],"wp:term":[{"taxonomy":"product_brand","embeddable":true,"href":"https:\/\/singuli.wpress.me\/index.php\/wp-json\/wp\/v2\/product_brand?post=33817"},{"taxonomy":"product_cat","embeddable":true,"href":"https:\/\/singuli.wpress.me\/index.php\/wp-json\/wp\/v2\/product_cat?post=33817"},{"taxonomy":"product_tag","embeddable":true,"href":"https:\/\/singuli.wpress.me\/index.php\/wp-json\/wp\/v2\/product_tag?post=33817"}],"curies":[{"name":"wp","href":"https:\/\/api.w.org\/{rel}","templated":true}]}}