{"id":33823,"date":"2026-04-17T13:37:34","date_gmt":"2026-04-17T13:37:34","guid":{"rendered":"https:\/\/singuli.wpress.me\/index.php\/proizvod\/eti-gong-stapici-sezam-17x56g\/"},"modified":"2026-04-20T12:33:10","modified_gmt":"2026-04-20T12:33:10","slug":"eti-gong-stapici-sezam-17x56g","status":"publish","type":"product","link":"https:\/\/singuli.wpress.me\/index.php\/proizvod\/eti-gong-stapici-sezam-17x56g\/","title":{"rendered":"ETI Gong, \u0161tapi\u0107i, sezam, 17x56g"},"content":{"rendered":"<p>Eti Gong sezam \u0161tapi\u0107i su popularan snack proizvod koji dolazi iz proizvodnog programa turske tvrtke Eti, poznate po svojim visokokvalitetnim pekarskim i konditorskim proizvodima. Ovaj proizvod spaja jednostavne sastojke s bogatim okusom, \u0161to ga \u010dini idealnim zalogajem za u\u017eivanje u bilo kojem trenutku.<\/p>\n","protected":false},"excerpt":{"rendered":"<p>Dostupni u \u201cto-go\u201d i \u201csharing\u201d pakiranju<br \/>\nRaznolikost teksture, hrskava i nje\u017ena<br \/>\n\u0160tapi\u0107i bogatog okusa<\/p>\n","protected":false},"featured_media":33824,"template":"","meta":{"_seopress_robots_primary_cat":"","_seopress_titles_title":"","_seopress_titles_desc":"","_seopress_robots_index":"","iawp_total_views":0},"product_brand":[499],"product_cat":[261,277],"product_tag":[],"class_list":{"0":"post-33823","1":"product","2":"type-product","3":"status-publish","4":"has-post-thumbnail","6":"product_brand-eti","7":"product_cat-hrana-i-pice","8":"product_cat-slatkisi-i-grickalice-261","10":"first","11":"outofstock","12":"shipping-taxable","13":"purchasable","14":"product-type-simple"},"_links":{"self":[{"href":"https:\/\/singuli.wpress.me\/index.php\/wp-json\/wp\/v2\/product\/33823","targetHints":{"allow":["GET"]}}],"collection":[{"href":"https:\/\/singuli.wpress.me\/index.php\/wp-json\/wp\/v2\/product"}],"about":[{"href":"https:\/\/singuli.wpress.me\/index.php\/wp-json\/wp\/v2\/types\/product"}],"version-history":[{"count":0,"href":"https:\/\/singuli.wpress.me\/index.php\/wp-json\/wp\/v2\/product\/33823\/revisions"}],"wp:featuredmedia":[{"embeddable":true,"href":"https:\/\/singuli.wpress.me\/index.php\/wp-json\/wp\/v2\/media\/33824"}],"wp:attachment":[{"href":"https:\/\/singuli.wpress.me\/index.php\/wp-json\/wp\/v2\/media?parent=33823"}],"wp:term":[{"taxonomy":"product_brand","embeddable":true,"href":"https:\/\/singuli.wpress.me\/index.php\/wp-json\/wp\/v2\/product_brand?post=33823"},{"taxonomy":"product_cat","embeddable":true,"href":"https:\/\/singuli.wpress.me\/index.php\/wp-json\/wp\/v2\/product_cat?post=33823"},{"taxonomy":"product_tag","embeddable":true,"href":"https:\/\/singuli.wpress.me\/index.php\/wp-json\/wp\/v2\/product_tag?post=33823"}],"curies":[{"name":"wp","href":"https:\/\/api.w.org\/{rel}","templated":true}]}}