{"id":33831,"date":"2026-04-17T13:37:36","date_gmt":"2026-04-17T13:37:36","guid":{"rendered":"https:\/\/singuli.wpress.me\/index.php\/proizvod\/stemx-drveni-set-za-igru-parobrod\/"},"modified":"2026-04-20T12:33:10","modified_gmt":"2026-04-20T12:33:10","slug":"stemx-drveni-set-za-igru-parobrod","status":"publish","type":"product","link":"https:\/\/singuli.wpress.me\/index.php\/proizvod\/stemx-drveni-set-za-igru-parobrod\/","title":{"rendered":"STEMX, drveni set za igru, parobrod"},"content":{"rendered":"<p><span style=\"font-weight: bold\">Izazovna aktivnost gradnje i slaganja seta parobroda<\/span> koja zahtjeva koncentraciju i logi\u010dko razmi\u0161ljanje. Ovi modeli u\u010de djecu osnovama fizike na zabavan i zanimljiv na\u010din.  Model parobroda ja\u010da i razvija sposobnosti fine motorike ruku te pru\u017ea uvid u razumijevanje principa pokretanja parobroda s lopaticama. Ovakav parobrod se pokre\u0107e uz kota\u010d lopatica &#8211; rani oblik mehani\u010dkog pokretanja brodova: Kota\u010d sa lopaticama koji je montiran sa vanjskih strana broda na krmi, okre\u0107e se kako bi pokretao brod. <br \/>\nDob: 6+<\/p>\n","protected":false},"excerpt":{"rendered":"<p>Poti\u010de koncentraciju, logi\u010dko razmi\u0161ljanje i strpljenje<br \/>\nRazvija finu motoriku i tehni\u010dke vje\u0161tine<br \/>\nDob: 6+ god<\/p>\n","protected":false},"featured_media":33832,"template":"","meta":{"_seopress_robots_primary_cat":"","_seopress_titles_title":"","_seopress_titles_desc":"","_seopress_robots_index":"","iawp_total_views":0},"product_brand":[749],"product_cat":[274,238],"product_tag":[],"class_list":{"0":"post-33831","1":"product","2":"type-product","3":"status-publish","4":"has-post-thumbnail","6":"product_brand-stemx","7":"product_cat-kucanski-pribor-238","8":"product_cat-sve-za-dom","10":"first","11":"instock","12":"shipping-taxable","13":"purchasable","14":"product-type-simple"},"_links":{"self":[{"href":"https:\/\/singuli.wpress.me\/index.php\/wp-json\/wp\/v2\/product\/33831","targetHints":{"allow":["GET"]}}],"collection":[{"href":"https:\/\/singuli.wpress.me\/index.php\/wp-json\/wp\/v2\/product"}],"about":[{"href":"https:\/\/singuli.wpress.me\/index.php\/wp-json\/wp\/v2\/types\/product"}],"version-history":[{"count":0,"href":"https:\/\/singuli.wpress.me\/index.php\/wp-json\/wp\/v2\/product\/33831\/revisions"}],"wp:featuredmedia":[{"embeddable":true,"href":"https:\/\/singuli.wpress.me\/index.php\/wp-json\/wp\/v2\/media\/33832"}],"wp:attachment":[{"href":"https:\/\/singuli.wpress.me\/index.php\/wp-json\/wp\/v2\/media?parent=33831"}],"wp:term":[{"taxonomy":"product_brand","embeddable":true,"href":"https:\/\/singuli.wpress.me\/index.php\/wp-json\/wp\/v2\/product_brand?post=33831"},{"taxonomy":"product_cat","embeddable":true,"href":"https:\/\/singuli.wpress.me\/index.php\/wp-json\/wp\/v2\/product_cat?post=33831"},{"taxonomy":"product_tag","embeddable":true,"href":"https:\/\/singuli.wpress.me\/index.php\/wp-json\/wp\/v2\/product_tag?post=33831"}],"curies":[{"name":"wp","href":"https:\/\/api.w.org\/{rel}","templated":true}]}}