{"id":33835,"date":"2026-04-17T13:37:37","date_gmt":"2026-04-17T13:37:37","guid":{"rendered":"https:\/\/singuli.wpress.me\/index.php\/proizvod\/stemx-drveni-set-za-igru-vjetroelektrana\/"},"modified":"2026-04-21T00:26:39","modified_gmt":"2026-04-21T00:26:39","slug":"stemx-drveni-set-za-igru-vjetroelektrana","status":"publish","type":"product","link":"https:\/\/singuli.wpress.me\/index.php\/proizvod\/stemx-drveni-set-za-igru-vjetroelektrana\/","title":{"rendered":"STEMX, drveni set za igru, vjetroelektrana"},"content":{"rendered":"<p><span style=\"font-weight: bold\">Izazovna aktivnost gradnje i slaganja seta vjetroelektrane<\/span> koja zahtjeva koncentraciju i logi\u010dko razmi\u0161ljanje. Ovi modeli u\u010de djecu osnovama fizike na zabavan i zanimljiv na\u010din.  Model vjetroelektrane u\u010di principe generiranja snage vjetra te njeguje i pobolj\u0161ava prakti\u010dne sposobnosti. Princip zra\u010dne turbine &#8211; lopatice ventilatora od generatora se okre\u0107u kao &quot;odgovor&quot; na strujanje zraka &#8211; iniciraju\u0107i rotaciju koja pokre\u0107e generator da proizvodi struju. Kad se postigne odre\u0111ena brzina, elektri\u010dna energija napaja LED \u017earuljice koje svijetle. <br \/>\nDob: 6+<\/p>\n","protected":false},"excerpt":{"rendered":"<p>Poti\u010de koncentraciju, logi\u010dko razmi\u0161ljanje i strpljenje<br \/>\nPrikazuje rad zra\u010dne turbine i pretvorbu energije u elektri\u010dnu energiju<br \/>\nDob: 6+ god<\/p>\n","protected":false},"featured_media":33836,"template":"","meta":{"_seopress_robots_primary_cat":"","_seopress_titles_title":"","_seopress_titles_desc":"","_seopress_robots_index":"","iawp_total_views":0},"product_brand":[749],"product_cat":[274,238],"product_tag":[],"class_list":{"0":"post-33835","1":"product","2":"type-product","3":"status-publish","4":"has-post-thumbnail","6":"product_brand-stemx","7":"product_cat-kucanski-pribor-238","8":"product_cat-sve-za-dom","10":"first","11":"instock","12":"shipping-taxable","13":"purchasable","14":"product-type-simple"},"_links":{"self":[{"href":"https:\/\/singuli.wpress.me\/index.php\/wp-json\/wp\/v2\/product\/33835","targetHints":{"allow":["GET"]}}],"collection":[{"href":"https:\/\/singuli.wpress.me\/index.php\/wp-json\/wp\/v2\/product"}],"about":[{"href":"https:\/\/singuli.wpress.me\/index.php\/wp-json\/wp\/v2\/types\/product"}],"version-history":[{"count":0,"href":"https:\/\/singuli.wpress.me\/index.php\/wp-json\/wp\/v2\/product\/33835\/revisions"}],"wp:featuredmedia":[{"embeddable":true,"href":"https:\/\/singuli.wpress.me\/index.php\/wp-json\/wp\/v2\/media\/33836"}],"wp:attachment":[{"href":"https:\/\/singuli.wpress.me\/index.php\/wp-json\/wp\/v2\/media?parent=33835"}],"wp:term":[{"taxonomy":"product_brand","embeddable":true,"href":"https:\/\/singuli.wpress.me\/index.php\/wp-json\/wp\/v2\/product_brand?post=33835"},{"taxonomy":"product_cat","embeddable":true,"href":"https:\/\/singuli.wpress.me\/index.php\/wp-json\/wp\/v2\/product_cat?post=33835"},{"taxonomy":"product_tag","embeddable":true,"href":"https:\/\/singuli.wpress.me\/index.php\/wp-json\/wp\/v2\/product_tag?post=33835"}],"curies":[{"name":"wp","href":"https:\/\/api.w.org\/{rel}","templated":true}]}}