{"id":33839,"date":"2026-04-17T13:37:38","date_gmt":"2026-04-17T13:37:38","guid":{"rendered":"https:\/\/singuli.wpress.me\/index.php\/proizvod\/stemx-drveni-set-za-igru-panoramski-kotac\/"},"modified":"2026-04-20T12:33:10","modified_gmt":"2026-04-20T12:33:10","slug":"stemx-drveni-set-za-igru-panoramski-kotac","status":"publish","type":"product","link":"https:\/\/singuli.wpress.me\/index.php\/proizvod\/stemx-drveni-set-za-igru-panoramski-kotac\/","title":{"rendered":"STEMX, drveni set za igru, panoramski kota\u010d"},"content":{"rendered":"<p><span style=\"font-weight: bold\">Izazovna aktivnost gradnje i slaganja seta panoramskog kota\u010da<\/span> koja zahtjeva koncentraciju i logi\u010dko razmi\u0161ljanje. Ovi modeli u\u010de djecu osnovama fizike na zabavan i zanimljiv na\u010din.  Model panoramskog kota\u010da podu\u010dava princip na kojem kota\u010d radi te njeguje i pobolj\u0161ava prakti\u010dne sposobnosti. Princip elevatora koristi motor kao glavni izvor energije za zahva\u0107anje pu\u017enog zup\u010danika s obi\u010dnim zup\u010danikom. Ovaj pogonski mehanizam zup\u010danika omogu\u0107uje kretanje kabine dizala gore-dolje. Nakon \u0161to se motor zaustavi, veza u\u017eeta osigurava da kabina dizala ostane na mjestu i da ne padne. <br \/>\nDob: 6+<\/p>\n","protected":false},"excerpt":{"rendered":"<p>Poti\u010de koncentraciju, logi\u010dko razmi\u0161ljanje i strpljenje<br \/>\nU\u010di djecu osnovama fizike na zabavan i zanimljiv na\u010din<br \/>\nDob: 6+ god<\/p>\n","protected":false},"featured_media":33840,"template":"","meta":{"_seopress_robots_primary_cat":"","_seopress_titles_title":"","_seopress_titles_desc":"","_seopress_robots_index":"","iawp_total_views":0},"product_brand":[749],"product_cat":[274,238],"product_tag":[],"class_list":{"0":"post-33839","1":"product","2":"type-product","3":"status-publish","4":"has-post-thumbnail","6":"product_brand-stemx","7":"product_cat-kucanski-pribor-238","8":"product_cat-sve-za-dom","10":"first","11":"instock","12":"shipping-taxable","13":"purchasable","14":"product-type-simple"},"_links":{"self":[{"href":"https:\/\/singuli.wpress.me\/index.php\/wp-json\/wp\/v2\/product\/33839","targetHints":{"allow":["GET"]}}],"collection":[{"href":"https:\/\/singuli.wpress.me\/index.php\/wp-json\/wp\/v2\/product"}],"about":[{"href":"https:\/\/singuli.wpress.me\/index.php\/wp-json\/wp\/v2\/types\/product"}],"version-history":[{"count":0,"href":"https:\/\/singuli.wpress.me\/index.php\/wp-json\/wp\/v2\/product\/33839\/revisions"}],"wp:featuredmedia":[{"embeddable":true,"href":"https:\/\/singuli.wpress.me\/index.php\/wp-json\/wp\/v2\/media\/33840"}],"wp:attachment":[{"href":"https:\/\/singuli.wpress.me\/index.php\/wp-json\/wp\/v2\/media?parent=33839"}],"wp:term":[{"taxonomy":"product_brand","embeddable":true,"href":"https:\/\/singuli.wpress.me\/index.php\/wp-json\/wp\/v2\/product_brand?post=33839"},{"taxonomy":"product_cat","embeddable":true,"href":"https:\/\/singuli.wpress.me\/index.php\/wp-json\/wp\/v2\/product_cat?post=33839"},{"taxonomy":"product_tag","embeddable":true,"href":"https:\/\/singuli.wpress.me\/index.php\/wp-json\/wp\/v2\/product_tag?post=33839"}],"curies":[{"name":"wp","href":"https:\/\/api.w.org\/{rel}","templated":true}]}}