{"id":33847,"date":"2026-04-17T13:37:40","date_gmt":"2026-04-17T13:37:40","guid":{"rendered":"https:\/\/singuli.wpress.me\/index.php\/proizvod\/stemx-set-za-igru-i-slaganje-8u1\/"},"modified":"2026-04-20T12:33:10","modified_gmt":"2026-04-20T12:33:10","slug":"stemx-set-za-igru-i-slaganje-8u1","status":"publish","type":"product","link":"https:\/\/singuli.wpress.me\/index.php\/proizvod\/stemx-set-za-igru-i-slaganje-8u1\/","title":{"rendered":"STEMX, set za igru i slaganje, 8u1"},"content":{"rendered":"<p>Otkrijte STEM obrazovanje!<br \/>\n<span style=\"font-weight: bold\">STEM nadilazi tradicionalno u\u010denje<\/span> kombiniraju\u0107i vi\u0161e disciplina. Razvija raznolike vje\u0161tine i kreativnost.<br \/>\nStvaranje visokotehnolo\u0161kih proizvoda zahtijeva i znanstvenu stru\u010dnost i umjetni\u010dki dizajn. Vje\u0161tine iz jedne discipline nisu dovoljne za budu\u0107nost &#8211; potrebni su nam integrirani talenti za napredak.<br \/>\nIstra\u017eite STEM i otklju\u010dajte svoj potencijal! <br \/>\nDob 5+<\/p>\n","protected":false},"excerpt":{"rendered":"<p>Poti\u010de kriti\u010dko razmi\u0161ljanje i rje\u0161avanje problema<br \/>\nPodr\u017eava razvoj motori\u010dkih i logi\u010dkih vje\u0161tina<br \/>\nDob: 5+ god<\/p>\n","protected":false},"featured_media":33848,"template":"","meta":{"_seopress_robots_primary_cat":"","_seopress_titles_title":"","_seopress_titles_desc":"","_seopress_robots_index":"","iawp_total_views":0},"product_brand":[749],"product_cat":[274,238],"product_tag":[],"class_list":{"0":"post-33847","1":"product","2":"type-product","3":"status-publish","4":"has-post-thumbnail","6":"product_brand-stemx","7":"product_cat-kucanski-pribor-238","8":"product_cat-sve-za-dom","10":"first","11":"instock","12":"shipping-taxable","13":"purchasable","14":"product-type-simple"},"_links":{"self":[{"href":"https:\/\/singuli.wpress.me\/index.php\/wp-json\/wp\/v2\/product\/33847","targetHints":{"allow":["GET"]}}],"collection":[{"href":"https:\/\/singuli.wpress.me\/index.php\/wp-json\/wp\/v2\/product"}],"about":[{"href":"https:\/\/singuli.wpress.me\/index.php\/wp-json\/wp\/v2\/types\/product"}],"version-history":[{"count":0,"href":"https:\/\/singuli.wpress.me\/index.php\/wp-json\/wp\/v2\/product\/33847\/revisions"}],"wp:featuredmedia":[{"embeddable":true,"href":"https:\/\/singuli.wpress.me\/index.php\/wp-json\/wp\/v2\/media\/33848"}],"wp:attachment":[{"href":"https:\/\/singuli.wpress.me\/index.php\/wp-json\/wp\/v2\/media?parent=33847"}],"wp:term":[{"taxonomy":"product_brand","embeddable":true,"href":"https:\/\/singuli.wpress.me\/index.php\/wp-json\/wp\/v2\/product_brand?post=33847"},{"taxonomy":"product_cat","embeddable":true,"href":"https:\/\/singuli.wpress.me\/index.php\/wp-json\/wp\/v2\/product_cat?post=33847"},{"taxonomy":"product_tag","embeddable":true,"href":"https:\/\/singuli.wpress.me\/index.php\/wp-json\/wp\/v2\/product_tag?post=33847"}],"curies":[{"name":"wp","href":"https:\/\/api.w.org\/{rel}","templated":true}]}}