{"id":33853,"date":"2026-04-17T13:37:42","date_gmt":"2026-04-17T13:37:42","guid":{"rendered":"https:\/\/singuli.wpress.me\/index.php\/proizvod\/stemx-drveni-set-za-igru-avion\/"},"modified":"2026-04-20T12:33:10","modified_gmt":"2026-04-20T12:33:10","slug":"stemx-drveni-set-za-igru-avion","status":"publish","type":"product","link":"https:\/\/singuli.wpress.me\/index.php\/proizvod\/stemx-drveni-set-za-igru-avion\/","title":{"rendered":"STEMX, drveni set za igru, avion"},"content":{"rendered":"<p><span style=\"font-weight: bold\">Izazovna aktivnost gradnje i slaganja seta aviona<\/span> koja zahtjeva koncentraciju i logi\u010dko razmi\u0161ljanje. Ovi modeli u\u010de djecu osnovama fizike na zabavan i zanimljiv na\u010din.  Model aviona pobolj\u0161ava i razvija  finu motoriku ruku te istra\u017euje mehaniku letjelice sa jednim propelerom. Propelerska letjelica koristi zra\u010dni propeler da pretovri snagu motora u pogon. Kako se lopatice propelera okre\u0107u velikom brzinom &#8211; stvaraju nasuprotne sile koje pokre\u0107u letjelicu naprijed. <br \/>\nDob: 6+<\/p>\n","protected":false},"excerpt":{"rendered":"<p>Poti\u010de koncentraciju, logi\u010dko razmi\u0161ljanje i strpljenje<br \/>\nRazvija finu motoriku i tehni\u010dke vje\u0161tine<br \/>\nDob: 6+ god<\/p>\n","protected":false},"featured_media":33854,"template":"","meta":{"_seopress_robots_primary_cat":"","_seopress_titles_title":"","_seopress_titles_desc":"","_seopress_robots_index":"","iawp_total_views":0},"product_brand":[749],"product_cat":[274,238],"product_tag":[],"class_list":{"0":"post-33853","1":"product","2":"type-product","3":"status-publish","4":"has-post-thumbnail","6":"product_brand-stemx","7":"product_cat-kucanski-pribor-238","8":"product_cat-sve-za-dom","10":"first","11":"outofstock","12":"shipping-taxable","13":"purchasable","14":"product-type-simple"},"_links":{"self":[{"href":"https:\/\/singuli.wpress.me\/index.php\/wp-json\/wp\/v2\/product\/33853","targetHints":{"allow":["GET"]}}],"collection":[{"href":"https:\/\/singuli.wpress.me\/index.php\/wp-json\/wp\/v2\/product"}],"about":[{"href":"https:\/\/singuli.wpress.me\/index.php\/wp-json\/wp\/v2\/types\/product"}],"version-history":[{"count":0,"href":"https:\/\/singuli.wpress.me\/index.php\/wp-json\/wp\/v2\/product\/33853\/revisions"}],"wp:featuredmedia":[{"embeddable":true,"href":"https:\/\/singuli.wpress.me\/index.php\/wp-json\/wp\/v2\/media\/33854"}],"wp:attachment":[{"href":"https:\/\/singuli.wpress.me\/index.php\/wp-json\/wp\/v2\/media?parent=33853"}],"wp:term":[{"taxonomy":"product_brand","embeddable":true,"href":"https:\/\/singuli.wpress.me\/index.php\/wp-json\/wp\/v2\/product_brand?post=33853"},{"taxonomy":"product_cat","embeddable":true,"href":"https:\/\/singuli.wpress.me\/index.php\/wp-json\/wp\/v2\/product_cat?post=33853"},{"taxonomy":"product_tag","embeddable":true,"href":"https:\/\/singuli.wpress.me\/index.php\/wp-json\/wp\/v2\/product_tag?post=33853"}],"curies":[{"name":"wp","href":"https:\/\/api.w.org\/{rel}","templated":true}]}}