{"id":33865,"date":"2026-04-17T13:37:45","date_gmt":"2026-04-17T13:37:45","guid":{"rendered":"https:\/\/singuli.wpress.me\/index.php\/proizvod\/paclan-silver-space-vrece-za-smece-35-l\/"},"modified":"2026-04-21T00:26:39","modified_gmt":"2026-04-21T00:26:39","slug":"paclan-silver-space-vrece-za-smece-35-l","status":"publish","type":"product","link":"https:\/\/singuli.wpress.me\/index.php\/proizvod\/paclan-silver-space-vrece-za-smece-35-l\/","title":{"rendered":"PACLAN Silver Space, vre\u0107e za sme\u0107e, 35\u00a0l"},"content":{"rendered":"<p>Paclan Silver Space vre\u0107e za sme\u0107e s vezicom 35 l. Elasti\u010dne vre\u0107e za sme\u0107e otporne na kidanje zahvaljuju\u0107i dva sna\u017ena sloja, do 85% recikliranog materjala, s vezicom za lak\u0161e i sigirnije zatvaranje. <br \/>\nVeli\u010dina 60 x 53 cm, 28 \u03bcm. 15 komada u pakiranju<\/p>\n","protected":false},"excerpt":{"rendered":"<p>15 komada u pakiranju<br \/>\nS vezicom za lak\u0161e i sigirnije zatvaranje<br \/>\nElasti\u010dne vre\u0107e za sme\u0107e otporne na kidanje zahvaljuju\u0107i dva sna\u017ena sloja<\/p>\n","protected":false},"featured_media":33866,"template":"","meta":{"_seopress_robots_primary_cat":"","_seopress_titles_title":"","_seopress_titles_desc":"","_seopress_robots_index":"","iawp_total_views":0},"product_brand":[474],"product_cat":[274,238],"product_tag":[],"class_list":{"0":"post-33865","1":"product","2":"type-product","3":"status-publish","4":"has-post-thumbnail","6":"product_brand-paclan","7":"product_cat-kucanski-pribor-238","8":"product_cat-sve-za-dom","10":"first","11":"instock","12":"shipping-taxable","13":"purchasable","14":"product-type-simple"},"_links":{"self":[{"href":"https:\/\/singuli.wpress.me\/index.php\/wp-json\/wp\/v2\/product\/33865","targetHints":{"allow":["GET"]}}],"collection":[{"href":"https:\/\/singuli.wpress.me\/index.php\/wp-json\/wp\/v2\/product"}],"about":[{"href":"https:\/\/singuli.wpress.me\/index.php\/wp-json\/wp\/v2\/types\/product"}],"version-history":[{"count":0,"href":"https:\/\/singuli.wpress.me\/index.php\/wp-json\/wp\/v2\/product\/33865\/revisions"}],"wp:featuredmedia":[{"embeddable":true,"href":"https:\/\/singuli.wpress.me\/index.php\/wp-json\/wp\/v2\/media\/33866"}],"wp:attachment":[{"href":"https:\/\/singuli.wpress.me\/index.php\/wp-json\/wp\/v2\/media?parent=33865"}],"wp:term":[{"taxonomy":"product_brand","embeddable":true,"href":"https:\/\/singuli.wpress.me\/index.php\/wp-json\/wp\/v2\/product_brand?post=33865"},{"taxonomy":"product_cat","embeddable":true,"href":"https:\/\/singuli.wpress.me\/index.php\/wp-json\/wp\/v2\/product_cat?post=33865"},{"taxonomy":"product_tag","embeddable":true,"href":"https:\/\/singuli.wpress.me\/index.php\/wp-json\/wp\/v2\/product_tag?post=33865"}],"curies":[{"name":"wp","href":"https:\/\/api.w.org\/{rel}","templated":true}]}}