{"id":33869,"date":"2026-04-17T13:37:48","date_gmt":"2026-04-17T13:37:48","guid":{"rendered":"https:\/\/singuli.wpress.me\/index.php\/proizvod\/oral-b-pro-kids-lion-king-elektricna-cetkica-za-zube\/"},"modified":"2026-04-20T12:33:10","modified_gmt":"2026-04-20T12:33:10","slug":"oral-b-pro-kids-lion-king-elektricna-cetkica-za-zube","status":"publish","type":"product","link":"https:\/\/singuli.wpress.me\/index.php\/proizvod\/oral-b-pro-kids-lion-king-elektricna-cetkica-za-zube\/","title":{"rendered":"ORAL-B Pro Kids Lion King, elektri\u010dna \u010detkica za zube"},"content":{"rendered":"<p><span style=\"font-weight: bold\">Elektri\u010dna zubna \u010detkica Oral-B Pro Kids<\/span>, koju stomatolozi preporu\u010duju za dob 3+, omogu\u0107uje djeci nje\u017eno, u\u010dinkovito \u010di\u0161\u0107enje zubi. Uz 2 na\u010dina rada, uklju\u010duju\u0107i jedinstven na\u010din rada prilago\u0111en osjetljivim dje\u010djim desnima, ova \u010detkica nje\u017eno \u010disti dje\u010dje zube. Uklanja vi\u0161e zubnih naslaga od obi\u010dne klasi\u010dne zubne \u010detkice. Dolazi s \u010detiri tematske naljepnice za ukra\u0161avanje dr\u0161ke.<br \/>\n\u2022 Osnovna zubna \u010detkica za bolje i nje\u017enije \u010di\u0161\u0107enje za djecu u dobi 3+<br \/>\n\u2022 Okrugla glava \u010detkice idealne veli\u010dine za mala usta<br \/>\n\u2022 Nje\u017ena prema desnima, s izuzetno mekanim vlaknima<br \/>\n\u2022 2 na\u010dina rada: Daily Clean (svakodnevno \u010di\u0161\u0107enje) i jedinstven na\u010din Sensitive Plus (izuzetno nje\u017eno) za nevjerojatno nje\u017eno iskustvo<br \/>\n\u2022 Ukrasite dr\u0161ku zubne \u010detkice s \u010detiri zamjenjive tematske naljepnice<br \/>\n\u2022 Radi s besplatnom aplikacijom Disney Magic Timer by Oral-B<br \/>\n\u2022 Punjiva zubna \u010detkica s prakti\u010dnom dugotrajnom baterijom<br \/>\n\u2022 Sadr\u017eaj: 1 dr\u0161ka Pro Kids, 1 punja\u010d, 1 glava zubne \u010detkice, 1 putni etui<\/p>\n","protected":false},"excerpt":{"rendered":"<p>U setu dolazi i etui<br \/>\nOmogu\u0107uje djeci nje\u017eno, u\u010dinkovito \u010di\u0161\u0107enje zubi<br \/>\n2 na\u010dina rada<\/p>\n","protected":false},"featured_media":33870,"template":"","meta":{"_seopress_robots_primary_cat":"","_seopress_titles_title":"","_seopress_titles_desc":"","_seopress_robots_index":"","iawp_total_views":0},"product_brand":[423],"product_cat":[293,192,208,207,292],"product_tag":[],"class_list":{"0":"post-33869","1":"product","2":"type-product","3":"status-publish","4":"has-post-thumbnail","6":"product_brand-oral-b-2","7":"product_cat-aparati-za-djecu-i-odrasle-292","8":"product_cat-aparati-za-osobnu-njegu","9":"product_cat-elektricne-i-manualne-cetkice-za-odrasle-i-djecu","10":"product_cat-oralna-higijena","11":"product_cat-oralna-higijena-uredaji-192","13":"first","14":"instock","15":"shipping-taxable","16":"purchasable","17":"product-type-simple"},"_links":{"self":[{"href":"https:\/\/singuli.wpress.me\/index.php\/wp-json\/wp\/v2\/product\/33869","targetHints":{"allow":["GET"]}}],"collection":[{"href":"https:\/\/singuli.wpress.me\/index.php\/wp-json\/wp\/v2\/product"}],"about":[{"href":"https:\/\/singuli.wpress.me\/index.php\/wp-json\/wp\/v2\/types\/product"}],"version-history":[{"count":0,"href":"https:\/\/singuli.wpress.me\/index.php\/wp-json\/wp\/v2\/product\/33869\/revisions"}],"wp:featuredmedia":[{"embeddable":true,"href":"https:\/\/singuli.wpress.me\/index.php\/wp-json\/wp\/v2\/media\/33870"}],"wp:attachment":[{"href":"https:\/\/singuli.wpress.me\/index.php\/wp-json\/wp\/v2\/media?parent=33869"}],"wp:term":[{"taxonomy":"product_brand","embeddable":true,"href":"https:\/\/singuli.wpress.me\/index.php\/wp-json\/wp\/v2\/product_brand?post=33869"},{"taxonomy":"product_cat","embeddable":true,"href":"https:\/\/singuli.wpress.me\/index.php\/wp-json\/wp\/v2\/product_cat?post=33869"},{"taxonomy":"product_tag","embeddable":true,"href":"https:\/\/singuli.wpress.me\/index.php\/wp-json\/wp\/v2\/product_tag?post=33869"}],"curies":[{"name":"wp","href":"https:\/\/api.w.org\/{rel}","templated":true}]}}