{"id":33880,"date":"2026-04-17T13:37:53","date_gmt":"2026-04-17T13:37:53","guid":{"rendered":"https:\/\/singuli.wpress.me\/index.php\/proizvod\/picasso-tiles-set-101-kom\/"},"modified":"2026-04-21T00:26:39","modified_gmt":"2026-04-21T00:26:39","slug":"picasso-tiles-set-101-kom","status":"publish","type":"product","link":"https:\/\/singuli.wpress.me\/index.php\/proizvod\/picasso-tiles-set-101-kom\/","title":{"rendered":"PICASSO TILES, set, 101\u00a0kom"},"content":{"rendered":"<p>Potaknite ma\u0161tu i razvijajte STEM vje\u0161tine uz <span style=\"font-weight: bold\">Picasso Tiles klasi\u010dni set od 101 dijela<\/span>! Ovaj svestrani set magnetskih blokova savr\u0161en je za mali\u0161ane i osnovno\u0161kolce koji \u017eele stvarati remek-djela od magnetskih plo\u010dica.<\/p>\n<p>Set uklju\u010duje klasi\u010dne 3D oblike magnetskih plo\u010dica i kompatibilan je s ostalim Picasso Tiles setovima, pru\u017eaju\u0107i beskrajne mogu\u0107nosti za igru i kreativno istra\u017eivanje.<\/p>\n<p>Uz savr\u0161en spoj STEM i umjetni\u010dkog u\u010denja, ovaj set poma\u017ee djeci razviti tehni\u010dke, arhitektonske i kognitivne vje\u0161tine kroz neovisno istra\u017eivanje i igru. Picasso Tiles igra\u010dke poti\u010du ma\u0161tovitu igru i neprekidnu zabavu dok djeca otkrivaju \u010duda STEM obrazovanja. Sve igra\u010dke iz ove kolekcije izra\u0111ene su od BPA-free i netoksi\u010dnih materijala, \u010dime osiguravamo sigurno i zdravo okru\u017eenje za igru va\u0161e djece. Dob: 3+<\/p>\n","protected":false},"excerpt":{"rendered":"<p>Klasi\u010dni set za gradnju, poti\u010de kreativnost i motoriku<br \/>\nRazvoj logi\u010dkog razmi\u0161ljanja i koordinacije<br \/>\nDob: 3+god<\/p>\n","protected":false},"featured_media":33881,"template":"","meta":{"_seopress_robots_primary_cat":"","_seopress_titles_title":"","_seopress_titles_desc":"","_seopress_robots_index":"","iawp_total_views":0},"product_brand":[750],"product_cat":[221,291],"product_tag":[],"class_list":{"0":"post-33880","1":"product","2":"type-product","3":"status-publish","4":"has-post-thumbnail","6":"product_brand-picasso-tiles","7":"product_cat-igracke","8":"product_cat-igracke-za-djecu-221","10":"first","11":"outofstock","12":"shipping-taxable","13":"purchasable","14":"product-type-simple"},"_links":{"self":[{"href":"https:\/\/singuli.wpress.me\/index.php\/wp-json\/wp\/v2\/product\/33880","targetHints":{"allow":["GET"]}}],"collection":[{"href":"https:\/\/singuli.wpress.me\/index.php\/wp-json\/wp\/v2\/product"}],"about":[{"href":"https:\/\/singuli.wpress.me\/index.php\/wp-json\/wp\/v2\/types\/product"}],"version-history":[{"count":0,"href":"https:\/\/singuli.wpress.me\/index.php\/wp-json\/wp\/v2\/product\/33880\/revisions"}],"wp:featuredmedia":[{"embeddable":true,"href":"https:\/\/singuli.wpress.me\/index.php\/wp-json\/wp\/v2\/media\/33881"}],"wp:attachment":[{"href":"https:\/\/singuli.wpress.me\/index.php\/wp-json\/wp\/v2\/media?parent=33880"}],"wp:term":[{"taxonomy":"product_brand","embeddable":true,"href":"https:\/\/singuli.wpress.me\/index.php\/wp-json\/wp\/v2\/product_brand?post=33880"},{"taxonomy":"product_cat","embeddable":true,"href":"https:\/\/singuli.wpress.me\/index.php\/wp-json\/wp\/v2\/product_cat?post=33880"},{"taxonomy":"product_tag","embeddable":true,"href":"https:\/\/singuli.wpress.me\/index.php\/wp-json\/wp\/v2\/product_tag?post=33880"}],"curies":[{"name":"wp","href":"https:\/\/api.w.org\/{rel}","templated":true}]}}