{"id":33892,"date":"2026-04-17T13:37:57","date_gmt":"2026-04-17T13:37:57","guid":{"rendered":"https:\/\/singuli.wpress.me\/index.php\/proizvod\/picasso-tiles-staza-za-loptice-100-kom\/"},"modified":"2026-04-20T12:33:10","modified_gmt":"2026-04-20T12:33:10","slug":"picasso-tiles-staza-za-loptice-100-kom","status":"publish","type":"product","link":"https:\/\/singuli.wpress.me\/index.php\/proizvod\/picasso-tiles-staza-za-loptice-100-kom\/","title":{"rendered":"PICASSO TILES, staza za loptice, 100\u00a0kom"},"content":{"rendered":"<p>\u0160areni dijelovi savr\u0161eni su za slaganje uz neograni\u010dene mogu\u0107nosti, dok \u010dvrsta konstrukcija i jednostavno povezivanje \u010dine slaganje zabavnim i jednostavnim za sve uzraste.<\/p>\n<p>Uz svestran dizajn kompatibilan s drugim setovima <span style=\"font-weight: bold\">Picasso Tiles magnetnih blokova<\/span>, ovaj set omogu\u0107uje beskrajnu zabavu i neograni\u010denu kreativnost!<\/p>\n<p>Pretvorite u\u010denje u pravu avanturu i potaknite dje\u010dju ma\u0161tu kroz igru koja razvija STEM vje\u0161tine, rje\u0161avanje problema i ma\u0161tovitu igru.<\/p>\n<p>Ovaj set od 100 dijelova nije samo igra\u010dka \u2013 to je alat za u\u010denje, istra\u017eivanje i zabavu, idealan za sate slaganja i kreativnog u\u017eivanja! U\u010dinite svaki trenutak igre posebnim s ovim dinami\u010dnim i inovativnim setom staza za loptice.<\/p>\n<p>Sve igra\u010dke iz ove kolekcije izra\u0111ene su od BPA-free i netoksi\u010dnih materijala, \u010dime osiguravamo sigurno i zdravo okru\u017eenje za igru va\u0161e djece. Dob: 3+<\/p>\n","protected":false},"excerpt":{"rendered":"<p>Modularna staza za loptice, omogu\u0107uje slaganje raznih putanja<br \/>\nPoticanje dje\u010dje ma\u0161te i kreativnosti<br \/>\nDob: 3+god<\/p>\n","protected":false},"featured_media":33893,"template":"","meta":{"_seopress_robots_primary_cat":"","_seopress_titles_title":"","_seopress_titles_desc":"","_seopress_robots_index":"","iawp_total_views":0},"product_brand":[750],"product_cat":[221,291],"product_tag":[],"class_list":{"0":"post-33892","1":"product","2":"type-product","3":"status-publish","4":"has-post-thumbnail","6":"product_brand-picasso-tiles","7":"product_cat-igracke","8":"product_cat-igracke-za-djecu-221","10":"first","11":"instock","12":"shipping-taxable","13":"purchasable","14":"product-type-simple"},"_links":{"self":[{"href":"https:\/\/singuli.wpress.me\/index.php\/wp-json\/wp\/v2\/product\/33892","targetHints":{"allow":["GET"]}}],"collection":[{"href":"https:\/\/singuli.wpress.me\/index.php\/wp-json\/wp\/v2\/product"}],"about":[{"href":"https:\/\/singuli.wpress.me\/index.php\/wp-json\/wp\/v2\/types\/product"}],"version-history":[{"count":0,"href":"https:\/\/singuli.wpress.me\/index.php\/wp-json\/wp\/v2\/product\/33892\/revisions"}],"wp:featuredmedia":[{"embeddable":true,"href":"https:\/\/singuli.wpress.me\/index.php\/wp-json\/wp\/v2\/media\/33893"}],"wp:attachment":[{"href":"https:\/\/singuli.wpress.me\/index.php\/wp-json\/wp\/v2\/media?parent=33892"}],"wp:term":[{"taxonomy":"product_brand","embeddable":true,"href":"https:\/\/singuli.wpress.me\/index.php\/wp-json\/wp\/v2\/product_brand?post=33892"},{"taxonomy":"product_cat","embeddable":true,"href":"https:\/\/singuli.wpress.me\/index.php\/wp-json\/wp\/v2\/product_cat?post=33892"},{"taxonomy":"product_tag","embeddable":true,"href":"https:\/\/singuli.wpress.me\/index.php\/wp-json\/wp\/v2\/product_tag?post=33892"}],"curies":[{"name":"wp","href":"https:\/\/api.w.org\/{rel}","templated":true}]}}