{"id":33898,"date":"2026-04-17T13:37:59","date_gmt":"2026-04-17T13:37:59","guid":{"rendered":"https:\/\/singuli.wpress.me\/index.php\/proizvod\/picasso-tiles-set-s-kockicama-333-kom\/"},"modified":"2026-04-20T12:33:10","modified_gmt":"2026-04-20T12:33:10","slug":"picasso-tiles-set-s-kockicama-333-kom","status":"publish","type":"product","link":"https:\/\/singuli.wpress.me\/index.php\/proizvod\/picasso-tiles-set-s-kockicama-333-kom\/","title":{"rendered":"PICASSO TILES, set s kockicama, 333\u00a0kom"},"content":{"rendered":"<p><span style=\"font-weight: bold\">Picasso Tiles set s kockicama od 333 dijela<\/span> uklju\u010duje raznovrsne magnetske plo\u010dice i kockice pru\u017eaju\u0107i beskona\u010dne mogu\u0107nosti za igru i stvaranje.<\/p>\n<p>Magnetske kockice imaju priklju\u010dke na povr\u0161ini, \u0161to omogu\u0107uje jednostavno spajanje s drugim blokovima. \u010cvrsto prijanjanje omogu\u0107ava kombinaciju s drugim obi\u010dnim setovima kockica, \u010dine\u0107i igru zabavnom i jednostavnom.<\/p>\n<p>Svestrana kompatibilnost s drugim Picasso Tiles setovima omogu\u0107uje pro\u0161irenje igre i stvaranje novih kombinacija, \u010dime se poti\u010de ma\u0161tovita igra i razvojne vje\u0161tine. Uz Picasso Tiles set s kockicama 333 kom, svaka igra postaje prava avantura! Sve igra\u010dke iz ove kolekcije izra\u0111ene su od BPA-free i netoksi\u010dnih materijala, \u010dime osiguravamo sigurno i zdravo okru\u017eenje za igru va\u0161e djece. Dob: 3+<\/p>\n","protected":false},"excerpt":{"rendered":"<p>Univerzalna igra\u010dka za razvoj vje\u0161tina i ma\u0161te<br \/>\nRazvoj logi\u010dkog razmi\u0161ljanja i koordinacije<br \/>\nDob: 3+god<\/p>\n","protected":false},"featured_media":33899,"template":"","meta":{"_seopress_robots_primary_cat":"","_seopress_titles_title":"","_seopress_titles_desc":"","_seopress_robots_index":"","iawp_total_views":0},"product_brand":[750],"product_cat":[221,291],"product_tag":[],"class_list":{"0":"post-33898","1":"product","2":"type-product","3":"status-publish","4":"has-post-thumbnail","6":"product_brand-picasso-tiles","7":"product_cat-igracke","8":"product_cat-igracke-za-djecu-221","10":"first","11":"outofstock","12":"shipping-taxable","13":"purchasable","14":"product-type-simple"},"_links":{"self":[{"href":"https:\/\/singuli.wpress.me\/index.php\/wp-json\/wp\/v2\/product\/33898","targetHints":{"allow":["GET"]}}],"collection":[{"href":"https:\/\/singuli.wpress.me\/index.php\/wp-json\/wp\/v2\/product"}],"about":[{"href":"https:\/\/singuli.wpress.me\/index.php\/wp-json\/wp\/v2\/types\/product"}],"version-history":[{"count":0,"href":"https:\/\/singuli.wpress.me\/index.php\/wp-json\/wp\/v2\/product\/33898\/revisions"}],"wp:featuredmedia":[{"embeddable":true,"href":"https:\/\/singuli.wpress.me\/index.php\/wp-json\/wp\/v2\/media\/33899"}],"wp:attachment":[{"href":"https:\/\/singuli.wpress.me\/index.php\/wp-json\/wp\/v2\/media?parent=33898"}],"wp:term":[{"taxonomy":"product_brand","embeddable":true,"href":"https:\/\/singuli.wpress.me\/index.php\/wp-json\/wp\/v2\/product_brand?post=33898"},{"taxonomy":"product_cat","embeddable":true,"href":"https:\/\/singuli.wpress.me\/index.php\/wp-json\/wp\/v2\/product_cat?post=33898"},{"taxonomy":"product_tag","embeddable":true,"href":"https:\/\/singuli.wpress.me\/index.php\/wp-json\/wp\/v2\/product_tag?post=33898"}],"curies":[{"name":"wp","href":"https:\/\/api.w.org\/{rel}","templated":true}]}}