{"id":33904,"date":"2026-04-17T13:38:01","date_gmt":"2026-04-17T13:38:01","guid":{"rendered":"https:\/\/singuli.wpress.me\/index.php\/proizvod\/picasso-tiles-set-raketa-32-kom\/"},"modified":"2026-04-20T12:33:10","modified_gmt":"2026-04-20T12:33:10","slug":"picasso-tiles-set-raketa-32-kom","status":"publish","type":"product","link":"https:\/\/singuli.wpress.me\/index.php\/proizvod\/picasso-tiles-set-raketa-32-kom\/","title":{"rendered":"PICASSO TILES, set raketa, 32\u00a0kom"},"content":{"rendered":"<p>Pripremite se za svemirske avanture uz <span style=\"font-weight: bold\">Picasso Tiles raketa set od 32 dijela<\/span>! Mali astronauti sada mogu izgraditi vlastitu svemirsku letjelicu koriste\u0107i jednostavne i intuitivne magnetske blokove. Spremite se za putovanje me\u0111u zvijezdama!<\/p>\n<p>Magnetski dijelovi savr\u0161eno se uklapaju s drugim PicassoTiles setovima, pru\u017eaju\u0107i neograni\u010dene mogu\u0107nosti igre i kreativnosti.<\/p>\n<p>Ovaj set pru\u017ea STEM iskustvo u\u010denja, poti\u010du\u0107i djecu na prakti\u010dno istra\u017eivanje i interaktivno u\u010denje iz podru\u010dja znanosti, tehnologije, in\u017eenjerstva i matematike. Dok sla\u017eu i istra\u017euju, djeca razvijaju klju\u010dne vje\u0161tine poput koordinacije ruku i o\u010diju, rje\u0161avanja problema i prostorne svijesti.<\/p>\n<p>Uz Picasso Tiles raketa set, u\u010denje postaje zabavno, a ma\u0161ta nema granica \u2013 savr\u0161eno za svaku dje\u010dju misiju u svemir!<br \/>\nSve igra\u010dke iz ove kolekcije izra\u0111ene su od BPA-free i netoksi\u010dnih materijala, \u010dime osiguravamo sigurno i zdravo okru\u017eenje za igru va\u0161e djece. Dob: 3+<\/p>\n","protected":false},"excerpt":{"rendered":"<p>Set za svemirske avanture s raketama i dodatnim dijelovima<br \/>\nPoma\u017ee u razvoju STEM vje\u0161tina kroz prakti\u010dno u\u010denje<br \/>\nDob: 3+god<\/p>\n","protected":false},"featured_media":33905,"template":"","meta":{"_seopress_robots_primary_cat":"","_seopress_titles_title":"","_seopress_titles_desc":"","_seopress_robots_index":"","iawp_total_views":0},"product_brand":[750],"product_cat":[221,291],"product_tag":[],"class_list":{"0":"post-33904","1":"product","2":"type-product","3":"status-publish","4":"has-post-thumbnail","6":"product_brand-picasso-tiles","7":"product_cat-igracke","8":"product_cat-igracke-za-djecu-221","10":"first","11":"instock","12":"shipping-taxable","13":"purchasable","14":"product-type-simple"},"_links":{"self":[{"href":"https:\/\/singuli.wpress.me\/index.php\/wp-json\/wp\/v2\/product\/33904","targetHints":{"allow":["GET"]}}],"collection":[{"href":"https:\/\/singuli.wpress.me\/index.php\/wp-json\/wp\/v2\/product"}],"about":[{"href":"https:\/\/singuli.wpress.me\/index.php\/wp-json\/wp\/v2\/types\/product"}],"version-history":[{"count":0,"href":"https:\/\/singuli.wpress.me\/index.php\/wp-json\/wp\/v2\/product\/33904\/revisions"}],"wp:featuredmedia":[{"embeddable":true,"href":"https:\/\/singuli.wpress.me\/index.php\/wp-json\/wp\/v2\/media\/33905"}],"wp:attachment":[{"href":"https:\/\/singuli.wpress.me\/index.php\/wp-json\/wp\/v2\/media?parent=33904"}],"wp:term":[{"taxonomy":"product_brand","embeddable":true,"href":"https:\/\/singuli.wpress.me\/index.php\/wp-json\/wp\/v2\/product_brand?post=33904"},{"taxonomy":"product_cat","embeddable":true,"href":"https:\/\/singuli.wpress.me\/index.php\/wp-json\/wp\/v2\/product_cat?post=33904"},{"taxonomy":"product_tag","embeddable":true,"href":"https:\/\/singuli.wpress.me\/index.php\/wp-json\/wp\/v2\/product_tag?post=33904"}],"curies":[{"name":"wp","href":"https:\/\/api.w.org\/{rel}","templated":true}]}}