{"id":33910,"date":"2026-04-17T13:38:03","date_gmt":"2026-04-17T13:38:03","guid":{"rendered":"https:\/\/singuli.wpress.me\/index.php\/proizvod\/picasso-tiles-set-s-kockicama-63-kom\/"},"modified":"2026-04-20T12:33:10","modified_gmt":"2026-04-20T12:33:10","slug":"picasso-tiles-set-s-kockicama-63-kom","status":"publish","type":"product","link":"https:\/\/singuli.wpress.me\/index.php\/proizvod\/picasso-tiles-set-s-kockicama-63-kom\/","title":{"rendered":"PICASSO TILES, set s kockicama, 63\u00a0kom"},"content":{"rendered":"<p>Otkrijte savr\u0161en spoj zabave i u\u010denja s <span style=\"font-weight: bold\">Picasso Tiles setom s kockicama od 63 dijela<\/span>! Ovaj set pobolj\u0161an je s ja\u010dim magnetima koji mogu dr\u017eati do 8 magnetskih plo\u010dica u dugom lancu. Uklju\u010duje i plo\u010dice s ogledalom te posebno dizajniranu magnetsku kocku koja se lako spaja s drugim plo\u010dicama.<\/p>\n<p>U\u017eivajte u ultimativnoj kombinaciji magnetskih plo\u010dica i kockica u jednom sveobuhvatnom setu. <\/p>\n<p>Svestrana kompatibilnost omogu\u0107uje integraciju s drugim Picasso Tiles setovima, \u010dime se pro\u0161iruju mogu\u0107nosti igre i poti\u010de ma\u0161tovita i kreativna zabava. Ovaj set idealan je za djecu koja vole istra\u017eivati, u\u010diti i graditi dok se igraju i razvijaju vje\u0161tine!  Sve igra\u010dke iz ove kolekcije izra\u0111ene su od BPA-free i netoksi\u010dnih materijala, \u010dime osiguravamo sigurno i zdravo okru\u017eenje za igru va\u0161e djece. Dob: 3+<\/p>\n","protected":false},"excerpt":{"rendered":"<p>Univerzalna igra\u010dka za razvoj vje\u0161tina i ma\u0161te<br \/>\nRazvoj logi\u010dkog razmi\u0161ljanja i koordinacije<br \/>\nDob: 3+god<\/p>\n","protected":false},"featured_media":33911,"template":"","meta":{"_seopress_robots_primary_cat":"","_seopress_titles_title":"","_seopress_titles_desc":"","_seopress_robots_index":"","iawp_total_views":0},"product_brand":[750],"product_cat":[221,291],"product_tag":[],"class_list":{"0":"post-33910","1":"product","2":"type-product","3":"status-publish","4":"has-post-thumbnail","6":"product_brand-picasso-tiles","7":"product_cat-igracke","8":"product_cat-igracke-za-djecu-221","10":"first","11":"instock","12":"shipping-taxable","13":"purchasable","14":"product-type-simple"},"_links":{"self":[{"href":"https:\/\/singuli.wpress.me\/index.php\/wp-json\/wp\/v2\/product\/33910","targetHints":{"allow":["GET"]}}],"collection":[{"href":"https:\/\/singuli.wpress.me\/index.php\/wp-json\/wp\/v2\/product"}],"about":[{"href":"https:\/\/singuli.wpress.me\/index.php\/wp-json\/wp\/v2\/types\/product"}],"version-history":[{"count":0,"href":"https:\/\/singuli.wpress.me\/index.php\/wp-json\/wp\/v2\/product\/33910\/revisions"}],"wp:featuredmedia":[{"embeddable":true,"href":"https:\/\/singuli.wpress.me\/index.php\/wp-json\/wp\/v2\/media\/33911"}],"wp:attachment":[{"href":"https:\/\/singuli.wpress.me\/index.php\/wp-json\/wp\/v2\/media?parent=33910"}],"wp:term":[{"taxonomy":"product_brand","embeddable":true,"href":"https:\/\/singuli.wpress.me\/index.php\/wp-json\/wp\/v2\/product_brand?post=33910"},{"taxonomy":"product_cat","embeddable":true,"href":"https:\/\/singuli.wpress.me\/index.php\/wp-json\/wp\/v2\/product_cat?post=33910"},{"taxonomy":"product_tag","embeddable":true,"href":"https:\/\/singuli.wpress.me\/index.php\/wp-json\/wp\/v2\/product_tag?post=33910"}],"curies":[{"name":"wp","href":"https:\/\/api.w.org\/{rel}","templated":true}]}}