{"id":33922,"date":"2026-04-17T13:38:06","date_gmt":"2026-04-17T13:38:06","guid":{"rendered":"https:\/\/singuli.wpress.me\/index.php\/proizvod\/gdh-mackoruksak-ruksak-s-priborom-za-crtanje\/"},"modified":"2026-04-20T12:33:10","modified_gmt":"2026-04-20T12:33:10","slug":"gdh-mackoruksak-ruksak-s-priborom-za-crtanje","status":"publish","type":"product","link":"https:\/\/singuli.wpress.me\/index.php\/proizvod\/gdh-mackoruksak-ruksak-s-priborom-za-crtanje\/","title":{"rendered":"GDH Ma\u010dkoruksak, ruksak s priborom za crtanje"},"content":{"rendered":"<p>Zaronite u svijet kreativnosti uz na\u0161 Ma\u010dkoruksak s priborom za crtanje &#8211; va\u0161eg vjernog suputnika kroz svakodnevne avanture! Otvorite ga i otkrijte \u010daroliju unutra: \u010detiri plo\u010de za pisanje i brisanje \u010dekaju va\u0161e ideje da o\u017eive, likovi iz vrti\u0107a prema kojima \u0107ete mo\u0107i izraditi svoja umjetni\u010dka djela, \u0161arene naljepnice i jo\u0161 mnogo toga! S Ma\u010dkoruksakom na le\u0111ima, svaki dan postaje prilika za kreativno izra\u017eavanje! <\/p>\n<p>Dob 4+<\/p>\n","protected":false},"excerpt":{"rendered":"<p>Dob: 4+god<\/p>\n","protected":false},"featured_media":33923,"template":"","meta":{"_seopress_robots_primary_cat":"","_seopress_titles_title":"","_seopress_titles_desc":"","_seopress_robots_index":"","iawp_total_views":0},"product_brand":[489],"product_cat":[221,291],"product_tag":[],"class_list":{"0":"post-33922","1":"product","2":"type-product","3":"status-publish","4":"has-post-thumbnail","6":"product_brand-gdh","7":"product_cat-igracke","8":"product_cat-igracke-za-djecu-221","10":"first","11":"instock","12":"shipping-taxable","13":"purchasable","14":"product-type-simple"},"_links":{"self":[{"href":"https:\/\/singuli.wpress.me\/index.php\/wp-json\/wp\/v2\/product\/33922","targetHints":{"allow":["GET"]}}],"collection":[{"href":"https:\/\/singuli.wpress.me\/index.php\/wp-json\/wp\/v2\/product"}],"about":[{"href":"https:\/\/singuli.wpress.me\/index.php\/wp-json\/wp\/v2\/types\/product"}],"version-history":[{"count":0,"href":"https:\/\/singuli.wpress.me\/index.php\/wp-json\/wp\/v2\/product\/33922\/revisions"}],"wp:featuredmedia":[{"embeddable":true,"href":"https:\/\/singuli.wpress.me\/index.php\/wp-json\/wp\/v2\/media\/33923"}],"wp:attachment":[{"href":"https:\/\/singuli.wpress.me\/index.php\/wp-json\/wp\/v2\/media?parent=33922"}],"wp:term":[{"taxonomy":"product_brand","embeddable":true,"href":"https:\/\/singuli.wpress.me\/index.php\/wp-json\/wp\/v2\/product_brand?post=33922"},{"taxonomy":"product_cat","embeddable":true,"href":"https:\/\/singuli.wpress.me\/index.php\/wp-json\/wp\/v2\/product_cat?post=33922"},{"taxonomy":"product_tag","embeddable":true,"href":"https:\/\/singuli.wpress.me\/index.php\/wp-json\/wp\/v2\/product_tag?post=33922"}],"curies":[{"name":"wp","href":"https:\/\/api.w.org\/{rel}","templated":true}]}}