{"id":33934,"date":"2026-04-17T13:38:10","date_gmt":"2026-04-17T13:38:10","guid":{"rendered":"https:\/\/singuli.wpress.me\/index.php\/proizvod\/medex-instant-napitak-postbeeotic-20-kom\/"},"modified":"2026-04-21T00:26:39","modified_gmt":"2026-04-21T00:26:39","slug":"medex-instant-napitak-postbeeotic-20-kom","status":"publish","type":"product","link":"https:\/\/singuli.wpress.me\/index.php\/proizvod\/medex-instant-napitak-postbeeotic-20-kom\/","title":{"rendered":"MEDEX, instant napitak, Postbeeotic, 20\u00a0kom"},"content":{"rendered":"<p><span style=\"font-weight: bold\">Postbeeotic\u2122 je inovativan dodatak prehrani<\/span> koji podr\u017eava zdravlje probavnog sustava kombiniraju\u0107i prebiotike i postbiotike. Zahvaljuju\u0107i visokom udjelu fruktooligosaharida (FOS) i postbiotika Bifidobacterium longum ES1 CECT 7347, poma\u017ee u odr\u017eavanju zdrave crijevne mikrobiote, smanjuje propusnost crijeva i ja\u010da imunolo\u0161ki sustav. Fibriotics\u00ae mje\u0161avina dodatno osigurava jedinstvene i bioraspolo\u017eive tvari koje pogoduju zdravlju crijevne sluznice. Redovita upotreba Postbeeotic\u2122-a doprinosi cjelokupnoj dobrobiti i kvaliteti \u017eivota.<\/p>\n<p><span style=\"font-weight: bold\">Na\u010din primjene: <\/span><br \/>\nPreporu\u010dena dnevna koli\u010dina je 1 vre\u0107ia na dan. Sadr\u017eaj vre\u0107ice istresite u \u010da\u0161u i prelijte s 1 dcl vode, dobro promije\u0161ajte i odmah popijte.\u00a0<\/p>\n<p><span style=\"font-weight: bold\">Sadr\u017eaj 1 vre\u0107ice (6,6 g):<\/span><br \/>\nVitamin C 24 mg (30% PU*)<br \/>\nNiacin 4,8 mg (30% PU*)<br \/>\nPantotenska kiselina 1,8 mg (30% PU*)<br \/>\nTiamin (vitamin B1) 0,33 mg (30% PU*)<br \/>\nRiboflavin (vitamin B2) 0,42 mg (30% PU*)<br \/>\nVitamin B6 0,42 mg (30% PU*)<br \/>\nBiotin 15 \u00b5g (30% PU*)<br \/>\nFolna kiselina 60,0 \u00b5g (30% PU*)<br \/>\nVitamin B12 0,75 \u00b5g (30% PU*)<br \/>\nInaktivirane bifidobakterije (Bifidobacterium longum ES1 CECT 7347) 25 mg (min. 2,5 milijard bakterij)<br \/>\nFermentirano vo\u0107e i povr\u0107e (Fibriotics\u00ae) 0,8 g<br \/>\nFruktooligosaharidi 2,5 g<br \/>\nMljeveni pelud 500 mg<\/p>\n","protected":false},"excerpt":{"rendered":"<p>Inovativni dodatak prehrani<br \/>\nPobolj\u0161ava crijevnu mikrobiotu, imunolo\u0161ki sustav i op\u0107u dobrobit<br \/>\nPodr\u017eava zdravlje crijeva kombinacijom prebiotika i postbiotika<\/p>\n","protected":false},"featured_media":33935,"template":"","meta":{"_seopress_robots_primary_cat":"","_seopress_titles_title":"","_seopress_titles_desc":"","_seopress_robots_index":"","iawp_total_views":0},"product_brand":[415],"product_cat":[211,289],"product_tag":[],"class_list":{"0":"post-33934","1":"product","2":"type-product","3":"status-publish","4":"has-post-thumbnail","6":"product_brand-medex","7":"product_cat-njega-majke-i-djeteta","8":"product_cat-trudnoca-i-vitamini-211","10":"first","11":"instock","12":"shipping-taxable","13":"purchasable","14":"product-type-simple"},"_links":{"self":[{"href":"https:\/\/singuli.wpress.me\/index.php\/wp-json\/wp\/v2\/product\/33934","targetHints":{"allow":["GET"]}}],"collection":[{"href":"https:\/\/singuli.wpress.me\/index.php\/wp-json\/wp\/v2\/product"}],"about":[{"href":"https:\/\/singuli.wpress.me\/index.php\/wp-json\/wp\/v2\/types\/product"}],"version-history":[{"count":0,"href":"https:\/\/singuli.wpress.me\/index.php\/wp-json\/wp\/v2\/product\/33934\/revisions"}],"wp:featuredmedia":[{"embeddable":true,"href":"https:\/\/singuli.wpress.me\/index.php\/wp-json\/wp\/v2\/media\/33935"}],"wp:attachment":[{"href":"https:\/\/singuli.wpress.me\/index.php\/wp-json\/wp\/v2\/media?parent=33934"}],"wp:term":[{"taxonomy":"product_brand","embeddable":true,"href":"https:\/\/singuli.wpress.me\/index.php\/wp-json\/wp\/v2\/product_brand?post=33934"},{"taxonomy":"product_cat","embeddable":true,"href":"https:\/\/singuli.wpress.me\/index.php\/wp-json\/wp\/v2\/product_cat?post=33934"},{"taxonomy":"product_tag","embeddable":true,"href":"https:\/\/singuli.wpress.me\/index.php\/wp-json\/wp\/v2\/product_tag?post=33934"}],"curies":[{"name":"wp","href":"https:\/\/api.w.org\/{rel}","templated":true}]}}