{"id":33940,"date":"2026-04-17T13:38:11","date_gmt":"2026-04-17T13:38:11","guid":{"rendered":"https:\/\/singuli.wpress.me\/index.php\/proizvod\/medex-propolis-bio-defense-apf-30-kapi-na-vodenoj-osnovi-30-ml\/"},"modified":"2026-04-20T12:33:10","modified_gmt":"2026-04-20T12:33:10","slug":"medex-propolis-bio-defense-apf-30-kapi-na-vodenoj-osnovi-30-ml","status":"publish","type":"product","link":"https:\/\/singuli.wpress.me\/index.php\/proizvod\/medex-propolis-bio-defense-apf-30-kapi-na-vodenoj-osnovi-30-ml\/","title":{"rendered":"MEDEX, Propolis Bio Defense APF 30 kapi na vodenoj osnovi, 30\u00a0ml"},"content":{"rendered":"<p>BIO Propolis Defense je sna\u017ena vodena otopina propolisa s APF\u00ae 30 faktorom, namijenjena za za\u0161titu usne \u0161upljine, probavnog sustava i ja\u010danje imuniteta. Pogodan je za odrasle, djecu stariju od 3 godine, trudnice i dojilje. Proizvod ne iritira sluznicu, ne ostavlja mrlje na zubima i ima ugodan okus. Visoka koncentracija flavonoida (30 mg\/ml) osigurava dokazano antimikrobno i protuupalno djelovanje.<\/p>\n<p>Na\u010din primjene:<br \/>\nPreporu\u010dena dnevna doza za adolescente od 12 godina i odrasle je 0,75 ml, a za djecu od 3-12 godina 8 kapi, 2 puta dnevno. Izmjerite ga u bilo koju teku\u0107inu ili nakapajte na \u017elicu meda i konzumirajte. Za primjenu u usnoj \u0161upljini, dodajte 0,75 ml (12+ godina) ili 8 kapi (djeca 3-12 godina) otopine propolisa u oko 20 ml vode dva puta dnevno, isperite usta ili grgljajte pola minute i zatim progutajte . Za pranje zuba, stavite 2 kapi na pastu za zube 2 puta dnevno i perite najmanje 3 minute.<\/p>\n<p>Upozorenja:<br \/>\nPreporu\u010dena dnevna doza ne smije se prekora\u010diti. Pretjerana konzumacija mo\u017ee imati laksativni u\u010dinak. Zbog prirodnog podrijetla sastojaka, mogu se pojaviti naslage ili ostaci. Uvijek dobro promije\u0161ajte proizvod protresanjem prije svake upotrebe. Dodatak prehrani nije zamjena za uravnote\u017eenu i raznovrsnu prehranu i zdrav na\u010din \u017eivota. \u010cuvati izvan dohvata djece! \u010cuvati na tamnom i suhom mjestu pri temperaturi do 25\u00b0C.<\/p>\n","protected":false},"excerpt":{"rendered":"<p>Vodena otopina propolisa s APF\u00ae 30 faktorom<br \/>\n\u0160titi usnu \u0161upljinu, probavni sustav i ja\u010da imunitet<br \/>\nVisoki udio flavonoida (30 mg\/ml), pru\u017ea antimikrobno i protuupalno djelovanje bez iritacije sluznice<\/p>\n","protected":false},"featured_media":33941,"template":"","meta":{"_seopress_robots_primary_cat":"","_seopress_titles_title":"","_seopress_titles_desc":"","_seopress_robots_index":"","iawp_total_views":0},"product_brand":[415],"product_cat":[268,269],"product_tag":[],"class_list":{"0":"post-33940","1":"product","2":"type-product","3":"status-publish","4":"has-post-thumbnail","6":"product_brand-medex","7":"product_cat-kozmetika-2","8":"product_cat-zastita-koze-268","10":"first","11":"instock","12":"shipping-taxable","13":"purchasable","14":"product-type-simple"},"_links":{"self":[{"href":"https:\/\/singuli.wpress.me\/index.php\/wp-json\/wp\/v2\/product\/33940","targetHints":{"allow":["GET"]}}],"collection":[{"href":"https:\/\/singuli.wpress.me\/index.php\/wp-json\/wp\/v2\/product"}],"about":[{"href":"https:\/\/singuli.wpress.me\/index.php\/wp-json\/wp\/v2\/types\/product"}],"version-history":[{"count":0,"href":"https:\/\/singuli.wpress.me\/index.php\/wp-json\/wp\/v2\/product\/33940\/revisions"}],"wp:featuredmedia":[{"embeddable":true,"href":"https:\/\/singuli.wpress.me\/index.php\/wp-json\/wp\/v2\/media\/33941"}],"wp:attachment":[{"href":"https:\/\/singuli.wpress.me\/index.php\/wp-json\/wp\/v2\/media?parent=33940"}],"wp:term":[{"taxonomy":"product_brand","embeddable":true,"href":"https:\/\/singuli.wpress.me\/index.php\/wp-json\/wp\/v2\/product_brand?post=33940"},{"taxonomy":"product_cat","embeddable":true,"href":"https:\/\/singuli.wpress.me\/index.php\/wp-json\/wp\/v2\/product_cat?post=33940"},{"taxonomy":"product_tag","embeddable":true,"href":"https:\/\/singuli.wpress.me\/index.php\/wp-json\/wp\/v2\/product_tag?post=33940"}],"curies":[{"name":"wp","href":"https:\/\/api.w.org\/{rel}","templated":true}]}}