{"id":33944,"date":"2026-04-17T13:38:13","date_gmt":"2026-04-17T13:38:13","guid":{"rendered":"https:\/\/singuli.wpress.me\/index.php\/proizvod\/lavazza-tierra-cuba-kava-u-zrnu-1-kg\/"},"modified":"2026-04-20T12:33:10","modified_gmt":"2026-04-20T12:33:10","slug":"lavazza-tierra-cuba-kava-u-zrnu-1-kg","status":"publish","type":"product","link":"https:\/\/singuli.wpress.me\/index.php\/proizvod\/lavazza-tierra-cuba-kava-u-zrnu-1-kg\/","title":{"rendered":"LAVAZZA Tierra Cuba, kava u zrnu, 1\u00a0kg"},"content":{"rendered":"<p>La Reserva de \u00a1Tierra! Cuba nije samo kava, ve\u0107 putovanje u srce regija Granma i Santiago na Kubi. Ova jedinstvena, vrhunska mje\u0161avina spaja pa\u017eljivo odabranu opranu Arabicu s inovativnom, 72 sata fermentiranom opranom Robustom. Rezultat je savr\u0161eno zaokru\u017een i uravnote\u017een okus koji karakterizira bar\u0161unasto tijelo i suptilna, nje\u017ena slatko\u0107a.<\/p>\n<p>Ono \u0161to ovu kavu \u010dini posebnom je njezino podrijetlo \u2013 radi se o 100% kavi s planta\u017ea koje podr\u017eava Zaklada Lavazza. Kroz partnerstvo s vi\u0161e od 200 lokalnih farmera, Zaklada radi na dugoro\u010dnom razvoju kubanske kave kao lokalne izvrsnosti, istovremeno brinu\u0107i o okoli\u0161u. Projekt se temelji na pet klju\u010dnih ciljeva: o\u010duvanju \u0161uma, unapre\u0111enju poljoprivrednih praksi, pobolj\u0161anju kvalitete kave, osna\u017eivanju \u017eena i mladih te stvaranju pravednijeg lanca vrijednosti.<\/p>\n<p>U\u017eivajte u u\u017eitku na\u0161e kave svakoga dana: Lavazza u svakoj \u0161alici spaja najbolje od talijanskog znanja i iskustva s najboljim iz cijeloga svijeta. U\u017eivajte u kavi onako kako najvi\u0161e volite i proslavite talijanski na\u010din \u017eivota!<\/p>\n","protected":false},"excerpt":{"rendered":"<p>Sadr\u017ei 72-satno fermentiranu Robustu koja kavi daje nevjerojatnu glatko\u0107u i kompleksan profil<br \/>\nSpoj kubanske tradicije i talijanske stru\u010dnosti za \u0161alicu kave bar\u0161unaste teksture i nje\u017ene slatko\u0107e<\/p>\n","protected":false},"featured_media":33945,"template":"","meta":{"_seopress_robots_primary_cat":"","_seopress_titles_title":"","_seopress_titles_desc":"","_seopress_robots_index":"","iawp_total_views":0},"product_brand":[393],"product_cat":[261,275],"product_tag":[],"class_list":{"0":"post-33944","1":"product","2":"type-product","3":"status-publish","4":"has-post-thumbnail","6":"product_brand-lavazza","7":"product_cat-hrana-i-pice","8":"product_cat-kava-i-cajevi-261","10":"first","11":"instock","12":"shipping-taxable","13":"purchasable","14":"product-type-simple"},"_links":{"self":[{"href":"https:\/\/singuli.wpress.me\/index.php\/wp-json\/wp\/v2\/product\/33944","targetHints":{"allow":["GET"]}}],"collection":[{"href":"https:\/\/singuli.wpress.me\/index.php\/wp-json\/wp\/v2\/product"}],"about":[{"href":"https:\/\/singuli.wpress.me\/index.php\/wp-json\/wp\/v2\/types\/product"}],"version-history":[{"count":0,"href":"https:\/\/singuli.wpress.me\/index.php\/wp-json\/wp\/v2\/product\/33944\/revisions"}],"wp:featuredmedia":[{"embeddable":true,"href":"https:\/\/singuli.wpress.me\/index.php\/wp-json\/wp\/v2\/media\/33945"}],"wp:attachment":[{"href":"https:\/\/singuli.wpress.me\/index.php\/wp-json\/wp\/v2\/media?parent=33944"}],"wp:term":[{"taxonomy":"product_brand","embeddable":true,"href":"https:\/\/singuli.wpress.me\/index.php\/wp-json\/wp\/v2\/product_brand?post=33944"},{"taxonomy":"product_cat","embeddable":true,"href":"https:\/\/singuli.wpress.me\/index.php\/wp-json\/wp\/v2\/product_cat?post=33944"},{"taxonomy":"product_tag","embeddable":true,"href":"https:\/\/singuli.wpress.me\/index.php\/wp-json\/wp\/v2\/product_tag?post=33944"}],"curies":[{"name":"wp","href":"https:\/\/api.w.org\/{rel}","templated":true}]}}