{"id":33948,"date":"2026-04-17T13:38:14","date_gmt":"2026-04-17T13:38:14","guid":{"rendered":"https:\/\/singuli.wpress.me\/index.php\/proizvod\/glade-mirisna-svijeca-i-love-you-112-g\/"},"modified":"2026-04-21T00:26:39","modified_gmt":"2026-04-21T00:26:39","slug":"glade-mirisna-svijeca-i-love-you-112-g","status":"publish","type":"product","link":"https:\/\/singuli.wpress.me\/index.php\/proizvod\/glade-mirisna-svijeca-i-love-you-112-g\/","title":{"rendered":"GLADE, mirisna svije\u0107a, I love you, 112\u00a0g"},"content":{"rendered":"<p>Glade\u00ae Mirisna svije\u0107a pru\u017ea ugodan miris oboga\u0107en esencijalnim uljima koji ispunjava cijelu prostoriju.<br \/>\nRomanti\u010dni miris koji spaja note marelice, ru\u017ee, bijelog cvije\u0107a i breskve. Lijepo isti\u010de posebne trenutke. Miris stvoren od kvalitetnih sastojaka za jedinstveno iskustvo mirisa s elegantnim dizajnom. <\/p>\n<p>Sigurnosna upozorenja:<br \/>\n&#8211; EUH208 Sadr\u017ei 2-(4-tert-butilbenzil)propionaldehid; 1-(1,2,3,4,5,6,7,8-oktahidro-2,3,8,8-tetrametil-2-naftil)etan-1-on. Mo\u017ee izazvati alergijsku reakciju.<br \/>\n&#8211; P102 \u010cuvati izvan dohvata djece.<br \/>\n&#8211; P501 Odlo\u017eiti sadr\u017eaj\/spremnik u skladu s nacionalnim propisima.<\/p>\n<p><\/p>\n","protected":false},"excerpt":{"rendered":"<p>Miris oboga\u0107en eteri\u010dnim uljima<br \/>\nStvara ugodnu atmosferu<br \/>\nMiris ispunjava cijelu prostoriju<\/p>\n","protected":false},"featured_media":33949,"template":"","meta":{"_seopress_robots_primary_cat":"","_seopress_titles_title":"","_seopress_titles_desc":"","_seopress_robots_index":"","iawp_total_views":0},"product_brand":[405],"product_cat":[294,238],"product_tag":[],"class_list":{"0":"post-33948","1":"product","2":"type-product","3":"status-publish","4":"has-post-thumbnail","6":"product_brand-glade","7":"product_cat-osvjezivaci-zraka-238","8":"product_cat-sve-za-dom","10":"first","11":"instock","12":"shipping-taxable","13":"purchasable","14":"product-type-simple"},"_links":{"self":[{"href":"https:\/\/singuli.wpress.me\/index.php\/wp-json\/wp\/v2\/product\/33948","targetHints":{"allow":["GET"]}}],"collection":[{"href":"https:\/\/singuli.wpress.me\/index.php\/wp-json\/wp\/v2\/product"}],"about":[{"href":"https:\/\/singuli.wpress.me\/index.php\/wp-json\/wp\/v2\/types\/product"}],"version-history":[{"count":0,"href":"https:\/\/singuli.wpress.me\/index.php\/wp-json\/wp\/v2\/product\/33948\/revisions"}],"wp:featuredmedia":[{"embeddable":true,"href":"https:\/\/singuli.wpress.me\/index.php\/wp-json\/wp\/v2\/media\/33949"}],"wp:attachment":[{"href":"https:\/\/singuli.wpress.me\/index.php\/wp-json\/wp\/v2\/media?parent=33948"}],"wp:term":[{"taxonomy":"product_brand","embeddable":true,"href":"https:\/\/singuli.wpress.me\/index.php\/wp-json\/wp\/v2\/product_brand?post=33948"},{"taxonomy":"product_cat","embeddable":true,"href":"https:\/\/singuli.wpress.me\/index.php\/wp-json\/wp\/v2\/product_cat?post=33948"},{"taxonomy":"product_tag","embeddable":true,"href":"https:\/\/singuli.wpress.me\/index.php\/wp-json\/wp\/v2\/product_tag?post=33948"}],"curies":[{"name":"wp","href":"https:\/\/api.w.org\/{rel}","templated":true}]}}