{"id":33951,"date":"2026-04-17T13:38:15","date_gmt":"2026-04-17T13:38:15","guid":{"rendered":"https:\/\/singuli.wpress.me\/index.php\/proizvod\/panolin-s4-hlp-46-eal-sinteticko-ulje-za-industrijske-reduktore-20-l\/"},"modified":"2026-04-20T12:33:10","modified_gmt":"2026-04-20T12:33:10","slug":"panolin-s4-hlp-46-eal-sinteticko-ulje-za-industrijske-reduktore-20-l","status":"publish","type":"product","link":"https:\/\/singuli.wpress.me\/index.php\/proizvod\/panolin-s4-hlp-46-eal-sinteticko-ulje-za-industrijske-reduktore-20-l\/","title":{"rendered":"PANOLIN S4 HLP 46 EAL, sinteti\u010dko ulje za industrijske reduktore, 20\u00a0l"},"content":{"rendered":"<p><strong>Shell PANOLIN S4 HLP Synth<\/strong> je na\u0161a najnaprednija i industrijski vode\u0107a, <strong>visokou\u010dinkovita hidrauli\u010dna teku\u0107ina<\/strong> tipa HEES. Bazirana na zasi\u0107enim sinteti\u010dkim esterima, iznimno je <strong>lako biorazgradiva<\/strong>, \u0161to je \u010dini idealnom za uporabu u <strong>ekolo\u0161ki osjetljivim podru\u010djima<\/strong>.<\/p>\n<p>Kao prva <strong>Bosch-odobrena HEES teku\u0107ina<\/strong>, formulirana je uz posebnu tehnologiju aditiva <strong>bez cinka<\/strong>. <strong>Shell PANOLIN S4 HLP Synth<\/strong> pove\u0107ava u\u010dinkovitost strojeva jer pru\u017ea **vrhunsku za\u0161titu od tro\u0161enja** uz izrazito <strong>produ\u017eeni vijek trajanja ulja<\/strong>.<\/p>\n<p>Savr\u0161eno je pogodna za stacionarne i mobilne hidrauli\u010dne sustave, uklju\u010duju\u0107i <strong>gra\u0111evinske, zemljane i \u0161umarske strojeve<\/strong>.<\/p>\n","protected":false},"excerpt":{"rendered":"<p>Lako biorazgradiva hidrauli\u010dna teku\u0107ina (HEES tip)<br \/>\nProdu\u017eeni vijek trajanja ulja i vrhunska za\u0161tita od tro\u0161enja<br \/>\nIdealna za primjenu u gra\u0111evinskim i \u0161umarskim strojevima u ekolo\u0161ki osjetljivim podru\u010djima<\/p>\n","protected":false},"featured_media":33952,"template":"","meta":{"_seopress_robots_primary_cat":"","_seopress_titles_title":"","_seopress_titles_desc":"","_seopress_robots_index":"","iawp_total_views":0},"product_brand":[752],"product_cat":[243,276],"product_tag":[],"class_list":{"0":"post-33951","1":"product","2":"type-product","3":"status-publish","4":"has-post-thumbnail","6":"product_brand-panolin","7":"product_cat-automobili-i-motori","8":"product_cat-industrijska-i-specijalna-ulja-243","10":"first","11":"outofstock","12":"shipping-taxable","13":"purchasable","14":"product-type-simple"},"_links":{"self":[{"href":"https:\/\/singuli.wpress.me\/index.php\/wp-json\/wp\/v2\/product\/33951","targetHints":{"allow":["GET"]}}],"collection":[{"href":"https:\/\/singuli.wpress.me\/index.php\/wp-json\/wp\/v2\/product"}],"about":[{"href":"https:\/\/singuli.wpress.me\/index.php\/wp-json\/wp\/v2\/types\/product"}],"version-history":[{"count":0,"href":"https:\/\/singuli.wpress.me\/index.php\/wp-json\/wp\/v2\/product\/33951\/revisions"}],"wp:featuredmedia":[{"embeddable":true,"href":"https:\/\/singuli.wpress.me\/index.php\/wp-json\/wp\/v2\/media\/33952"}],"wp:attachment":[{"href":"https:\/\/singuli.wpress.me\/index.php\/wp-json\/wp\/v2\/media?parent=33951"}],"wp:term":[{"taxonomy":"product_brand","embeddable":true,"href":"https:\/\/singuli.wpress.me\/index.php\/wp-json\/wp\/v2\/product_brand?post=33951"},{"taxonomy":"product_cat","embeddable":true,"href":"https:\/\/singuli.wpress.me\/index.php\/wp-json\/wp\/v2\/product_cat?post=33951"},{"taxonomy":"product_tag","embeddable":true,"href":"https:\/\/singuli.wpress.me\/index.php\/wp-json\/wp\/v2\/product_tag?post=33951"}],"curies":[{"name":"wp","href":"https:\/\/api.w.org\/{rel}","templated":true}]}}