{"id":33958,"date":"2026-04-17T13:38:20","date_gmt":"2026-04-17T13:38:20","guid":{"rendered":"https:\/\/singuli.wpress.me\/index.php\/proizvod\/domo-do1089m-stapni-mikser\/"},"modified":"2026-04-20T12:33:10","modified_gmt":"2026-04-20T12:33:10","slug":"domo-do1089m-stapni-mikser","status":"publish","type":"product","link":"https:\/\/singuli.wpress.me\/index.php\/proizvod\/domo-do1089m-stapni-mikser\/","title":{"rendered":"DOMO DO1089M, \u0161tapni mikser"},"content":{"rendered":"<p>Otkrijte svestranost i snagu u jednom ure\u0111aju.<br \/>\n<span style=\"font-weight: bold\">Set \u0161tapnog miksera DOMO DO1089M<\/span> idealan je izbor za svaku kuhinju \u2013 bilo da pripremate juhe, tu\u010dete \u0161lag ili radite doma\u0107e namaze. Sa svojim kompaktim dizajnom, izdr\u017eljivim materijalima i snagom od 600 W, postat \u0107e va\u0161 nezamjenjiv kuhinjski pomo\u0107nik.<\/p>\n<p><span style=\"font-weight: bold\">&#8211; 3-u-1 funkcionalnost za svakodnevne zadatke<\/span><br \/>\nSet uklju\u010duje \u0161tapni mikser za juhe, metlicu za tu\u010denje i sjeckalicu \u2013 sve \u0161to vam je potrebno za brzu i u\u010dinkovitu pripremu jela. U paketu se nalazi i posuda s mjernom skalom za precizno doziranje sastojaka.<\/p>\n<p><span style=\"font-weight: bold\">&#8211; Snaga i preciznost uz prilagodljivu brzinu<\/span><br \/>\nPodesiva kontrola brzine i turbo funkcija omogu\u0107uju vam potpunu prilagodbu snage ovisno o vrsti namirnica. Turbo tipka aktivira punu snagu od 600 W za najzahtjevnije zadatke.<\/p>\n<p><span style=\"font-weight: bold\">&#8211; Nehr\u0111aju\u0107i \u010delik i odvojivi nastavci za jednostavno \u010di\u0161\u0107enje<\/span><br \/>\nTijelo miksera izra\u0111eno je od nehr\u0111aju\u0107eg \u010delika, \u0161to osigurava dugotrajnu uporabu. Svi nastavci su odvojivi i jednostavni za \u010di\u0161\u0107enje \u2013 manje brige nakon kuhanja.<\/p>\n<p><span style=\"font-weight: bold\">Tehni\u010dke specifikacije:<\/span><br \/>\nFunkcije: Mije\u0161anje, tu\u010denje, sjeckanje<br \/>\nUklju\u010deni nastavci: Metlica za tu\u010denje, \u0161tapni mikser, sjeckalica, posuda za mjerenje<br \/>\nSnaga: 600 W<br \/>\nBroj o\u0161trica: 2<br \/>\nDuljina kabela: 100 cm<br \/>\nDimenzije (D x \u0160 x V): 8 x 6,4 x 38 cm<br \/>\nSadr\u017eaj pakiranja: 1x osnovna jedinica, 1x metlica, 1x \u0161tapni mikser, 1x sjeckalica, 1x mjerna posuda, upute<br \/>\nJamstvo: 2 godine<\/p>\n","protected":false},"excerpt":{"rendered":"<p>3-u-1 funkcije: Mije\u0161anje, tu\u010denje i sjeckanje s jednim ure\u0111ajem<br \/>\nSnaga 600 W + turbo funkcija: Za brzo i temeljito obradu sastojaka<br \/>\nNehr\u0111aju\u0107i \u010delik i odvojivi nastavci: Izdr\u017eljiva izrada i jednostavno \u010di\u0161\u0107enje<\/p>\n","protected":false},"featured_media":33959,"template":"","meta":{"_seopress_robots_primary_cat":"","_seopress_titles_title":"","_seopress_titles_desc":"","_seopress_robots_index":"","iawp_total_views":0},"product_brand":[255],"product_cat":[192,267],"product_tag":[],"class_list":{"0":"post-33958","1":"product","2":"type-product","3":"status-publish","4":"has-post-thumbnail","6":"product_brand-domo","7":"product_cat-aparati-za-osobnu-njegu","8":"product_cat-zdravstveni-uredaji-192","10":"first","11":"outofstock","12":"shipping-taxable","13":"purchasable","14":"product-type-simple"},"_links":{"self":[{"href":"https:\/\/singuli.wpress.me\/index.php\/wp-json\/wp\/v2\/product\/33958","targetHints":{"allow":["GET"]}}],"collection":[{"href":"https:\/\/singuli.wpress.me\/index.php\/wp-json\/wp\/v2\/product"}],"about":[{"href":"https:\/\/singuli.wpress.me\/index.php\/wp-json\/wp\/v2\/types\/product"}],"version-history":[{"count":0,"href":"https:\/\/singuli.wpress.me\/index.php\/wp-json\/wp\/v2\/product\/33958\/revisions"}],"wp:featuredmedia":[{"embeddable":true,"href":"https:\/\/singuli.wpress.me\/index.php\/wp-json\/wp\/v2\/media\/33959"}],"wp:attachment":[{"href":"https:\/\/singuli.wpress.me\/index.php\/wp-json\/wp\/v2\/media?parent=33958"}],"wp:term":[{"taxonomy":"product_brand","embeddable":true,"href":"https:\/\/singuli.wpress.me\/index.php\/wp-json\/wp\/v2\/product_brand?post=33958"},{"taxonomy":"product_cat","embeddable":true,"href":"https:\/\/singuli.wpress.me\/index.php\/wp-json\/wp\/v2\/product_cat?post=33958"},{"taxonomy":"product_tag","embeddable":true,"href":"https:\/\/singuli.wpress.me\/index.php\/wp-json\/wp\/v2\/product_tag?post=33958"}],"curies":[{"name":"wp","href":"https:\/\/api.w.org\/{rel}","templated":true}]}}