{"id":33964,"date":"2026-04-17T13:38:21","date_gmt":"2026-04-17T13:38:21","guid":{"rendered":"https:\/\/singuli.wpress.me\/index.php\/proizvod\/clearblue-set-ovulacijski-digitalni-test-rani-test-za-utvrdivanje-trudnoce\/"},"modified":"2026-04-20T12:33:10","modified_gmt":"2026-04-20T12:33:10","slug":"clearblue-set-ovulacijski-digitalni-test-rani-test-za-utvrdivanje-trudnoce","status":"publish","type":"product","link":"https:\/\/singuli.wpress.me\/index.php\/proizvod\/clearblue-set-ovulacijski-digitalni-test-rani-test-za-utvrdivanje-trudnoce\/","title":{"rendered":"CLEARBLUE, set, ovulacijski digitalni test + rani test za utvr\u0111ivanje trudno\u0107e"},"content":{"rendered":"<p><span style=\"font-weight: bold\">Ovulacijski digitalni test:<\/span> Pouzdanost ve\u0107a od 99% u utvr\u0111ivanju va\u0161a dva najplodnija dana- uz jasne rezultate bez pogre\u0161ke. U svakom ciklusu \u017eena mo\u017ee zatrudnjeti samo tijekom nekoliko dana.<\/p>\n<p>Prema tome, ako poku\u0161avate zatrudnjeti, jako je va\u017eno tih dana imati spolne odnose. Clearblue Digital test za utvr\u0111ivanje ovulacije poma\u017ee u pove\u0107anju va\u0161ih izgleda da prirodno zatrudnite utvr\u0111uju\u0107i va\u0161a 2 najplodnija dana u svakom ciklusu, mjerenjem promjena u razini klju\u010dnog hormona plodnosti \u2013 luteiniziraju\u0107eg hormona (LH). Test je pouzdaniji od kalendarske i temperaturne metode* te vam pru\u017ea jasne rezultate bez pogre\u0161ke koji su prikazani na digitalnom zaslonu.<br \/>Utvr\u0111ivanjem 2 dana kada su va\u0161e mogu\u0107nosti da zatrudnite najvi\u0161e, mo\u017eete biti sigurniji da poku\u0161avate u pravo vrijeme. Uz pomo\u0107 jasnog digitalnog zaslona, svoje rezultate mo\u017eete o\u010ditati jednostavnije nego ikad prije.<br \/>Jednostavan za uporabu. Jedinstveni svjetle\u0107i simbol &#8216;\u0161tapi\u0107a za testiranje&#8217; pokazuje da digitalni test za utvr\u0111ivanje ovulacije ispravno radi.<span style=\"font-weight: bold\"><br \/>* Ellis JE., et al. Human Reproduction (2011.) 26: i76 (O-191)<\/span><\/p>\n<p><span style=\"font-weight: bold\">Rani test za utvr\u0111ivanje trudno\u0107e:<\/span> Za rano testiranje, testiranje se mo\u017ee obaviti 6 dana ranije.<br \/>Clearblue\u00a9 rani test za otkrivanje trudno\u0107e najosjetljiviji je od Clearblue testova, \u0161to zna\u010di da se mo\u017eete testirati do 6 dana prije izostale mjese\u010dnice.<br \/>Clearblue rani test za utvr\u0111ivanje trudno\u0107e osmi\u0161ljen je kako bi pru\u017eio najjednostavnije iskustvo testiranja na trudno\u0107u, uz pouzdanost koja se o\u010dekuje od testa Clearblue i to 6 dana prije izostanka mjese\u010dnice.<br \/>Vi\u0161e od 99% to\u010dan. Ergonomski je oblikovan.<br \/>Ima jedinstvenu FloodguardTM tehnologiju, koja smanjuje pogre\u0161ku testa, zbog prekomjerne absorpcije uzorka. Jasan prikaz rezultata: 2 crtice ukoliko je trudno\u0107a, 1 crtica ukoliko nema trudno\u0107e<span style=\"font-weight: bold\"><\/span><\/p>\n","protected":false},"excerpt":{"rendered":"<p>Set sadr\u017ei Clearblue ovulacijski digitalni test i rani test za utvr\u0111ivanje trudno\u0107e<br \/>\nU pakiranju ovulacijskog digitalnog testa je 10 testnih trakica i 1 \u010dita\u010d rezultata<br \/>\nRani test za utvr\u0111ivanje trudno\u0107e mo\u017ee se koristiti 6 dana prije izostanka mjese\u010dnice<\/p>\n","protected":false},"featured_media":33965,"template":"","meta":{"_seopress_robots_primary_cat":"","_seopress_titles_title":"","_seopress_titles_desc":"","_seopress_robots_index":"","iawp_total_views":0},"product_brand":[753],"product_cat":[211,289],"product_tag":[],"class_list":{"0":"post-33964","1":"product","2":"type-product","3":"status-publish","4":"has-post-thumbnail","6":"product_brand-clearblue","7":"product_cat-njega-majke-i-djeteta","8":"product_cat-trudnoca-i-vitamini-211","10":"first","11":"outofstock","12":"shipping-taxable","13":"purchasable","14":"product-type-simple"},"_links":{"self":[{"href":"https:\/\/singuli.wpress.me\/index.php\/wp-json\/wp\/v2\/product\/33964","targetHints":{"allow":["GET"]}}],"collection":[{"href":"https:\/\/singuli.wpress.me\/index.php\/wp-json\/wp\/v2\/product"}],"about":[{"href":"https:\/\/singuli.wpress.me\/index.php\/wp-json\/wp\/v2\/types\/product"}],"version-history":[{"count":0,"href":"https:\/\/singuli.wpress.me\/index.php\/wp-json\/wp\/v2\/product\/33964\/revisions"}],"wp:featuredmedia":[{"embeddable":true,"href":"https:\/\/singuli.wpress.me\/index.php\/wp-json\/wp\/v2\/media\/33965"}],"wp:attachment":[{"href":"https:\/\/singuli.wpress.me\/index.php\/wp-json\/wp\/v2\/media?parent=33964"}],"wp:term":[{"taxonomy":"product_brand","embeddable":true,"href":"https:\/\/singuli.wpress.me\/index.php\/wp-json\/wp\/v2\/product_brand?post=33964"},{"taxonomy":"product_cat","embeddable":true,"href":"https:\/\/singuli.wpress.me\/index.php\/wp-json\/wp\/v2\/product_cat?post=33964"},{"taxonomy":"product_tag","embeddable":true,"href":"https:\/\/singuli.wpress.me\/index.php\/wp-json\/wp\/v2\/product_tag?post=33964"}],"curies":[{"name":"wp","href":"https:\/\/api.w.org\/{rel}","templated":true}]}}