{"id":33968,"date":"2026-04-17T13:38:22","date_gmt":"2026-04-17T13:38:22","guid":{"rendered":"https:\/\/singuli.wpress.me\/index.php\/proizvod\/jacobs-velvet-gold-crema-instant-napitak-duo-pakiranje-360-g\/"},"modified":"2026-04-20T12:33:10","modified_gmt":"2026-04-20T12:33:10","slug":"jacobs-velvet-gold-crema-instant-napitak-duo-pakiranje-360-g","status":"publish","type":"product","link":"https:\/\/singuli.wpress.me\/index.php\/proizvod\/jacobs-velvet-gold-crema-instant-napitak-duo-pakiranje-360-g\/","title":{"rendered":"JACOBS Velvet Gold Crema, instant napitak, duo pakiranje, 360\u00a0g"},"content":{"rendered":"<p>Jacobs Velvet Gold Crema 180g je vrhunska instant kava koja spaja bogatu aromu i glatku, kremastu teksturu. Ovaj premium proizvod dolazi iz pa\u017eljivo odabranih zrna kave, pr\u017eenih do savr\u0161enstva, \u0161to rezultira punim, bogatim okusom s finom zlatnom kremom na vrhu. Idealna je za one koji u\u017eivaju u luksuznom do\u017eivljaju kave kod ku\u0107e, pru\u017eaju\u0107i bar\u0161unasti osje\u0107aj u svakom gutljaju. Priprema je brza i jednostavna, samo dodajte toplu vodu i u\u017eivajte u savr\u0161enoj \u0161alici kave u trenucima kada vam je potreban odmor i opu\u0161tanje.<\/p>\n","protected":false},"excerpt":{"rendered":"<p>Bogata aroma i kremasta tekstura<br \/>\nPremium kvaliteta<br \/>\nPakiranje 2x180g<\/p>\n","protected":false},"featured_media":33969,"template":"","meta":{"_seopress_robots_primary_cat":"","_seopress_titles_title":"","_seopress_titles_desc":"","_seopress_robots_index":"","iawp_total_views":0},"product_brand":[419],"product_cat":[261,275],"product_tag":[],"class_list":{"0":"post-33968","1":"product","2":"type-product","3":"status-publish","4":"has-post-thumbnail","6":"product_brand-jacobs","7":"product_cat-hrana-i-pice","8":"product_cat-kava-i-cajevi-261","10":"first","11":"outofstock","12":"shipping-taxable","13":"purchasable","14":"product-type-simple"},"_links":{"self":[{"href":"https:\/\/singuli.wpress.me\/index.php\/wp-json\/wp\/v2\/product\/33968","targetHints":{"allow":["GET"]}}],"collection":[{"href":"https:\/\/singuli.wpress.me\/index.php\/wp-json\/wp\/v2\/product"}],"about":[{"href":"https:\/\/singuli.wpress.me\/index.php\/wp-json\/wp\/v2\/types\/product"}],"version-history":[{"count":0,"href":"https:\/\/singuli.wpress.me\/index.php\/wp-json\/wp\/v2\/product\/33968\/revisions"}],"wp:featuredmedia":[{"embeddable":true,"href":"https:\/\/singuli.wpress.me\/index.php\/wp-json\/wp\/v2\/media\/33969"}],"wp:attachment":[{"href":"https:\/\/singuli.wpress.me\/index.php\/wp-json\/wp\/v2\/media?parent=33968"}],"wp:term":[{"taxonomy":"product_brand","embeddable":true,"href":"https:\/\/singuli.wpress.me\/index.php\/wp-json\/wp\/v2\/product_brand?post=33968"},{"taxonomy":"product_cat","embeddable":true,"href":"https:\/\/singuli.wpress.me\/index.php\/wp-json\/wp\/v2\/product_cat?post=33968"},{"taxonomy":"product_tag","embeddable":true,"href":"https:\/\/singuli.wpress.me\/index.php\/wp-json\/wp\/v2\/product_tag?post=33968"}],"curies":[{"name":"wp","href":"https:\/\/api.w.org\/{rel}","templated":true}]}}