{"id":33970,"date":"2026-04-17T13:38:23","date_gmt":"2026-04-17T13:38:23","guid":{"rendered":"https:\/\/singuli.wpress.me\/index.php\/proizvod\/spirax-s6-txme-univerzalno-traktorsko-transmisijsko-ulje-209-l\/"},"modified":"2026-04-20T12:33:10","modified_gmt":"2026-04-20T12:33:10","slug":"spirax-s6-txme-univerzalno-traktorsko-transmisijsko-ulje-209-l","status":"publish","type":"product","link":"https:\/\/singuli.wpress.me\/index.php\/proizvod\/spirax-s6-txme-univerzalno-traktorsko-transmisijsko-ulje-209-l\/","title":{"rendered":"SPIRAX S6 TXME, univerzalno traktorsko transmisijsko ulje, 209\u00a0l"},"content":{"rendered":"<p><span style=\"font-weight: bold\">Univerzalno traktorsko transmisijsko ulje<\/span> (UTTO) dizajnirano da osigura izvrsno podmazivanje u transmisijama, hidrauli\u010dkim sustavima i mokrim ko\u010dnicama i drugim sustavima koji su na poljoprivrednim traktorima i gra\u0111evinskim strojevima. <span style=\"font-weight: bold\">Spirax S6 TXME<\/span>, kombinacijom Shell XHVI sinteti\u010dkog baznog ulja sa najnovijom tehnologijom aditiva je posebno prikladno za te\u0161ko optere\u0107ene aplikacije koje rade u te\u0161kim i visokotemperaturnim uvjetima.<\/p>\n<p>Specifikacija: API GL-4, Case New Holland MAT-3525, M2C-134 A-D, Case MS1207, 1209, 1210, John Deere JDM-J20C, Massey Ferguson CMS M1145, M1143, Volvo 97303: 015, WB 101, ZF TE-ML 03E, 05F, 06D, 06K, 06M, 06N, 06R, 17E, 21F, Caterpillar TO-2, Ford M2C-134A-D, New Holland FNHA-2-C.201.00, Prikladno za Allison C-4, Komatsu strojevi, Dana-Spicer transmisije.<\/p>\n","protected":false},"excerpt":{"rendered":"<p>Izvrsno podmazivanje u transmisijama, hidrauli\u010dkim sustavima i mokrim ko\u010dnicama<br \/>\nPrikladno za aplikacije koje rade u te\u0161kim i visokotemperaturnim uvjetima<br \/>\nUniverzalno traktorsko transmisijsko ulje<\/p>\n","protected":false},"featured_media":33971,"template":"","meta":{"_seopress_robots_primary_cat":"","_seopress_titles_title":"","_seopress_titles_desc":"","_seopress_robots_index":"","iawp_total_views":0},"product_brand":[371],"product_cat":[243,276],"product_tag":[],"class_list":{"0":"post-33970","1":"product","2":"type-product","3":"status-publish","4":"has-post-thumbnail","6":"product_brand-spirax","7":"product_cat-automobili-i-motori","8":"product_cat-industrijska-i-specijalna-ulja-243","10":"first","11":"outofstock","12":"shipping-taxable","13":"purchasable","14":"product-type-simple"},"_links":{"self":[{"href":"https:\/\/singuli.wpress.me\/index.php\/wp-json\/wp\/v2\/product\/33970","targetHints":{"allow":["GET"]}}],"collection":[{"href":"https:\/\/singuli.wpress.me\/index.php\/wp-json\/wp\/v2\/product"}],"about":[{"href":"https:\/\/singuli.wpress.me\/index.php\/wp-json\/wp\/v2\/types\/product"}],"version-history":[{"count":0,"href":"https:\/\/singuli.wpress.me\/index.php\/wp-json\/wp\/v2\/product\/33970\/revisions"}],"wp:featuredmedia":[{"embeddable":true,"href":"https:\/\/singuli.wpress.me\/index.php\/wp-json\/wp\/v2\/media\/33971"}],"wp:attachment":[{"href":"https:\/\/singuli.wpress.me\/index.php\/wp-json\/wp\/v2\/media?parent=33970"}],"wp:term":[{"taxonomy":"product_brand","embeddable":true,"href":"https:\/\/singuli.wpress.me\/index.php\/wp-json\/wp\/v2\/product_brand?post=33970"},{"taxonomy":"product_cat","embeddable":true,"href":"https:\/\/singuli.wpress.me\/index.php\/wp-json\/wp\/v2\/product_cat?post=33970"},{"taxonomy":"product_tag","embeddable":true,"href":"https:\/\/singuli.wpress.me\/index.php\/wp-json\/wp\/v2\/product_tag?post=33970"}],"curies":[{"name":"wp","href":"https:\/\/api.w.org\/{rel}","templated":true}]}}