{"id":33979,"date":"2026-04-17T13:38:26","date_gmt":"2026-04-17T13:38:26","guid":{"rendered":"https:\/\/singuli.wpress.me\/index.php\/proizvod\/borotalco-pure-unique-dezodorans-u-spreju-150-ml\/"},"modified":"2026-04-21T00:26:40","modified_gmt":"2026-04-21T00:26:40","slug":"borotalco-pure-unique-dezodorans-u-spreju-150-ml","status":"publish","type":"product","link":"https:\/\/singuli.wpress.me\/index.php\/proizvod\/borotalco-pure-unique-dezodorans-u-spreju-150-ml\/","title":{"rendered":"BOROTALCO Pure Unique, dezodorans u spreju, 150\u00a0ml"},"content":{"rendered":"<p><span style=\"font-weight: bold\">Borotalco Pure Unique<\/span> dezodorans u spreju pru\u017ea dugotrajnu i u\u010dinkovitu za\u0161titu od znojenja i neugodnih mirisa. Miris Unique, jedinstven je i bezvremenski miris koji spaja svje\u017einu citrusnog vo\u0107a s mekim srcem bijelog cvije\u0107a na puderastoj bazi. Borotalco Pure Unique dezodorans u spreju donosi inovativnu 0 % soli, 0 % alkohola* formulu koja je oboga\u0107ena talkom i upijaju\u0107im molekulama \u010diju suhu u\u010dinkovitost pospje\u0161uje spoj pudera cinka i tapioke. Za beskompromisni u\u010dinak protiv neugodnih mirisa. *Soli Aluminij Hidroklorida, Etanol<\/p>\n","protected":false},"excerpt":{"rendered":"<p>Pru\u017ea pouzdanu za\u0161titu od znojenja te je u\u010dinkovit protiv neugodnih mirisa<br \/>\nJedinstven i bezvremenski miris<br \/>\nDermatolo\u0161ki testiran<\/p>\n","protected":false},"featured_media":33980,"template":"","meta":{"_seopress_robots_primary_cat":"","_seopress_titles_title":"","_seopress_titles_desc":"","_seopress_robots_index":"","iawp_total_views":0},"product_brand":[484],"product_cat":[285,268],"product_tag":[],"class_list":{"0":"post-33979","1":"product","2":"type-product","3":"status-publish","4":"has-post-thumbnail","6":"product_brand-borotalco","7":"product_cat-dezodoransi-268","8":"product_cat-kozmetika-2","10":"first","11":"outofstock","12":"shipping-taxable","13":"purchasable","14":"product-type-simple"},"_links":{"self":[{"href":"https:\/\/singuli.wpress.me\/index.php\/wp-json\/wp\/v2\/product\/33979","targetHints":{"allow":["GET"]}}],"collection":[{"href":"https:\/\/singuli.wpress.me\/index.php\/wp-json\/wp\/v2\/product"}],"about":[{"href":"https:\/\/singuli.wpress.me\/index.php\/wp-json\/wp\/v2\/types\/product"}],"version-history":[{"count":0,"href":"https:\/\/singuli.wpress.me\/index.php\/wp-json\/wp\/v2\/product\/33979\/revisions"}],"wp:featuredmedia":[{"embeddable":true,"href":"https:\/\/singuli.wpress.me\/index.php\/wp-json\/wp\/v2\/media\/33980"}],"wp:attachment":[{"href":"https:\/\/singuli.wpress.me\/index.php\/wp-json\/wp\/v2\/media?parent=33979"}],"wp:term":[{"taxonomy":"product_brand","embeddable":true,"href":"https:\/\/singuli.wpress.me\/index.php\/wp-json\/wp\/v2\/product_brand?post=33979"},{"taxonomy":"product_cat","embeddable":true,"href":"https:\/\/singuli.wpress.me\/index.php\/wp-json\/wp\/v2\/product_cat?post=33979"},{"taxonomy":"product_tag","embeddable":true,"href":"https:\/\/singuli.wpress.me\/index.php\/wp-json\/wp\/v2\/product_tag?post=33979"}],"curies":[{"name":"wp","href":"https:\/\/api.w.org\/{rel}","templated":true}]}}