{"id":33995,"date":"2026-04-17T13:38:32","date_gmt":"2026-04-17T13:38:32","guid":{"rendered":"https:\/\/singuli.wpress.me\/index.php\/proizvod\/pringles-super-mario-misteriozni-okus-cips-165-g\/"},"modified":"2026-04-20T12:33:11","modified_gmt":"2026-04-20T12:33:11","slug":"pringles-super-mario-misteriozni-okus-cips-165-g","status":"publish","type":"product","link":"https:\/\/singuli.wpress.me\/index.php\/proizvod\/pringles-super-mario-misteriozni-okus-cips-165-g\/","title":{"rendered":"PRINGLES Super Mario Misteriozni okus, \u010dips, 165\u00a0g"},"content":{"rendered":"<p>Tajanstveni zalogaj za avanturiste: Pringles Mystery Flavour Super Mario izazivaju va\u0161 okus! Ova limitirana edicija poziva vas da sami pogodite tajnu sortu. \u010cips odu\u0161evljava ljutom za\u010dinskom notom i finom kiselkastom aromom koja pru\u017ea uzbudljiv okusni eksploziju. Savr\u0161eno za sve koji vole zagonetke i istovremeno u\u017eivaju u hrskavim, ukusnim \u010dipsima. Jeste li spremni otkriti tajnu?<\/p>\n","protected":false},"excerpt":{"rendered":"<p>Pringles je doprinos \u010dipsu<br \/>\nPrepoznatljivi Pringles oblik koji garantira ravnomjernu hrskavost u svakom zalogaju<br \/>\n\u010cips odu\u0161evljava ljutom za\u010dinskom notom i finom kiselkastom aromom<\/p>\n","protected":false},"featured_media":33996,"template":"","meta":{"_seopress_robots_primary_cat":"","_seopress_titles_title":"","_seopress_titles_desc":"","_seopress_robots_index":"","iawp_total_views":0},"product_brand":[462],"product_cat":[261,277],"product_tag":[],"class_list":{"0":"post-33995","1":"product","2":"type-product","3":"status-publish","4":"has-post-thumbnail","6":"product_brand-pringles","7":"product_cat-hrana-i-pice","8":"product_cat-slatkisi-i-grickalice-261","10":"first","11":"outofstock","12":"shipping-taxable","13":"purchasable","14":"product-type-simple"},"_links":{"self":[{"href":"https:\/\/singuli.wpress.me\/index.php\/wp-json\/wp\/v2\/product\/33995","targetHints":{"allow":["GET"]}}],"collection":[{"href":"https:\/\/singuli.wpress.me\/index.php\/wp-json\/wp\/v2\/product"}],"about":[{"href":"https:\/\/singuli.wpress.me\/index.php\/wp-json\/wp\/v2\/types\/product"}],"version-history":[{"count":0,"href":"https:\/\/singuli.wpress.me\/index.php\/wp-json\/wp\/v2\/product\/33995\/revisions"}],"wp:featuredmedia":[{"embeddable":true,"href":"https:\/\/singuli.wpress.me\/index.php\/wp-json\/wp\/v2\/media\/33996"}],"wp:attachment":[{"href":"https:\/\/singuli.wpress.me\/index.php\/wp-json\/wp\/v2\/media?parent=33995"}],"wp:term":[{"taxonomy":"product_brand","embeddable":true,"href":"https:\/\/singuli.wpress.me\/index.php\/wp-json\/wp\/v2\/product_brand?post=33995"},{"taxonomy":"product_cat","embeddable":true,"href":"https:\/\/singuli.wpress.me\/index.php\/wp-json\/wp\/v2\/product_cat?post=33995"},{"taxonomy":"product_tag","embeddable":true,"href":"https:\/\/singuli.wpress.me\/index.php\/wp-json\/wp\/v2\/product_tag?post=33995"}],"curies":[{"name":"wp","href":"https:\/\/api.w.org\/{rel}","templated":true}]}}