{"id":33998,"date":"2026-04-17T13:38:33","date_gmt":"2026-04-17T13:38:33","guid":{"rendered":"https:\/\/singuli.wpress.me\/index.php\/proizvod\/tellus-s2-vx-46-hidraulicko-ulje-1000-l\/"},"modified":"2026-04-20T12:33:11","modified_gmt":"2026-04-20T12:33:11","slug":"tellus-s2-vx-46-hidraulicko-ulje-1000-l","status":"publish","type":"product","link":"https:\/\/singuli.wpress.me\/index.php\/proizvod\/tellus-s2-vx-46-hidraulicko-ulje-1000-l\/","title":{"rendered":"TELLUS S2 VX 46, hidrauli\u010dko ulje, 1000\u00a0l"},"content":{"rendered":"<p>Ovo hidrauli\u010dko ulje visokih performansi proizvedeno je na bazi ulja Grupe II, \u0161to mu omogu\u0107uje izvanrednu za\u0161titu u \u0161irokom rasponu radnih temperatura. Izrazito je otporno na propadanje uslijed mehani\u010dkog optere\u0107enja te je idealno za ve\u0107inu mobilne opreme. Njegove klju\u010dne prednosti su produljeni vijek trajanja, izuzetna za\u0161tita, odr\u017eavanje \u010disto\u0107e sustava i visoka u\u010dinkovitost. Glavne primjene su u mobilnim hidrauli\u010dkim sustavima, preciznim hidrauli\u010dkim sustavima te brodskim hidrauli\u010dkim sustavima.<\/p>\n","protected":false},"excerpt":{"rendered":"<p>Osigurava izvrsnu za\u0161titu i pouzdan rad u raznim uvjetima<br \/>\nPru\u017ea izuzetnu za\u0161titu i produljuje vijek trajanja opreme<br \/>\nNjegova formulacija pridonosi dugotrajnoj u\u010dinkovitosti i \u010disto\u0107i hidrauli\u010dkog sustava<\/p>\n","protected":false},"featured_media":0,"template":"","meta":{"_seopress_robots_primary_cat":"","_seopress_titles_title":"","_seopress_titles_desc":"","_seopress_robots_index":"","iawp_total_views":0},"product_brand":[414],"product_cat":[243,276],"product_tag":[],"class_list":{"0":"post-33998","1":"product","2":"type-product","3":"status-publish","5":"product_brand-tellus","6":"product_cat-automobili-i-motori","7":"product_cat-industrijska-i-specijalna-ulja-243","9":"first","10":"instock","11":"shipping-taxable","12":"purchasable","13":"product-type-simple"},"_links":{"self":[{"href":"https:\/\/singuli.wpress.me\/index.php\/wp-json\/wp\/v2\/product\/33998","targetHints":{"allow":["GET"]}}],"collection":[{"href":"https:\/\/singuli.wpress.me\/index.php\/wp-json\/wp\/v2\/product"}],"about":[{"href":"https:\/\/singuli.wpress.me\/index.php\/wp-json\/wp\/v2\/types\/product"}],"version-history":[{"count":0,"href":"https:\/\/singuli.wpress.me\/index.php\/wp-json\/wp\/v2\/product\/33998\/revisions"}],"wp:attachment":[{"href":"https:\/\/singuli.wpress.me\/index.php\/wp-json\/wp\/v2\/media?parent=33998"}],"wp:term":[{"taxonomy":"product_brand","embeddable":true,"href":"https:\/\/singuli.wpress.me\/index.php\/wp-json\/wp\/v2\/product_brand?post=33998"},{"taxonomy":"product_cat","embeddable":true,"href":"https:\/\/singuli.wpress.me\/index.php\/wp-json\/wp\/v2\/product_cat?post=33998"},{"taxonomy":"product_tag","embeddable":true,"href":"https:\/\/singuli.wpress.me\/index.php\/wp-json\/wp\/v2\/product_tag?post=33998"}],"curies":[{"name":"wp","href":"https:\/\/api.w.org\/{rel}","templated":true}]}}