{"id":33999,"date":"2026-04-17T13:38:33","date_gmt":"2026-04-17T13:38:33","guid":{"rendered":"https:\/\/singuli.wpress.me\/index.php\/proizvod\/morlina-s2-bl-22-ulje-za-lezajeve-i-cirkulacijsko-ulje-20-l\/"},"modified":"2026-04-20T12:33:11","modified_gmt":"2026-04-20T12:33:11","slug":"morlina-s2-bl-22-ulje-za-lezajeve-i-cirkulacijsko-ulje-20-l","status":"publish","type":"product","link":"https:\/\/singuli.wpress.me\/index.php\/proizvod\/morlina-s2-bl-22-ulje-za-lezajeve-i-cirkulacijsko-ulje-20-l\/","title":{"rendered":"MORLINA S2 BL 22, ulje za le\u017eajeve i cirkulacijsko ulje, 20\u00a0l"},"content":{"rendered":"<p>Shell Morlina S2 BL 22 je mineralno ulje niske viskoznosti, posebno formulirano za produljene performanse u brzim vretenima alatnih strojeva. Pomije\u0161ano je s aditivima bez cinka kako bi osiguralo iznimnu za\u0161titu, a istovremeno je prikladno za ulja za le\u017eajeve i cirkulaciju za posebne namjene. Njegova napredna formula osigurava dugotrajnu u\u010dinkovitost i za\u0161titu, \u010dime se smanjuju tro\u0161kovi odr\u017eavanja.<\/p>\n","protected":false},"excerpt":{"rendered":"<p>Idealno za brza vretena alatnih strojeva, osiguravaju\u0107i u\u010dinkovito podmazivanje<br \/>\nFormulacija prilago\u0111ena za posebne primjene bez cinka<br \/>\nOsigurava dugotrajnu za\u0161titu i smanjuje tro\u0161kove odr\u017eavanja<\/p>\n","protected":false},"featured_media":34000,"template":"","meta":{"_seopress_robots_primary_cat":"","_seopress_titles_title":"","_seopress_titles_desc":"","_seopress_robots_index":"","iawp_total_views":0},"product_brand":[755],"product_cat":[243,276],"product_tag":[],"class_list":{"0":"post-33999","1":"product","2":"type-product","3":"status-publish","4":"has-post-thumbnail","6":"product_brand-morlina","7":"product_cat-automobili-i-motori","8":"product_cat-industrijska-i-specijalna-ulja-243","10":"first","11":"outofstock","12":"shipping-taxable","13":"purchasable","14":"product-type-simple"},"_links":{"self":[{"href":"https:\/\/singuli.wpress.me\/index.php\/wp-json\/wp\/v2\/product\/33999","targetHints":{"allow":["GET"]}}],"collection":[{"href":"https:\/\/singuli.wpress.me\/index.php\/wp-json\/wp\/v2\/product"}],"about":[{"href":"https:\/\/singuli.wpress.me\/index.php\/wp-json\/wp\/v2\/types\/product"}],"version-history":[{"count":0,"href":"https:\/\/singuli.wpress.me\/index.php\/wp-json\/wp\/v2\/product\/33999\/revisions"}],"wp:featuredmedia":[{"embeddable":true,"href":"https:\/\/singuli.wpress.me\/index.php\/wp-json\/wp\/v2\/media\/34000"}],"wp:attachment":[{"href":"https:\/\/singuli.wpress.me\/index.php\/wp-json\/wp\/v2\/media?parent=33999"}],"wp:term":[{"taxonomy":"product_brand","embeddable":true,"href":"https:\/\/singuli.wpress.me\/index.php\/wp-json\/wp\/v2\/product_brand?post=33999"},{"taxonomy":"product_cat","embeddable":true,"href":"https:\/\/singuli.wpress.me\/index.php\/wp-json\/wp\/v2\/product_cat?post=33999"},{"taxonomy":"product_tag","embeddable":true,"href":"https:\/\/singuli.wpress.me\/index.php\/wp-json\/wp\/v2\/product_tag?post=33999"}],"curies":[{"name":"wp","href":"https:\/\/api.w.org\/{rel}","templated":true}]}}