{"id":34001,"date":"2026-04-17T13:38:33","date_gmt":"2026-04-17T13:38:33","guid":{"rendered":"https:\/\/singuli.wpress.me\/index.php\/proizvod\/panolin-s4-hlp-46-syn-hidraulicko-ulje-20-l\/"},"modified":"2026-04-20T12:33:11","modified_gmt":"2026-04-20T12:33:11","slug":"panolin-s4-hlp-46-syn-hidraulicko-ulje-20-l","status":"publish","type":"product","link":"https:\/\/singuli.wpress.me\/index.php\/proizvod\/panolin-s4-hlp-46-syn-hidraulicko-ulje-20-l\/","title":{"rendered":"PANOLIN S4 HLP 46 SYN, hidrauli\u010dko ulje, 20\u00a0l"},"content":{"rendered":"<p>Ovo sinteti\u010dko hidrauli\u010dno ulje, bazirano na zasi\u0107enim esterima, razvijeno je za najzahtjevnije primjene. Pru\u017ea produljen vijek trajanja i vrhunske performanse pod visokim tlakom, temperaturom i brzinama. Zahvaljuju\u0107i izvrsnoj za\u0161titi od tro\u0161enja, ovo ulje je idealno za hidrauli\u010dke rotatore dizalica, hidrauli\u010dne sustave, ko\u010dnice, nagibe, propelere, stabilizatore i potisnike, osiguravaju\u0107i pouzdanost i sigurnost u radu.<\/p>\n","protected":false},"excerpt":{"rendered":"<p>Osigurava iznimnu u\u010dinkovitost i stabilnost pod zahtjevnim uvjetima<br \/>\nProduljuje vijek trajanja hidrauli\u010dkih komponenti<br \/>\nDaje izvanredne rezultate pod visokim tlakom, temperaturom i brzinama<\/p>\n","protected":false},"featured_media":34002,"template":"","meta":{"_seopress_robots_primary_cat":"","_seopress_titles_title":"","_seopress_titles_desc":"","_seopress_robots_index":"","iawp_total_views":0},"product_brand":[752],"product_cat":[243,276],"product_tag":[],"class_list":{"0":"post-34001","1":"product","2":"type-product","3":"status-publish","4":"has-post-thumbnail","6":"product_brand-panolin","7":"product_cat-automobili-i-motori","8":"product_cat-industrijska-i-specijalna-ulja-243","10":"first","11":"instock","12":"shipping-taxable","13":"purchasable","14":"product-type-simple"},"_links":{"self":[{"href":"https:\/\/singuli.wpress.me\/index.php\/wp-json\/wp\/v2\/product\/34001","targetHints":{"allow":["GET"]}}],"collection":[{"href":"https:\/\/singuli.wpress.me\/index.php\/wp-json\/wp\/v2\/product"}],"about":[{"href":"https:\/\/singuli.wpress.me\/index.php\/wp-json\/wp\/v2\/types\/product"}],"version-history":[{"count":0,"href":"https:\/\/singuli.wpress.me\/index.php\/wp-json\/wp\/v2\/product\/34001\/revisions"}],"wp:featuredmedia":[{"embeddable":true,"href":"https:\/\/singuli.wpress.me\/index.php\/wp-json\/wp\/v2\/media\/34002"}],"wp:attachment":[{"href":"https:\/\/singuli.wpress.me\/index.php\/wp-json\/wp\/v2\/media?parent=34001"}],"wp:term":[{"taxonomy":"product_brand","embeddable":true,"href":"https:\/\/singuli.wpress.me\/index.php\/wp-json\/wp\/v2\/product_brand?post=34001"},{"taxonomy":"product_cat","embeddable":true,"href":"https:\/\/singuli.wpress.me\/index.php\/wp-json\/wp\/v2\/product_cat?post=34001"},{"taxonomy":"product_tag","embeddable":true,"href":"https:\/\/singuli.wpress.me\/index.php\/wp-json\/wp\/v2\/product_tag?post=34001"}],"curies":[{"name":"wp","href":"https:\/\/api.w.org\/{rel}","templated":true}]}}