{"id":34005,"date":"2026-04-17T13:38:34","date_gmt":"2026-04-17T13:38:34","guid":{"rendered":"https:\/\/singuli.wpress.me\/index.php\/proizvod\/heinz-majoneza-800-ml\/"},"modified":"2026-04-20T12:33:11","modified_gmt":"2026-04-20T12:33:11","slug":"heinz-majoneza-800-ml","status":"publish","type":"product","link":"https:\/\/singuli.wpress.me\/index.php\/proizvod\/heinz-majoneza-800-ml\/","title":{"rendered":"HEINZ, majoneza, 800\u00a0ml"},"content":{"rendered":"<p>Heinz majoneza je me\u0111unarodno priznata klasika koja odu\u0161evljava svojom bogatom, kremastom teksturom i uravnote\u017eenim okusom. Izra\u0111ena je od kvalitetnih sastojaka &#8211; ulja, pasteriziranih \u017eumanjaka, octa i senfa &#8211; bez umjetnih bojila, aroma ili konzervansa. Ova fina emulzija svijetle boje i glatke strukture savr\u0161eno se sla\u017ee s najrazli\u010ditijim jelima. Nezaobilazna je kao namaz za sendvi\u010de, hamburgere ili hrenovke, a \u010desto se koristi i kao baza za pripremu raznih salata (poput jajne, krumpir salate ili salate od tune). Odli\u010dno se koristi i kao dodatak umacima, preljevima i dipovima. Kao i svi proizvodi brenda Heinz, majoneza je proizvedena po najvi\u0161im standardima kvalitete i sigurnosti, \u0161to osigurava pouzdanost i izvrstan okus u svakom pakiranju.<\/p>\n","protected":false},"excerpt":{"rendered":"<p>Nudi glatku i bogatu teksturu koja se lako razmazuje i oboga\u0107uje jela<br \/>\nIzra\u0111ena od pa\u017eljivo odabranih, kvalitetnih sastojaka, bez umjetnih bojila, aroma ili konzervansa<br \/>\nIdealna je kao namaz, dodatak umacima ili osnova za pripremu raznih salata<\/p>\n","protected":false},"featured_media":34006,"template":"","meta":{"_seopress_robots_primary_cat":"","_seopress_titles_title":"","_seopress_titles_desc":"","_seopress_robots_index":"","iawp_total_views":0},"product_brand":[395],"product_cat":[266,265,160],"product_tag":[],"class_list":{"0":"post-34005","1":"product","2":"type-product","3":"status-publish","4":"has-post-thumbnail","6":"product_brand-heinz","7":"product_cat-aparati-za-kuhanje-265","8":"product_cat-kuhinjski-aparati-160","9":"product_cat-mali-kucanski-aparati","11":"first","12":"instock","13":"shipping-taxable","14":"purchasable","15":"product-type-simple"},"_links":{"self":[{"href":"https:\/\/singuli.wpress.me\/index.php\/wp-json\/wp\/v2\/product\/34005","targetHints":{"allow":["GET"]}}],"collection":[{"href":"https:\/\/singuli.wpress.me\/index.php\/wp-json\/wp\/v2\/product"}],"about":[{"href":"https:\/\/singuli.wpress.me\/index.php\/wp-json\/wp\/v2\/types\/product"}],"version-history":[{"count":0,"href":"https:\/\/singuli.wpress.me\/index.php\/wp-json\/wp\/v2\/product\/34005\/revisions"}],"wp:featuredmedia":[{"embeddable":true,"href":"https:\/\/singuli.wpress.me\/index.php\/wp-json\/wp\/v2\/media\/34006"}],"wp:attachment":[{"href":"https:\/\/singuli.wpress.me\/index.php\/wp-json\/wp\/v2\/media?parent=34005"}],"wp:term":[{"taxonomy":"product_brand","embeddable":true,"href":"https:\/\/singuli.wpress.me\/index.php\/wp-json\/wp\/v2\/product_brand?post=34005"},{"taxonomy":"product_cat","embeddable":true,"href":"https:\/\/singuli.wpress.me\/index.php\/wp-json\/wp\/v2\/product_cat?post=34005"},{"taxonomy":"product_tag","embeddable":true,"href":"https:\/\/singuli.wpress.me\/index.php\/wp-json\/wp\/v2\/product_tag?post=34005"}],"curies":[{"name":"wp","href":"https:\/\/api.w.org\/{rel}","templated":true}]}}