{"id":34020,"date":"2026-04-17T13:38:37","date_gmt":"2026-04-17T13:38:37","guid":{"rendered":"https:\/\/singuli.wpress.me\/index.php\/proizvod\/duck-fresh-action-virtual-violet-gel-750-ml\/"},"modified":"2026-04-20T12:33:11","modified_gmt":"2026-04-20T12:33:11","slug":"duck-fresh-action-virtual-violet-gel-750-ml","status":"publish","type":"product","link":"https:\/\/singuli.wpress.me\/index.php\/proizvod\/duck-fresh-action-virtual-violet-gel-750-ml\/","title":{"rendered":"DUCK Fresh Action Virtual Violet, gel, 750\u00a0ml"},"content":{"rendered":"<p>Duck\u00ae Fresh Action Gel, miris Virtual Violet pru\u017ea potpuno \u010di\u0161\u0107enje va\u0161e WC \u0161koljke, ostavljaju\u0107i je svje\u017eom, \u010dak i ispod ruba. Poma\u017ee pri uklanjanju kamenca, sna\u017ean je protiv mrlja i dopire do skrivene prljav\u0161tine ispod ruba \u0161koljke. Odlaskom u kupaonicu do\u017eivite tropsku avanturu uz Duck\u00ae limited edition miris Virtual Violet.<\/p>\n","protected":false},"excerpt":{"rendered":"<p>Ubija 99.9% bakterija<br \/>\nDopire do ne\u010disto\u0107e ispod ruba WC \u0161koljke<br \/>\nDubinsko djelovanje<\/p>\n","protected":false},"featured_media":34021,"template":"","meta":{"_seopress_robots_primary_cat":"","_seopress_titles_title":"","_seopress_titles_desc":"","_seopress_robots_index":"","iawp_total_views":0},"product_brand":[410],"product_cat":[284,238],"product_tag":[],"class_list":{"0":"post-34020","1":"product","2":"type-product","3":"status-publish","4":"has-post-thumbnail","6":"product_brand-duck","7":"product_cat-sredstva-za-ciscenje-238","8":"product_cat-sve-za-dom","10":"first","11":"outofstock","12":"shipping-taxable","13":"purchasable","14":"product-type-simple"},"_links":{"self":[{"href":"https:\/\/singuli.wpress.me\/index.php\/wp-json\/wp\/v2\/product\/34020","targetHints":{"allow":["GET"]}}],"collection":[{"href":"https:\/\/singuli.wpress.me\/index.php\/wp-json\/wp\/v2\/product"}],"about":[{"href":"https:\/\/singuli.wpress.me\/index.php\/wp-json\/wp\/v2\/types\/product"}],"version-history":[{"count":0,"href":"https:\/\/singuli.wpress.me\/index.php\/wp-json\/wp\/v2\/product\/34020\/revisions"}],"wp:featuredmedia":[{"embeddable":true,"href":"https:\/\/singuli.wpress.me\/index.php\/wp-json\/wp\/v2\/media\/34021"}],"wp:attachment":[{"href":"https:\/\/singuli.wpress.me\/index.php\/wp-json\/wp\/v2\/media?parent=34020"}],"wp:term":[{"taxonomy":"product_brand","embeddable":true,"href":"https:\/\/singuli.wpress.me\/index.php\/wp-json\/wp\/v2\/product_brand?post=34020"},{"taxonomy":"product_cat","embeddable":true,"href":"https:\/\/singuli.wpress.me\/index.php\/wp-json\/wp\/v2\/product_cat?post=34020"},{"taxonomy":"product_tag","embeddable":true,"href":"https:\/\/singuli.wpress.me\/index.php\/wp-json\/wp\/v2\/product_tag?post=34020"}],"curies":[{"name":"wp","href":"https:\/\/api.w.org\/{rel}","templated":true}]}}