{"id":34026,"date":"2026-04-17T13:38:41","date_gmt":"2026-04-17T13:38:41","guid":{"rendered":"https:\/\/singuli.wpress.me\/index.php\/proizvod\/duck-fresh-discs-virtual-violet-gel-za-ciscenje-i-osvjezavanje-wc-skoljke-punjenje-72-ml\/"},"modified":"2026-04-21T00:26:40","modified_gmt":"2026-04-21T00:26:40","slug":"duck-fresh-discs-virtual-violet-gel-za-ciscenje-i-osvjezavanje-wc-skoljke-punjenje-72-ml","status":"publish","type":"product","link":"https:\/\/singuli.wpress.me\/index.php\/proizvod\/duck-fresh-discs-virtual-violet-gel-za-ciscenje-i-osvjezavanje-wc-skoljke-punjenje-72-ml\/","title":{"rendered":"DUCK Fresh Discs Virtual Violet, gel za \u010di\u0161\u0107enje i osvje\u017eavanje wc \u0161koljke, punjenje, 72\u00a0ml"},"content":{"rendered":"<p>Duck\u00ae Fresh Discs &#8211; Virtual Violet, gel za \u010di\u0161\u0107enje i osvje\u017eavanje WC \u0161koljke pru\u017ea u\u010dinkovito rje\u0161enje za \u010di\u0161\u0107enje i osvje\u017eavanje va\u0161e WC \u0161koljke uz o\u010duvanje okoli\u0161a. Pakiranje sadr\u017ei 6 gel diskova napravljenih od 80% plastike prikupljene uz obalu, nagla\u0161avaju\u0107i brigu o prirodi. S limited edition mirisom Virutal Violet, svaki disk osigurava dugotrajnu svje\u017einu i higijenu, uz jednostavnu primjenu.<\/p>\n","protected":false},"excerpt":{"rendered":"<p>Pru\u017ea u\u010dinkovito rje\u0161enje za \u010di\u0161\u0107enje i osvje\u017eavanje va\u0161e WC \u0161koljke uz o\u010duvanje okoli\u0161a<br \/>\nPakiranje sadr\u017ei 6 gel diskova<br \/>\nSvaki disk osigurava dugotrajnu svje\u017einu i higijenu<\/p>\n","protected":false},"featured_media":34027,"template":"","meta":{"_seopress_robots_primary_cat":"","_seopress_titles_title":"","_seopress_titles_desc":"","_seopress_robots_index":"","iawp_total_views":0},"product_brand":[410],"product_cat":[284,238],"product_tag":[],"class_list":{"0":"post-34026","1":"product","2":"type-product","3":"status-publish","4":"has-post-thumbnail","6":"product_brand-duck","7":"product_cat-sredstva-za-ciscenje-238","8":"product_cat-sve-za-dom","10":"first","11":"outofstock","12":"shipping-taxable","13":"purchasable","14":"product-type-simple"},"_links":{"self":[{"href":"https:\/\/singuli.wpress.me\/index.php\/wp-json\/wp\/v2\/product\/34026","targetHints":{"allow":["GET"]}}],"collection":[{"href":"https:\/\/singuli.wpress.me\/index.php\/wp-json\/wp\/v2\/product"}],"about":[{"href":"https:\/\/singuli.wpress.me\/index.php\/wp-json\/wp\/v2\/types\/product"}],"version-history":[{"count":0,"href":"https:\/\/singuli.wpress.me\/index.php\/wp-json\/wp\/v2\/product\/34026\/revisions"}],"wp:featuredmedia":[{"embeddable":true,"href":"https:\/\/singuli.wpress.me\/index.php\/wp-json\/wp\/v2\/media\/34027"}],"wp:attachment":[{"href":"https:\/\/singuli.wpress.me\/index.php\/wp-json\/wp\/v2\/media?parent=34026"}],"wp:term":[{"taxonomy":"product_brand","embeddable":true,"href":"https:\/\/singuli.wpress.me\/index.php\/wp-json\/wp\/v2\/product_brand?post=34026"},{"taxonomy":"product_cat","embeddable":true,"href":"https:\/\/singuli.wpress.me\/index.php\/wp-json\/wp\/v2\/product_cat?post=34026"},{"taxonomy":"product_tag","embeddable":true,"href":"https:\/\/singuli.wpress.me\/index.php\/wp-json\/wp\/v2\/product_tag?post=34026"}],"curies":[{"name":"wp","href":"https:\/\/api.w.org\/{rel}","templated":true}]}}