{"id":34030,"date":"2026-04-17T13:38:43","date_gmt":"2026-04-17T13:38:43","guid":{"rendered":"https:\/\/singuli.wpress.me\/index.php\/proizvod\/duck-fresh-discs-mango-verse-osvjezivac-za-wc-skoljku-punjenje-72-ml\/"},"modified":"2026-04-21T00:26:40","modified_gmt":"2026-04-21T00:26:40","slug":"duck-fresh-discs-mango-verse-osvjezivac-za-wc-skoljku-punjenje-72-ml","status":"publish","type":"product","link":"https:\/\/singuli.wpress.me\/index.php\/proizvod\/duck-fresh-discs-mango-verse-osvjezivac-za-wc-skoljku-punjenje-72-ml\/","title":{"rendered":"DUCK Fresh Discs Mango Verse, osvje\u017eiva\u010d za wc \u0161koljku, punjenje, 72\u00a0ml"},"content":{"rendered":"<p>Duck\u00ae Fresh Discs \u2013 Mango Verse, gel za \u010di\u0161\u0107enje i osvje\u017eavanje WC \u0161koljke pru\u017ea prakti\u010dno i u\u010dinkovito rje\u0161enje za \u010disto\u0107u i svje\u017einu va\u0161e kupaonice. S formulom koja osigurava do 15 tjedana svje\u017eine. Odi\u0161e egzoti\u010dnim mirisom manga pru\u017eaju\u0107i dugotrajnu svje\u017einu i ugodan miris. Napravljen od 80% plastike prikupljene uz obalu, Duck\u00ae Fresh Discs poma\u017ee u o\u010duvanju okoli\u0161a dok brine o higijeni va\u0161eg doma. Kombinira inovativan dizajn i odr\u017eivost, \u010dine\u0107i ga savr\u0161enim izborom za svje\u017eu i \u010distu WC \u0161koljku svaki dan.<\/p>\n<p>Upute za uporabu: <br \/>\nOdmotajte kukicu i pri\u010dvrstite ko\u0161aricu uz rub WC \u0161koljke na mjesto gdje ju mlaz vode mo\u017ee aktivirati.<\/p>\n<p><\/p>\n","protected":false},"excerpt":{"rendered":"<p>Do 15 tjedana svje\u017eine<br \/>\nTropski miris manga<br \/>\n\u010cisti i osvje\u017eava WC \u0161koljku<\/p>\n","protected":false},"featured_media":34031,"template":"","meta":{"_seopress_robots_primary_cat":"","_seopress_titles_title":"","_seopress_titles_desc":"","_seopress_robots_index":"","iawp_total_views":0},"product_brand":[410],"product_cat":[284,238],"product_tag":[],"class_list":{"0":"post-34030","1":"product","2":"type-product","3":"status-publish","4":"has-post-thumbnail","6":"product_brand-duck","7":"product_cat-sredstva-za-ciscenje-238","8":"product_cat-sve-za-dom","10":"first","11":"outofstock","12":"shipping-taxable","13":"purchasable","14":"product-type-simple"},"_links":{"self":[{"href":"https:\/\/singuli.wpress.me\/index.php\/wp-json\/wp\/v2\/product\/34030","targetHints":{"allow":["GET"]}}],"collection":[{"href":"https:\/\/singuli.wpress.me\/index.php\/wp-json\/wp\/v2\/product"}],"about":[{"href":"https:\/\/singuli.wpress.me\/index.php\/wp-json\/wp\/v2\/types\/product"}],"version-history":[{"count":0,"href":"https:\/\/singuli.wpress.me\/index.php\/wp-json\/wp\/v2\/product\/34030\/revisions"}],"wp:featuredmedia":[{"embeddable":true,"href":"https:\/\/singuli.wpress.me\/index.php\/wp-json\/wp\/v2\/media\/34031"}],"wp:attachment":[{"href":"https:\/\/singuli.wpress.me\/index.php\/wp-json\/wp\/v2\/media?parent=34030"}],"wp:term":[{"taxonomy":"product_brand","embeddable":true,"href":"https:\/\/singuli.wpress.me\/index.php\/wp-json\/wp\/v2\/product_brand?post=34030"},{"taxonomy":"product_cat","embeddable":true,"href":"https:\/\/singuli.wpress.me\/index.php\/wp-json\/wp\/v2\/product_cat?post=34030"},{"taxonomy":"product_tag","embeddable":true,"href":"https:\/\/singuli.wpress.me\/index.php\/wp-json\/wp\/v2\/product_tag?post=34030"}],"curies":[{"name":"wp","href":"https:\/\/api.w.org\/{rel}","templated":true}]}}