{"id":34034,"date":"2026-04-17T13:38:45","date_gmt":"2026-04-17T13:38:45","guid":{"rendered":"https:\/\/singuli.wpress.me\/index.php\/proizvod\/glade-osvjezivac-zraka-u-spreju-relaxing-zen-300-ml-2\/"},"modified":"2026-04-21T00:26:40","modified_gmt":"2026-04-21T00:26:40","slug":"glade-osvjezivac-zraka-u-spreju-relaxing-zen-300-ml-2","status":"publish","type":"product","link":"https:\/\/singuli.wpress.me\/index.php\/proizvod\/glade-osvjezivac-zraka-u-spreju-relaxing-zen-300-ml-2\/","title":{"rendered":"GLADE, osvje\u017eiva\u010d zraka u spreju, Relaxing Zen, 300\u00a0ml"},"content":{"rendered":"<p><span style=\"font-weight: bold\">Glade\u00ae<\/span> osvje\u017eiva\u010d zraka u spreju dizajniran je za uklanjanje neugodnih mirisa.<br \/>\nU\u017eivajte u ljepoti dana dok osvje\u017eavaju\u0107i mirisi ispunjavaju va\u0161u prostoriju. <\/p>\n<p><\/p>\n","protected":false},"excerpt":{"rendered":"<p>Uklanja neugodne mirise<br \/>\nPotrebno je protresti prije upotrebe<br \/>\nDugotrajno osvje\u017eava prostor<\/p>\n","protected":false},"featured_media":34035,"template":"","meta":{"_seopress_robots_primary_cat":"","_seopress_titles_title":"","_seopress_titles_desc":"","_seopress_robots_index":"","iawp_total_views":0},"product_brand":[405],"product_cat":[268,300],"product_tag":[],"class_list":{"0":"post-34034","1":"product","2":"type-product","3":"status-publish","4":"has-post-thumbnail","6":"product_brand-glade","7":"product_cat-kozmetika-2","8":"product_cat-njega-kose-268","10":"first","11":"instock","12":"shipping-taxable","13":"purchasable","14":"product-type-simple"},"_links":{"self":[{"href":"https:\/\/singuli.wpress.me\/index.php\/wp-json\/wp\/v2\/product\/34034","targetHints":{"allow":["GET"]}}],"collection":[{"href":"https:\/\/singuli.wpress.me\/index.php\/wp-json\/wp\/v2\/product"}],"about":[{"href":"https:\/\/singuli.wpress.me\/index.php\/wp-json\/wp\/v2\/types\/product"}],"version-history":[{"count":0,"href":"https:\/\/singuli.wpress.me\/index.php\/wp-json\/wp\/v2\/product\/34034\/revisions"}],"wp:featuredmedia":[{"embeddable":true,"href":"https:\/\/singuli.wpress.me\/index.php\/wp-json\/wp\/v2\/media\/34035"}],"wp:attachment":[{"href":"https:\/\/singuli.wpress.me\/index.php\/wp-json\/wp\/v2\/media?parent=34034"}],"wp:term":[{"taxonomy":"product_brand","embeddable":true,"href":"https:\/\/singuli.wpress.me\/index.php\/wp-json\/wp\/v2\/product_brand?post=34034"},{"taxonomy":"product_cat","embeddable":true,"href":"https:\/\/singuli.wpress.me\/index.php\/wp-json\/wp\/v2\/product_cat?post=34034"},{"taxonomy":"product_tag","embeddable":true,"href":"https:\/\/singuli.wpress.me\/index.php\/wp-json\/wp\/v2\/product_tag?post=34034"}],"curies":[{"name":"wp","href":"https:\/\/api.w.org\/{rel}","templated":true}]}}