{"id":34036,"date":"2026-04-17T13:38:46","date_gmt":"2026-04-17T13:38:46","guid":{"rendered":"https:\/\/singuli.wpress.me\/index.php\/proizvod\/raid-mirisne-vrecice-protiv-moljaca-miris-lavande-1-kom\/"},"modified":"2026-04-20T12:33:11","modified_gmt":"2026-04-20T12:33:11","slug":"raid-mirisne-vrecice-protiv-moljaca-miris-lavande-1-kom","status":"publish","type":"product","link":"https:\/\/singuli.wpress.me\/index.php\/proizvod\/raid-mirisne-vrecice-protiv-moljaca-miris-lavande-1-kom\/","title":{"rendered":"RAID, mirisne vre\u0107ice, protiv moljaca, miris lavande, 1\u00a0kom"},"content":{"rendered":"<p>Raid Mirisne vre\u0107i\u0107e ispu\u0161taju ugodan miris lavande do 2 mjeseca. Zahvaljuju\u0107i svom mikroperforiranom dizajnu i granulama omogu\u0107avaju kontinuirano i kontrolirano ispu\u0161tanje mirisa lavande. Mo\u017eete ih pozicioirati i u d\u017eepove i direktno na tkaninu, bez ostavljanja tragova ili o\u0161te\u0107enja odje\u0107e. Pakiranje sadr\u017ei 18 kom.<\/p>\n<p>Upute za uporabu:<br \/>\n1. Ne otvarati individualne mirisne vre\u0107ice.<br \/>\n2. Postavite mirisne vre\u0107ice na razli\u010dite lokacije u ladicama i ormarima. <br \/>\n3. Za manje prostore (ladice), koristite 3 do 4 mirisne vre\u0107ice. Za ve\u0107e prostore, koristite 12 mirisnih vre\u0107ica za 0.5m3 prostora. Za najbolje rezultate, nastojte ostaviti tretirane prostore zatvorenima \u0161to je \u010de\u0161\u0107e mogu\u0107e. <br \/>\n4. Zamijenite mirisne vre\u0107ice svaka 2 mjeseca.<\/p>\n<p><\/p>\n","protected":false},"excerpt":{"rendered":"<p>Ugodan miris lavande, kontinuirano i kontrolirano ispu\u0161tanje mirisa<br \/>\nTraje do  2 mjeseca, pakiranje sadr\u017ei 18 vre\u0107ica<br \/>\nDirektan kontakt s tkaninom nije \u0161tetan za odje\u0107u<\/p>\n","protected":false},"featured_media":34037,"template":"","meta":{"_seopress_robots_primary_cat":"","_seopress_titles_title":"","_seopress_titles_desc":"","_seopress_robots_index":"","iawp_total_views":0},"product_brand":[457],"product_cat":[274,238],"product_tag":[],"class_list":{"0":"post-34036","1":"product","2":"type-product","3":"status-publish","4":"has-post-thumbnail","6":"product_brand-raid","7":"product_cat-kucanski-pribor-238","8":"product_cat-sve-za-dom","10":"first","11":"instock","12":"shipping-taxable","13":"purchasable","14":"product-type-simple"},"_links":{"self":[{"href":"https:\/\/singuli.wpress.me\/index.php\/wp-json\/wp\/v2\/product\/34036","targetHints":{"allow":["GET"]}}],"collection":[{"href":"https:\/\/singuli.wpress.me\/index.php\/wp-json\/wp\/v2\/product"}],"about":[{"href":"https:\/\/singuli.wpress.me\/index.php\/wp-json\/wp\/v2\/types\/product"}],"version-history":[{"count":0,"href":"https:\/\/singuli.wpress.me\/index.php\/wp-json\/wp\/v2\/product\/34036\/revisions"}],"wp:featuredmedia":[{"embeddable":true,"href":"https:\/\/singuli.wpress.me\/index.php\/wp-json\/wp\/v2\/media\/34037"}],"wp:attachment":[{"href":"https:\/\/singuli.wpress.me\/index.php\/wp-json\/wp\/v2\/media?parent=34036"}],"wp:term":[{"taxonomy":"product_brand","embeddable":true,"href":"https:\/\/singuli.wpress.me\/index.php\/wp-json\/wp\/v2\/product_brand?post=34036"},{"taxonomy":"product_cat","embeddable":true,"href":"https:\/\/singuli.wpress.me\/index.php\/wp-json\/wp\/v2\/product_cat?post=34036"},{"taxonomy":"product_tag","embeddable":true,"href":"https:\/\/singuli.wpress.me\/index.php\/wp-json\/wp\/v2\/product_tag?post=34036"}],"curies":[{"name":"wp","href":"https:\/\/api.w.org\/{rel}","templated":true}]}}