{"id":34038,"date":"2026-04-17T13:38:47","date_gmt":"2026-04-17T13:38:47","guid":{"rendered":"https:\/\/singuli.wpress.me\/index.php\/proizvod\/raid-sprej-protiv-mrava-i-zohara-400-ml\/"},"modified":"2026-04-20T12:33:11","modified_gmt":"2026-04-20T12:33:11","slug":"raid-sprej-protiv-mrava-i-zohara-400-ml","status":"publish","type":"product","link":"https:\/\/singuli.wpress.me\/index.php\/proizvod\/raid-sprej-protiv-mrava-i-zohara-400-ml\/","title":{"rendered":"RAID, sprej, protiv mrava i \u017eohara, 400\u00a0ml"},"content":{"rendered":"<p>Raid\u00ae Sprej protiv mrava i \u017eohara zahvaljuju\u0107i djelotvornoj formuli osigurava dugotrajnu za\u0161titu do 4 tjedna uni\u0161tavaju\u0107i \u017eohare i njihova jaja\u0161ca. Raspr\u0161ite i uni\u0161tite sve gmi\u017eu\u0107e insekte.<\/p>\n","protected":false},"excerpt":{"rendered":"<p>Sprej protiv mrava i \u017eohara<br \/>\nDugotrajna za\u0161tita do 4 tjedna<br \/>\nLaka upotreba<\/p>\n","protected":false},"featured_media":34039,"template":"","meta":{"_seopress_robots_primary_cat":"","_seopress_titles_title":"","_seopress_titles_desc":"","_seopress_robots_index":"","iawp_total_views":0},"product_brand":[457],"product_cat":[268,300],"product_tag":[],"class_list":{"0":"post-34038","1":"product","2":"type-product","3":"status-publish","4":"has-post-thumbnail","6":"product_brand-raid","7":"product_cat-kozmetika-2","8":"product_cat-njega-kose-268","10":"first","11":"instock","12":"shipping-taxable","13":"purchasable","14":"product-type-simple"},"_links":{"self":[{"href":"https:\/\/singuli.wpress.me\/index.php\/wp-json\/wp\/v2\/product\/34038","targetHints":{"allow":["GET"]}}],"collection":[{"href":"https:\/\/singuli.wpress.me\/index.php\/wp-json\/wp\/v2\/product"}],"about":[{"href":"https:\/\/singuli.wpress.me\/index.php\/wp-json\/wp\/v2\/types\/product"}],"version-history":[{"count":0,"href":"https:\/\/singuli.wpress.me\/index.php\/wp-json\/wp\/v2\/product\/34038\/revisions"}],"wp:featuredmedia":[{"embeddable":true,"href":"https:\/\/singuli.wpress.me\/index.php\/wp-json\/wp\/v2\/media\/34039"}],"wp:attachment":[{"href":"https:\/\/singuli.wpress.me\/index.php\/wp-json\/wp\/v2\/media?parent=34038"}],"wp:term":[{"taxonomy":"product_brand","embeddable":true,"href":"https:\/\/singuli.wpress.me\/index.php\/wp-json\/wp\/v2\/product_brand?post=34038"},{"taxonomy":"product_cat","embeddable":true,"href":"https:\/\/singuli.wpress.me\/index.php\/wp-json\/wp\/v2\/product_cat?post=34038"},{"taxonomy":"product_tag","embeddable":true,"href":"https:\/\/singuli.wpress.me\/index.php\/wp-json\/wp\/v2\/product_tag?post=34038"}],"curies":[{"name":"wp","href":"https:\/\/api.w.org\/{rel}","templated":true}]}}