{"id":34040,"date":"2026-04-17T13:38:48","date_gmt":"2026-04-17T13:38:48","guid":{"rendered":"https:\/\/singuli.wpress.me\/index.php\/proizvod\/heinz-curry-mango-umak-220-ml\/"},"modified":"2026-04-20T12:33:11","modified_gmt":"2026-04-20T12:33:11","slug":"heinz-curry-mango-umak-220-ml","status":"publish","type":"product","link":"https:\/\/singuli.wpress.me\/index.php\/proizvod\/heinz-curry-mango-umak-220-ml\/","title":{"rendered":"HEINZ Curry Mango, umak, 220\u00a0ml"},"content":{"rendered":"<p>Heinz indijska Curry Mango omaka donosi bogat okus Indije s egzoti\u010dnom kombinacijom slatkog manga i aromati\u010dnog curryja. Ova je omaka savr\u0161ena za oboga\u0107ivanje raznih jela \u2013 od mesnih specijaliteta do vegetarijanskih curryja, ali i kao dip za grickalice. Zahvaljuju\u0107i prakti\u010dnom pakiranju, upotreba i priprema su brze i jednostavne. Kao i ostali Heinz proizvodi, omaka je proizvedena u skladu s visokim standardima kvalitete i sigurnosti hrane.<\/p>\n","protected":false},"excerpt":{"rendered":"<p>Savr\u0161ena harmonija slatkog manga i aromati\u010dnog curryja za jedinstveno iskustvo<br \/>\nOdli\u010dan izbor za mesna i vegetarijanska jela, ali i kao umak za grickalice<br \/>\nJednostavno se koristi i omogu\u0107ava brzu i urednu primjenu<\/p>\n","protected":false},"featured_media":34041,"template":"","meta":{"_seopress_robots_primary_cat":"","_seopress_titles_title":"","_seopress_titles_desc":"","_seopress_robots_index":"","iawp_total_views":0},"product_brand":[395],"product_cat":[266,265,160],"product_tag":[],"class_list":{"0":"post-34040","1":"product","2":"type-product","3":"status-publish","4":"has-post-thumbnail","6":"product_brand-heinz","7":"product_cat-aparati-za-kuhanje-265","8":"product_cat-kuhinjski-aparati-160","9":"product_cat-mali-kucanski-aparati","11":"first","12":"outofstock","13":"shipping-taxable","14":"purchasable","15":"product-type-simple"},"_links":{"self":[{"href":"https:\/\/singuli.wpress.me\/index.php\/wp-json\/wp\/v2\/product\/34040","targetHints":{"allow":["GET"]}}],"collection":[{"href":"https:\/\/singuli.wpress.me\/index.php\/wp-json\/wp\/v2\/product"}],"about":[{"href":"https:\/\/singuli.wpress.me\/index.php\/wp-json\/wp\/v2\/types\/product"}],"version-history":[{"count":0,"href":"https:\/\/singuli.wpress.me\/index.php\/wp-json\/wp\/v2\/product\/34040\/revisions"}],"wp:featuredmedia":[{"embeddable":true,"href":"https:\/\/singuli.wpress.me\/index.php\/wp-json\/wp\/v2\/media\/34041"}],"wp:attachment":[{"href":"https:\/\/singuli.wpress.me\/index.php\/wp-json\/wp\/v2\/media?parent=34040"}],"wp:term":[{"taxonomy":"product_brand","embeddable":true,"href":"https:\/\/singuli.wpress.me\/index.php\/wp-json\/wp\/v2\/product_brand?post=34040"},{"taxonomy":"product_cat","embeddable":true,"href":"https:\/\/singuli.wpress.me\/index.php\/wp-json\/wp\/v2\/product_cat?post=34040"},{"taxonomy":"product_tag","embeddable":true,"href":"https:\/\/singuli.wpress.me\/index.php\/wp-json\/wp\/v2\/product_tag?post=34040"}],"curies":[{"name":"wp","href":"https:\/\/api.w.org\/{rel}","templated":true}]}}