{"id":34042,"date":"2026-04-17T13:38:48","date_gmt":"2026-04-17T13:38:48","guid":{"rendered":"https:\/\/singuli.wpress.me\/index.php\/proizvod\/heinz-pommes-frites-umak-430-g\/"},"modified":"2026-04-20T12:33:11","modified_gmt":"2026-04-20T12:33:11","slug":"heinz-pommes-frites-umak-430-g","status":"publish","type":"product","link":"https:\/\/singuli.wpress.me\/index.php\/proizvod\/heinz-pommes-frites-umak-430-g\/","title":{"rendered":"HEINZ Pommes Frites, umak, 430\u00a0g"},"content":{"rendered":"<p>Heinz umak za krumpiri\u0107e Pommes Frites nudi kremastu teksturu u stilu majoneze, ali sa smanjenim udjelom masti \u2013 sadr\u017ei samo 21 % masno\u0107e. Ova blago za\u010dinjena receptura posebno je prilago\u0111ena jelima od krumpira, pogotovo pr\u017eenom krumpiri\u0107u u nizozemskom stilu. Savr\u0161en je izbor za ljubitelje osvje\u017eavaju\u0107ih umaka koji ne \u017eele raditi kompromise kada je rije\u010d o okusu. Kao i ostali proizvodi brenda Heinz, proizveden je u skladu s najvi\u0161im standardima kvalitete i sigurnosti hrane.<\/p>\n","protected":false},"excerpt":{"rendered":"<p>Kremasta tekstura s udjelom masti od samo 21 %<br \/>\nIdealna za pomfrit, pr\u017eeni i pe\u010deni krumpir u nizozemskom stilu<br \/>\nIako je niskomasan, umak nudi bogat, blago za\u010dinjen okus<\/p>\n","protected":false},"featured_media":34043,"template":"","meta":{"_seopress_robots_primary_cat":"","_seopress_titles_title":"","_seopress_titles_desc":"","_seopress_robots_index":"","iawp_total_views":0},"product_brand":[395],"product_cat":[266,265,160],"product_tag":[],"class_list":{"0":"post-34042","1":"product","2":"type-product","3":"status-publish","4":"has-post-thumbnail","6":"product_brand-heinz","7":"product_cat-aparati-za-kuhanje-265","8":"product_cat-kuhinjski-aparati-160","9":"product_cat-mali-kucanski-aparati","11":"first","12":"outofstock","13":"shipping-taxable","14":"purchasable","15":"product-type-simple"},"_links":{"self":[{"href":"https:\/\/singuli.wpress.me\/index.php\/wp-json\/wp\/v2\/product\/34042","targetHints":{"allow":["GET"]}}],"collection":[{"href":"https:\/\/singuli.wpress.me\/index.php\/wp-json\/wp\/v2\/product"}],"about":[{"href":"https:\/\/singuli.wpress.me\/index.php\/wp-json\/wp\/v2\/types\/product"}],"version-history":[{"count":0,"href":"https:\/\/singuli.wpress.me\/index.php\/wp-json\/wp\/v2\/product\/34042\/revisions"}],"wp:featuredmedia":[{"embeddable":true,"href":"https:\/\/singuli.wpress.me\/index.php\/wp-json\/wp\/v2\/media\/34043"}],"wp:attachment":[{"href":"https:\/\/singuli.wpress.me\/index.php\/wp-json\/wp\/v2\/media?parent=34042"}],"wp:term":[{"taxonomy":"product_brand","embeddable":true,"href":"https:\/\/singuli.wpress.me\/index.php\/wp-json\/wp\/v2\/product_brand?post=34042"},{"taxonomy":"product_cat","embeddable":true,"href":"https:\/\/singuli.wpress.me\/index.php\/wp-json\/wp\/v2\/product_cat?post=34042"},{"taxonomy":"product_tag","embeddable":true,"href":"https:\/\/singuli.wpress.me\/index.php\/wp-json\/wp\/v2\/product_tag?post=34042"}],"curies":[{"name":"wp","href":"https:\/\/api.w.org\/{rel}","templated":true}]}}