{"id":34046,"date":"2026-04-17T13:38:49","date_gmt":"2026-04-17T13:38:49","guid":{"rendered":"https:\/\/singuli.wpress.me\/index.php\/proizvod\/lindor-cokolada-slana-karamela-100-g\/"},"modified":"2026-04-20T12:33:11","modified_gmt":"2026-04-20T12:33:11","slug":"lindor-cokolada-slana-karamela-100-g","status":"publish","type":"product","link":"https:\/\/singuli.wpress.me\/index.php\/proizvod\/lindor-cokolada-slana-karamela-100-g\/","title":{"rendered":"LINDOR, \u010dokolada, slana karamela, 100\u00a0g"},"content":{"rendered":"<p>Iskusite <span style=\"font-weight: bold\">Lindt slane karamele<\/span> \u2013 vrhunsku \u010dokoladnu plo\u010dicu napravljenu od najfinije mlije\u010dne \u010dokolade. Njena glatka tekstura i intenzivna aroma omogu\u0107uju u\u017eivanje u savr\u0161enom spoju slatkog i slanog okusa dok se Lindt \u010dokolada topi na va\u0161em jeziku, pru\u017eaju\u0107i trenutak \u010distog u\u017eitka.<br \/>\nNa\u0161i majstori \u010dokolatijeri pa\u017eljivo kombiniraju najfinije sastojke, uklju\u010duju\u0107i nje\u017ene komadi\u0107e karamele i da\u0161ak soli, kako bi stvorili savr\u0161enu harmoniju mlije\u010dne \u010dokolade u elegantnim, tankim dijamantima.<br \/>\nIdealna za dijeljenje s prijateljima uz omiljeni \u010daj, kavu ili vino. Savr\u0161en svakodnevni u\u017eitak i prakti\u010dna poslastica za one koji cijene profinjene stvari u \u017eivotu.<\/p>\n<p>Mlije\u010dna \u010dokolada sadr\u017ei: kakaovi dijelovi 31% min, suha tvar mlijeka 20% min<\/p>\n","protected":false},"excerpt":{"rendered":"<p>Najfiniji kakao<br \/>\nLindt kvaliteta najboljih sastojaka<br \/>\nMlije\u010dna \u010dokolada sadr\u017ei kakaovi dijelovi 31% min<\/p>\n","protected":false},"featured_media":34047,"template":"","meta":{"_seopress_robots_primary_cat":"","_seopress_titles_title":"","_seopress_titles_desc":"","_seopress_robots_index":"","iawp_total_views":0},"product_brand":[756],"product_cat":[261,277],"product_tag":[],"class_list":{"0":"post-34046","1":"product","2":"type-product","3":"status-publish","4":"has-post-thumbnail","6":"product_brand-lindor","7":"product_cat-hrana-i-pice","8":"product_cat-slatkisi-i-grickalice-261","10":"first","11":"outofstock","12":"shipping-taxable","13":"purchasable","14":"product-type-simple"},"_links":{"self":[{"href":"https:\/\/singuli.wpress.me\/index.php\/wp-json\/wp\/v2\/product\/34046","targetHints":{"allow":["GET"]}}],"collection":[{"href":"https:\/\/singuli.wpress.me\/index.php\/wp-json\/wp\/v2\/product"}],"about":[{"href":"https:\/\/singuli.wpress.me\/index.php\/wp-json\/wp\/v2\/types\/product"}],"version-history":[{"count":0,"href":"https:\/\/singuli.wpress.me\/index.php\/wp-json\/wp\/v2\/product\/34046\/revisions"}],"wp:featuredmedia":[{"embeddable":true,"href":"https:\/\/singuli.wpress.me\/index.php\/wp-json\/wp\/v2\/media\/34047"}],"wp:attachment":[{"href":"https:\/\/singuli.wpress.me\/index.php\/wp-json\/wp\/v2\/media?parent=34046"}],"wp:term":[{"taxonomy":"product_brand","embeddable":true,"href":"https:\/\/singuli.wpress.me\/index.php\/wp-json\/wp\/v2\/product_brand?post=34046"},{"taxonomy":"product_cat","embeddable":true,"href":"https:\/\/singuli.wpress.me\/index.php\/wp-json\/wp\/v2\/product_cat?post=34046"},{"taxonomy":"product_tag","embeddable":true,"href":"https:\/\/singuli.wpress.me\/index.php\/wp-json\/wp\/v2\/product_tag?post=34046"}],"curies":[{"name":"wp","href":"https:\/\/api.w.org\/{rel}","templated":true}]}}