{"id":34050,"date":"2026-04-17T13:38:50","date_gmt":"2026-04-17T13:38:50","guid":{"rendered":"https:\/\/singuli.wpress.me\/index.php\/proizvod\/lindt-mlijecna-cokolada-300-g\/"},"modified":"2026-04-20T12:33:11","modified_gmt":"2026-04-20T12:33:11","slug":"lindt-mlijecna-cokolada-300-g","status":"publish","type":"product","link":"https:\/\/singuli.wpress.me\/index.php\/proizvod\/lindt-mlijecna-cokolada-300-g\/","title":{"rendered":"LINDT, mlije\u010dna \u010dokolada, 300\u00a0g"},"content":{"rendered":"<p>Otkrijte uzvi\u0161eni do\u017eivljaj glatke <span style=\"font-weight: bold\">\u0161vicarske \u010dokolade s naznakama slatke karamele<\/span> u jednoj velikoj plo\u010dici mlije\u010dne \u010dokolade.<br \/>\nOd 1845. godine, Lindtovi majstori \u010dokolatijeri kombiniraju svoje znanje s najkvalitetnijim sastojcima iz cijelog svijeta kako bi proizveli najfinije \u010dokolade.<br \/>\nPripremite se za u\u017eivanje u rasko\u0161nom okusu i teksturi dok odmotavate sjajni zlatni omot i otkrivate na\u0161u nebesku \u010dokoladnu plo\u010dicu. Do\u017eivite luksuz s Lindtom.<\/p>\n<p>Mlije\u010dna \u010dokolada sadr\u017ei najmanje 31% kakao dijelova i najmanje 20% mlije\u010dnih dijelova<\/p>\n","protected":false},"excerpt":{"rendered":"<p>Najfiniji kakao<br \/>\nLindt kvaliteta najboljih sastojaka<br \/>\n\u0160vicarska premium kvaliteta<\/p>\n","protected":false},"featured_media":34051,"template":"","meta":{"_seopress_robots_primary_cat":"","_seopress_titles_title":"","_seopress_titles_desc":"","_seopress_robots_index":"","iawp_total_views":0},"product_brand":[758],"product_cat":[261,277],"product_tag":[],"class_list":{"0":"post-34050","1":"product","2":"type-product","3":"status-publish","4":"has-post-thumbnail","6":"product_brand-lindt","7":"product_cat-hrana-i-pice","8":"product_cat-slatkisi-i-grickalice-261","10":"first","11":"outofstock","12":"shipping-taxable","13":"purchasable","14":"product-type-simple"},"_links":{"self":[{"href":"https:\/\/singuli.wpress.me\/index.php\/wp-json\/wp\/v2\/product\/34050","targetHints":{"allow":["GET"]}}],"collection":[{"href":"https:\/\/singuli.wpress.me\/index.php\/wp-json\/wp\/v2\/product"}],"about":[{"href":"https:\/\/singuli.wpress.me\/index.php\/wp-json\/wp\/v2\/types\/product"}],"version-history":[{"count":0,"href":"https:\/\/singuli.wpress.me\/index.php\/wp-json\/wp\/v2\/product\/34050\/revisions"}],"wp:featuredmedia":[{"embeddable":true,"href":"https:\/\/singuli.wpress.me\/index.php\/wp-json\/wp\/v2\/media\/34051"}],"wp:attachment":[{"href":"https:\/\/singuli.wpress.me\/index.php\/wp-json\/wp\/v2\/media?parent=34050"}],"wp:term":[{"taxonomy":"product_brand","embeddable":true,"href":"https:\/\/singuli.wpress.me\/index.php\/wp-json\/wp\/v2\/product_brand?post=34050"},{"taxonomy":"product_cat","embeddable":true,"href":"https:\/\/singuli.wpress.me\/index.php\/wp-json\/wp\/v2\/product_cat?post=34050"},{"taxonomy":"product_tag","embeddable":true,"href":"https:\/\/singuli.wpress.me\/index.php\/wp-json\/wp\/v2\/product_tag?post=34050"}],"curies":[{"name":"wp","href":"https:\/\/api.w.org\/{rel}","templated":true}]}}