{"id":34052,"date":"2026-04-17T13:38:51","date_gmt":"2026-04-17T13:38:51","guid":{"rendered":"https:\/\/singuli.wpress.me\/index.php\/proizvod\/lindor-praline-mix-337-g\/"},"modified":"2026-04-20T12:33:11","modified_gmt":"2026-04-20T12:33:11","slug":"lindor-praline-mix-337-g","status":"publish","type":"product","link":"https:\/\/singuli.wpress.me\/index.php\/proizvod\/lindor-praline-mix-337-g\/","title":{"rendered":"LINDOR, praline, mix, 337\u00a0g"},"content":{"rendered":"<p>Do\u017eivite u\u017eitak s ovim asortimanom Lindt Lindor kuglica od mlije\u010dne, bijele, ekstra tamne i \u010dokolade s lje\u0161njakom, s glatkim punjenjem koje se topi u ustima. Lindtovi majstori \u010dokolatijeri spajaju stru\u010dnost i najfinije sastojke kako bi stvorili savr\u0161eno okruglu \u010dokoladnu ljusku s neodoljivim glatkim punjenjem. Od 1845. godine, Lindt je posve\u0107en proizvodnji najfinijih \u010dokolada, a recepti koje stvaraju Lindtovi majstori \u010dokolatijeri vrhunske su kvalitete kako bi odu\u0161evili va\u0161a nepca. Ovaj asortiman Lindor \u010dokolada idealan je dar za svaku prigodu, od Valentinova i Uskrsa do ro\u0111endana i Bo\u017ei\u0107a, a savr\u0161en je i za trenutke osobnog u\u017eivanja.<\/p>\n<p>Mlije\u010dna \u010dokolada sadr\u017ei: kakaovi dijelovi 32% min., suha tvar mlijeka 21% min.<br \/>\nTamna \u010dokolada sadr\u017ei: kakaovi dijelovi 60% min.<br \/>\nBijela \u010dokolada sadr\u017ei: kakaovi dijelovi 29% min., suha tvar mlijeka 25% min.<\/p>\n","protected":false},"excerpt":{"rendered":"<p>Pakiranje 4 vrste pralina od mlije\u010dne \u010dokolade, mlije\u010dne \u010dokolade s lje\u0161njacima, tamne i bijele \u010dokolade s kremastim punjenjem<br \/>\nLindt kvaliteta najboljih sastojaka<br \/>\nPakiranje sadr\u017ei 25 kom<\/p>\n","protected":false},"featured_media":34053,"template":"","meta":{"_seopress_robots_primary_cat":"","_seopress_titles_title":"","_seopress_titles_desc":"","_seopress_robots_index":"","iawp_total_views":0},"product_brand":[756],"product_cat":[261,277],"product_tag":[],"class_list":{"0":"post-34052","1":"product","2":"type-product","3":"status-publish","4":"has-post-thumbnail","6":"product_brand-lindor","7":"product_cat-hrana-i-pice","8":"product_cat-slatkisi-i-grickalice-261","10":"first","11":"instock","12":"shipping-taxable","13":"purchasable","14":"product-type-simple"},"_links":{"self":[{"href":"https:\/\/singuli.wpress.me\/index.php\/wp-json\/wp\/v2\/product\/34052","targetHints":{"allow":["GET"]}}],"collection":[{"href":"https:\/\/singuli.wpress.me\/index.php\/wp-json\/wp\/v2\/product"}],"about":[{"href":"https:\/\/singuli.wpress.me\/index.php\/wp-json\/wp\/v2\/types\/product"}],"version-history":[{"count":0,"href":"https:\/\/singuli.wpress.me\/index.php\/wp-json\/wp\/v2\/product\/34052\/revisions"}],"wp:featuredmedia":[{"embeddable":true,"href":"https:\/\/singuli.wpress.me\/index.php\/wp-json\/wp\/v2\/media\/34053"}],"wp:attachment":[{"href":"https:\/\/singuli.wpress.me\/index.php\/wp-json\/wp\/v2\/media?parent=34052"}],"wp:term":[{"taxonomy":"product_brand","embeddable":true,"href":"https:\/\/singuli.wpress.me\/index.php\/wp-json\/wp\/v2\/product_brand?post=34052"},{"taxonomy":"product_cat","embeddable":true,"href":"https:\/\/singuli.wpress.me\/index.php\/wp-json\/wp\/v2\/product_cat?post=34052"},{"taxonomy":"product_tag","embeddable":true,"href":"https:\/\/singuli.wpress.me\/index.php\/wp-json\/wp\/v2\/product_tag?post=34052"}],"curies":[{"name":"wp","href":"https:\/\/api.w.org\/{rel}","templated":true}]}}