{"id":34054,"date":"2026-04-17T13:38:52","date_gmt":"2026-04-17T13:38:52","guid":{"rendered":"https:\/\/singuli.wpress.me\/index.php\/proizvod\/lindor-cokolada-pistacija-100-g\/"},"modified":"2026-04-20T12:33:11","modified_gmt":"2026-04-20T12:33:11","slug":"lindor-cokolada-pistacija-100-g","status":"publish","type":"product","link":"https:\/\/singuli.wpress.me\/index.php\/proizvod\/lindor-cokolada-pistacija-100-g\/","title":{"rendered":"LINDOR, \u010dokolada, pistacija, 100\u00a0g"},"content":{"rendered":"<p>Svaki kvadrat Lindt Lindor mlije\u010dne \u010dokolade i pistacije sadr\u017ei luksuzno punjenje od pistacija, posuto hrskavim komadi\u0107ima badema te oblo\u017eeno najfinijom bogatom Lindt \u010dokoladom. Ako volite u\u017eivati u Lindt Lindor truffle \u010dokoladnim kuglicama s pistacijom, onda \u0107e ova verzija u obliku \u010dokoladne plo\u010de od 100 g savr\u0161eno do\u0107i za nastavak u\u017eivanja. Kvadrat po kvadrat plo\u010de! Tajna bo\u017eanstvenog okusa Lindor \u010dokolade krije se u procesu izrade i obrade kakao zrnaca pomo\u0107u kojeg se dobiva prepoznatljiv bar\u0161unasto svilenkasti \u010dokoladni okus.<\/p>\n<p>Mlije\u010dna \u010dokolada sadr\u017ei: kakaovi dijelovi 30% min., suha tvar mlijeka 20% min<\/p>\n","protected":false},"excerpt":{"rendered":"<p>Najfiniji kakao<br \/>\nLindt kvaliteta najboljih sastojaka<br \/>\nTajna bo\u017eanstvenog okusa Lindor \u010dokolade krije se u procesu izrade i obrade kakao zrnaca<\/p>\n","protected":false},"featured_media":34055,"template":"","meta":{"_seopress_robots_primary_cat":"","_seopress_titles_title":"","_seopress_titles_desc":"","_seopress_robots_index":"","iawp_total_views":0},"product_brand":[756],"product_cat":[261,277],"product_tag":[],"class_list":{"0":"post-34054","1":"product","2":"type-product","3":"status-publish","4":"has-post-thumbnail","6":"product_brand-lindor","7":"product_cat-hrana-i-pice","8":"product_cat-slatkisi-i-grickalice-261","10":"first","11":"instock","12":"shipping-taxable","13":"purchasable","14":"product-type-simple"},"_links":{"self":[{"href":"https:\/\/singuli.wpress.me\/index.php\/wp-json\/wp\/v2\/product\/34054","targetHints":{"allow":["GET"]}}],"collection":[{"href":"https:\/\/singuli.wpress.me\/index.php\/wp-json\/wp\/v2\/product"}],"about":[{"href":"https:\/\/singuli.wpress.me\/index.php\/wp-json\/wp\/v2\/types\/product"}],"version-history":[{"count":0,"href":"https:\/\/singuli.wpress.me\/index.php\/wp-json\/wp\/v2\/product\/34054\/revisions"}],"wp:featuredmedia":[{"embeddable":true,"href":"https:\/\/singuli.wpress.me\/index.php\/wp-json\/wp\/v2\/media\/34055"}],"wp:attachment":[{"href":"https:\/\/singuli.wpress.me\/index.php\/wp-json\/wp\/v2\/media?parent=34054"}],"wp:term":[{"taxonomy":"product_brand","embeddable":true,"href":"https:\/\/singuli.wpress.me\/index.php\/wp-json\/wp\/v2\/product_brand?post=34054"},{"taxonomy":"product_cat","embeddable":true,"href":"https:\/\/singuli.wpress.me\/index.php\/wp-json\/wp\/v2\/product_cat?post=34054"},{"taxonomy":"product_tag","embeddable":true,"href":"https:\/\/singuli.wpress.me\/index.php\/wp-json\/wp\/v2\/product_tag?post=34054"}],"curies":[{"name":"wp","href":"https:\/\/api.w.org\/{rel}","templated":true}]}}