{"id":34061,"date":"2026-04-17T13:38:53","date_gmt":"2026-04-17T13:38:53","guid":{"rendered":"https:\/\/singuli.wpress.me\/index.php\/proizvod\/lindt-excellence-tamna-cokolada-90-kakaa-100-g\/"},"modified":"2026-04-20T12:33:11","modified_gmt":"2026-04-20T12:33:11","slug":"lindt-excellence-tamna-cokolada-90-kakaa-100-g","status":"publish","type":"product","link":"https:\/\/singuli.wpress.me\/index.php\/proizvod\/lindt-excellence-tamna-cokolada-90-kakaa-100-g\/","title":{"rendered":"LINDT Excellence, tamna \u010dokolada, 90% kakaa, 100\u00a0g"},"content":{"rendered":"<p><span style=\"font-weight: bold\">Lindt Excellence Intense Dark 90% Cocoa Chocolate<\/span> je plo\u010dica bogate, luksuzne \u010dokolade napravljena s najfinijim sastojcima od strane na\u0161ih majstora \u010dokolatijera. Savr\u0161en spoj glatke tamne \u010dokolade s 90% udjela kakaa kombinira dubok okus kakaa i iznena\u0111uju\u0107e uravnote\u017een okus, stvaraju\u0107i iskustvo koje zadovoljava sva \u010dula \u2013 u\u017eivajte u glatkoj teksturi i dubokoj boji, u\u017eivajte u zadovoljavaju\u0107em zvuku krhkog pucanja izuzetno tankih dijamanata i cijenite bogat miris prije nego \u0161to se prepustite intenzivnoj simfoniji okusa kakaa dok luksuzna, duboka i bar\u0161unasta Lindt tamna \u010dokolada topi na jeziku.<\/p>\n<p>Tamna \u010dokolada sadr\u017ei kakao dijelove 90% min<\/p>\n","protected":false},"excerpt":{"rendered":"<p>Najfiniji kakao<br \/>\nLindt kvaliteta najboljih sastojaka<br \/>\nTamna \u010dokolada sadr\u017ei kakao dijelove 90% min<\/p>\n","protected":false},"featured_media":34062,"template":"","meta":{"_seopress_robots_primary_cat":"","_seopress_titles_title":"","_seopress_titles_desc":"","_seopress_robots_index":"","iawp_total_views":0},"product_brand":[758],"product_cat":[261,277],"product_tag":[],"class_list":{"0":"post-34061","1":"product","2":"type-product","3":"status-publish","4":"has-post-thumbnail","6":"product_brand-lindt","7":"product_cat-hrana-i-pice","8":"product_cat-slatkisi-i-grickalice-261","10":"first","11":"instock","12":"shipping-taxable","13":"purchasable","14":"product-type-simple"},"_links":{"self":[{"href":"https:\/\/singuli.wpress.me\/index.php\/wp-json\/wp\/v2\/product\/34061","targetHints":{"allow":["GET"]}}],"collection":[{"href":"https:\/\/singuli.wpress.me\/index.php\/wp-json\/wp\/v2\/product"}],"about":[{"href":"https:\/\/singuli.wpress.me\/index.php\/wp-json\/wp\/v2\/types\/product"}],"version-history":[{"count":0,"href":"https:\/\/singuli.wpress.me\/index.php\/wp-json\/wp\/v2\/product\/34061\/revisions"}],"wp:featuredmedia":[{"embeddable":true,"href":"https:\/\/singuli.wpress.me\/index.php\/wp-json\/wp\/v2\/media\/34062"}],"wp:attachment":[{"href":"https:\/\/singuli.wpress.me\/index.php\/wp-json\/wp\/v2\/media?parent=34061"}],"wp:term":[{"taxonomy":"product_brand","embeddable":true,"href":"https:\/\/singuli.wpress.me\/index.php\/wp-json\/wp\/v2\/product_brand?post=34061"},{"taxonomy":"product_cat","embeddable":true,"href":"https:\/\/singuli.wpress.me\/index.php\/wp-json\/wp\/v2\/product_cat?post=34061"},{"taxonomy":"product_tag","embeddable":true,"href":"https:\/\/singuli.wpress.me\/index.php\/wp-json\/wp\/v2\/product_tag?post=34061"}],"curies":[{"name":"wp","href":"https:\/\/api.w.org\/{rel}","templated":true}]}}