{"id":34065,"date":"2026-04-17T13:38:56","date_gmt":"2026-04-17T13:38:56","guid":{"rendered":"https:\/\/singuli.wpress.me\/index.php\/proizvod\/lindor-tamna-cokolada-100-g\/"},"modified":"2026-04-20T12:33:11","modified_gmt":"2026-04-20T12:33:11","slug":"lindor-tamna-cokolada-100-g","status":"publish","type":"product","link":"https:\/\/singuli.wpress.me\/index.php\/proizvod\/lindor-tamna-cokolada-100-g\/","title":{"rendered":"LINDOR, tamna \u010dokolada, 100\u00a0g"},"content":{"rendered":"<p><span style=\"font-weight: bold\">Lindt Lindor Dark <\/span>pru\u017ea neodoljivo iskustvo tamne \u010dokolade s bogatim, bar\u0161unasto glatkim punjenjem koje se topi u ustima. Ova vrhunska \u010dokoladna poslastica, stvorena od najfinijih sastojaka od strane Lindtovih majstora \u010dokolatijera, savr\u0161eno spaja intenzivan okus tamne \u010dokolade s kremastom unutra\u0161njo\u0161\u0107u.<br \/>\nU\u017eivajte u trenutku \u010diste \u010dokoladne harmonije, bilo da je dijelite s drugima ili se prepu\u0161tate vlastitom trenutku u\u017eitka. Idealna za ljubitelje tamne \u010dokolade koji tra\u017ee sofisticiranu i rasko\u0161nu poslasticu.<\/p>\n<p>Tamna \u010dokolada sadr\u017ei kakao dijelova 60% min<\/p>\n","protected":false},"excerpt":{"rendered":"<p>Najfiniji kakao<br \/>\nLindt kvaliteta najboljih sastojaka<br \/>\nTamna \u010dokolada sadr\u017ei kakao dijelova 60% min<\/p>\n","protected":false},"featured_media":34066,"template":"","meta":{"_seopress_robots_primary_cat":"","_seopress_titles_title":"","_seopress_titles_desc":"","_seopress_robots_index":"","iawp_total_views":0},"product_brand":[756],"product_cat":[261,277],"product_tag":[],"class_list":{"0":"post-34065","1":"product","2":"type-product","3":"status-publish","4":"has-post-thumbnail","6":"product_brand-lindor","7":"product_cat-hrana-i-pice","8":"product_cat-slatkisi-i-grickalice-261","10":"first","11":"instock","12":"shipping-taxable","13":"purchasable","14":"product-type-simple"},"_links":{"self":[{"href":"https:\/\/singuli.wpress.me\/index.php\/wp-json\/wp\/v2\/product\/34065","targetHints":{"allow":["GET"]}}],"collection":[{"href":"https:\/\/singuli.wpress.me\/index.php\/wp-json\/wp\/v2\/product"}],"about":[{"href":"https:\/\/singuli.wpress.me\/index.php\/wp-json\/wp\/v2\/types\/product"}],"version-history":[{"count":0,"href":"https:\/\/singuli.wpress.me\/index.php\/wp-json\/wp\/v2\/product\/34065\/revisions"}],"wp:featuredmedia":[{"embeddable":true,"href":"https:\/\/singuli.wpress.me\/index.php\/wp-json\/wp\/v2\/media\/34066"}],"wp:attachment":[{"href":"https:\/\/singuli.wpress.me\/index.php\/wp-json\/wp\/v2\/media?parent=34065"}],"wp:term":[{"taxonomy":"product_brand","embeddable":true,"href":"https:\/\/singuli.wpress.me\/index.php\/wp-json\/wp\/v2\/product_brand?post=34065"},{"taxonomy":"product_cat","embeddable":true,"href":"https:\/\/singuli.wpress.me\/index.php\/wp-json\/wp\/v2\/product_cat?post=34065"},{"taxonomy":"product_tag","embeddable":true,"href":"https:\/\/singuli.wpress.me\/index.php\/wp-json\/wp\/v2\/product_tag?post=34065"}],"curies":[{"name":"wp","href":"https:\/\/api.w.org\/{rel}","templated":true}]}}