{"id":34067,"date":"2026-04-17T13:38:57","date_gmt":"2026-04-17T13:38:57","guid":{"rendered":"https:\/\/singuli.wpress.me\/index.php\/proizvod\/lindt-excellence-intense-tamna-cokolada-sok-narance-i-bademi-100-g\/"},"modified":"2026-04-20T12:33:11","modified_gmt":"2026-04-20T12:33:11","slug":"lindt-excellence-intense-tamna-cokolada-sok-narance-i-bademi-100-g","status":"publish","type":"product","link":"https:\/\/singuli.wpress.me\/index.php\/proizvod\/lindt-excellence-intense-tamna-cokolada-sok-narance-i-bademi-100-g\/","title":{"rendered":"LINDT Excellence Intense, tamna \u010dokolada, sok naran\u010de i bademi, 100\u00a0g"},"content":{"rendered":"<p>Lindt Excellence tamna \u010dokolada s Naran\u010dom je plo\u010dica bogate, luksuzne \u010dokolade izra\u0111ene od najfinijih sastojaka od strane na\u0161ih majstora \u010dokolatijera. Savr\u0161eni spoj intenzivne tamne \u010dokolade sadr\u017ei nje\u017ene komadi\u0107e naran\u010de i ukusne listi\u0107e badema, stvaraju\u0107i iskustvo koje obuzima sva osjetila \u2013 u\u017eivajte u glatkoj teksturi i dubokoj boji, zadovoljavaju\u0107em zvuku lomljenja izuzetno tankih dijamanata te bogatom mirisu prije nego \u0161to se prepustite intenzivnoj simfoniji okusa kakaa dok se tamna Lindt \u010dokolada topi na jeziku.<\/p>\n","protected":false},"excerpt":{"rendered":"<p>Najfiniji kakao<br \/>\nLindt kvaliteta najboljih sastojaka<br \/>\nTamna \u010dokolada sadr\u017ei: kakaovi dijelovi 48% min<\/p>\n","protected":false},"featured_media":34068,"template":"","meta":{"_seopress_robots_primary_cat":"","_seopress_titles_title":"","_seopress_titles_desc":"","_seopress_robots_index":"","iawp_total_views":0},"product_brand":[758],"product_cat":[261,277],"product_tag":[],"class_list":{"0":"post-34067","1":"product","2":"type-product","3":"status-publish","4":"has-post-thumbnail","6":"product_brand-lindt","7":"product_cat-hrana-i-pice","8":"product_cat-slatkisi-i-grickalice-261","10":"first","11":"instock","12":"shipping-taxable","13":"purchasable","14":"product-type-simple"},"_links":{"self":[{"href":"https:\/\/singuli.wpress.me\/index.php\/wp-json\/wp\/v2\/product\/34067","targetHints":{"allow":["GET"]}}],"collection":[{"href":"https:\/\/singuli.wpress.me\/index.php\/wp-json\/wp\/v2\/product"}],"about":[{"href":"https:\/\/singuli.wpress.me\/index.php\/wp-json\/wp\/v2\/types\/product"}],"version-history":[{"count":0,"href":"https:\/\/singuli.wpress.me\/index.php\/wp-json\/wp\/v2\/product\/34067\/revisions"}],"wp:featuredmedia":[{"embeddable":true,"href":"https:\/\/singuli.wpress.me\/index.php\/wp-json\/wp\/v2\/media\/34068"}],"wp:attachment":[{"href":"https:\/\/singuli.wpress.me\/index.php\/wp-json\/wp\/v2\/media?parent=34067"}],"wp:term":[{"taxonomy":"product_brand","embeddable":true,"href":"https:\/\/singuli.wpress.me\/index.php\/wp-json\/wp\/v2\/product_brand?post=34067"},{"taxonomy":"product_cat","embeddable":true,"href":"https:\/\/singuli.wpress.me\/index.php\/wp-json\/wp\/v2\/product_cat?post=34067"},{"taxonomy":"product_tag","embeddable":true,"href":"https:\/\/singuli.wpress.me\/index.php\/wp-json\/wp\/v2\/product_tag?post=34067"}],"curies":[{"name":"wp","href":"https:\/\/api.w.org\/{rel}","templated":true}]}}