{"id":34073,"date":"2026-04-17T13:38:58","date_gmt":"2026-04-17T13:38:58","guid":{"rendered":"https:\/\/singuli.wpress.me\/index.php\/proizvod\/lindt-excellence-mild-tamna-cokolada-70-kakaa-100-g\/"},"modified":"2026-04-20T12:33:11","modified_gmt":"2026-04-20T12:33:11","slug":"lindt-excellence-mild-tamna-cokolada-70-kakaa-100-g","status":"publish","type":"product","link":"https:\/\/singuli.wpress.me\/index.php\/proizvod\/lindt-excellence-mild-tamna-cokolada-70-kakaa-100-g\/","title":{"rendered":"LINDT Excellence Mild , tamna \u010dokolada, 70% kakaa, 100\u00a0g"},"content":{"rendered":"<p><span style=\"font-weight: bold\">Lindt Excellence tamna \u010dokolada 70% kakaa<\/span> blaga je plo\u010dica bogate, luksuzne \u010dokolade napravljena od najfinijih sastojaka od strane na\u0161ih majstora \u010dokolatijera. Pogodna je za sve koji vole tamnu \u010dokoladu, s mek\u0161im i bla\u017eim tonovima te manjom kiselo\u0161\u0107u i gor\u010dinom. Lindt Excellence 70% Blaga ima ne\u0161to svjetliji ton i zaokru\u017een okus s jasnim mirisom vanilije, a napravljena je od visokokvalitetnih kakao zrna iz Ekvadora, Madagaskara, Gane i Karipskih otoka. Pa\u017eljiv odabir najfinijih kakao zrna, zajedno s stra\u0161\u0107u i pa\u017enjom Lindt majstora \u010dokolatijera, osigurava da \u010dokolada ima glatku i ravnomjernu teksturu koja se polako topi u ustima.<\/p>\n<p>Tamna \u010dokolada sadr\u017ei najmanje 70% kakao suhih tvari.<\/p>\n","protected":false},"excerpt":{"rendered":"<p>Najfiniji kakao<br \/>\nLindt kvaliteta najboljih sastojaka<br \/>\nTamna \u010dokolada sadr\u017ei najmanje 70% kakao suhih tvari<\/p>\n","protected":false},"featured_media":34074,"template":"","meta":{"_seopress_robots_primary_cat":"","_seopress_titles_title":"","_seopress_titles_desc":"","_seopress_robots_index":"","iawp_total_views":0},"product_brand":[758],"product_cat":[261,277],"product_tag":[],"class_list":{"0":"post-34073","1":"product","2":"type-product","3":"status-publish","4":"has-post-thumbnail","6":"product_brand-lindt","7":"product_cat-hrana-i-pice","8":"product_cat-slatkisi-i-grickalice-261","10":"first","11":"instock","12":"shipping-taxable","13":"purchasable","14":"product-type-simple"},"_links":{"self":[{"href":"https:\/\/singuli.wpress.me\/index.php\/wp-json\/wp\/v2\/product\/34073","targetHints":{"allow":["GET"]}}],"collection":[{"href":"https:\/\/singuli.wpress.me\/index.php\/wp-json\/wp\/v2\/product"}],"about":[{"href":"https:\/\/singuli.wpress.me\/index.php\/wp-json\/wp\/v2\/types\/product"}],"version-history":[{"count":0,"href":"https:\/\/singuli.wpress.me\/index.php\/wp-json\/wp\/v2\/product\/34073\/revisions"}],"wp:featuredmedia":[{"embeddable":true,"href":"https:\/\/singuli.wpress.me\/index.php\/wp-json\/wp\/v2\/media\/34074"}],"wp:attachment":[{"href":"https:\/\/singuli.wpress.me\/index.php\/wp-json\/wp\/v2\/media?parent=34073"}],"wp:term":[{"taxonomy":"product_brand","embeddable":true,"href":"https:\/\/singuli.wpress.me\/index.php\/wp-json\/wp\/v2\/product_brand?post=34073"},{"taxonomy":"product_cat","embeddable":true,"href":"https:\/\/singuli.wpress.me\/index.php\/wp-json\/wp\/v2\/product_cat?post=34073"},{"taxonomy":"product_tag","embeddable":true,"href":"https:\/\/singuli.wpress.me\/index.php\/wp-json\/wp\/v2\/product_tag?post=34073"}],"curies":[{"name":"wp","href":"https:\/\/api.w.org\/{rel}","templated":true}]}}