{"id":34083,"date":"2026-04-17T13:39:00","date_gmt":"2026-04-17T13:39:00","guid":{"rendered":"https:\/\/singuli.wpress.me\/index.php\/proizvod\/lindor-mlijecna-cokolada-100-g\/"},"modified":"2026-04-21T00:26:40","modified_gmt":"2026-04-21T00:26:40","slug":"lindor-mlijecna-cokolada-100-g","status":"publish","type":"product","link":"https:\/\/singuli.wpress.me\/index.php\/proizvod\/lindor-mlijecna-cokolada-100-g\/","title":{"rendered":"LINDOR, mlije\u010dna \u010dokolada, 100\u00a0g"},"content":{"rendered":"<p>Lindt LINDOR Tablet Milk 100g je luksuzna plo\u010dica \u010dokolade od mlije\u010dne \u010dokolade, koja pru\u017ea neodoljivo iskustvo u\u017eivanja. Izra\u0111ena od najfinijih sastojaka, ova \u010dokolada s kremastim punjenjem pru\u017ea savr\u0161en balans izme\u0111u glatke teksture i bogatog okusa. LINDOR tablet od 100g sadr\u017ei \u010dokoladu koja se topi u ustima, stvaraju\u0107i trenutke \u010distog u\u017eitka. Proizvedena je od strane Lindtovih majstora \u010dokolatijera, koji koriste samo najbolje sastojke kako bi stvorili savr\u0161en proizvod. Ova plo\u010dica idealna je za ljubitelje mlije\u010dne \u010dokolade i savr\u0161en je poklon ili u\u017eitak za sebe.<\/p>\n<p>Mlije\u010dna \u010dokolada sadr\u017ei: kakaovi dijelovi 31% min. i suha tvar mlijeka 20% min.<\/p>\n","protected":false},"excerpt":{"rendered":"<p>Najfiniji kakao<br \/>\nKremasto punjenje<br \/>\nLindt kvaliteta najboljih sastojaka<\/p>\n","protected":false},"featured_media":34084,"template":"","meta":{"_seopress_robots_primary_cat":"","_seopress_titles_title":"","_seopress_titles_desc":"","_seopress_robots_index":"","iawp_total_views":0},"product_brand":[756],"product_cat":[261,277],"product_tag":[],"class_list":{"0":"post-34083","1":"product","2":"type-product","3":"status-publish","4":"has-post-thumbnail","6":"product_brand-lindor","7":"product_cat-hrana-i-pice","8":"product_cat-slatkisi-i-grickalice-261","10":"first","11":"instock","12":"shipping-taxable","13":"purchasable","14":"product-type-simple"},"_links":{"self":[{"href":"https:\/\/singuli.wpress.me\/index.php\/wp-json\/wp\/v2\/product\/34083","targetHints":{"allow":["GET"]}}],"collection":[{"href":"https:\/\/singuli.wpress.me\/index.php\/wp-json\/wp\/v2\/product"}],"about":[{"href":"https:\/\/singuli.wpress.me\/index.php\/wp-json\/wp\/v2\/types\/product"}],"version-history":[{"count":0,"href":"https:\/\/singuli.wpress.me\/index.php\/wp-json\/wp\/v2\/product\/34083\/revisions"}],"wp:featuredmedia":[{"embeddable":true,"href":"https:\/\/singuli.wpress.me\/index.php\/wp-json\/wp\/v2\/media\/34084"}],"wp:attachment":[{"href":"https:\/\/singuli.wpress.me\/index.php\/wp-json\/wp\/v2\/media?parent=34083"}],"wp:term":[{"taxonomy":"product_brand","embeddable":true,"href":"https:\/\/singuli.wpress.me\/index.php\/wp-json\/wp\/v2\/product_brand?post=34083"},{"taxonomy":"product_cat","embeddable":true,"href":"https:\/\/singuli.wpress.me\/index.php\/wp-json\/wp\/v2\/product_cat?post=34083"},{"taxonomy":"product_tag","embeddable":true,"href":"https:\/\/singuli.wpress.me\/index.php\/wp-json\/wp\/v2\/product_tag?post=34083"}],"curies":[{"name":"wp","href":"https:\/\/api.w.org\/{rel}","templated":true}]}}